{"id":882,"date":"2021-10-29T13:00:10","date_gmt":"2021-10-29T13:00:10","guid":{"rendered":"https:\/\/jamgo.coop\/qui-som\/"},"modified":"2022-03-24T16:33:05","modified_gmt":"2022-03-24T16:33:05","slug":"jamgo-cooperativa","status":"publish","type":"page","link":"https:\/\/jamgo.coop\/es\/jamgo-cooperativa\/","title":{"rendered":"Quienes somos"},"content":{"rendered":"","protected":false},"excerpt":{"rendered":"","protected":false},"author":1,"featured_media":1178,"parent":0,"menu_order":39,"comment_status":"closed","ping_status":"closed","template":"qui-som.php","meta":{"inline_featured_image":false,"footnotes":""},"acf":[],"yoast_head":"<!-- This site is optimized with the Yoast SEO plugin v21.4 - https:\/\/yoast.com\/wordpress\/plugins\/seo\/ -->\n<title>Cooperativa tecnol\u00f3gica, Jamgo | Software libre y cooperativismo<\/title>\n<meta name=\"description\" content=\"Somos una cooperativa tecnol\u00f3gica. Trabajamos con software libre. Queremos construir una tecnolog\u00eda m\u00e1s justa, accesible y libre.\" \/>\n<meta name=\"robots\" content=\"index, follow, max-snippet:-1, max-image-preview:large, max-video-preview:-1\" \/>\n<link rel=\"canonical\" href=\"https:\/\/jamgo.coop\/es\/jamgo-cooperativa\/\" \/>\n<meta property=\"og:locale\" content=\"es_ES\" \/>\n<meta property=\"og:type\" content=\"article\" \/>\n<meta property=\"og:title\" content=\"Cooperativa tecnol\u00f3gica, Jamgo | Software libre y cooperativismo\" \/>\n<meta property=\"og:description\" content=\"Somos una cooperativa tecnol\u00f3gica. Trabajamos con software libre. Queremos construir una tecnolog\u00eda m\u00e1s justa, accesible y libre.\" \/>\n<meta property=\"og:url\" content=\"https:\/\/jamgo.coop\/es\/jamgo-cooperativa\/\" \/>\n<meta property=\"og:site_name\" content=\"Jamgo\" \/>\n<meta property=\"article:modified_time\" content=\"2022-03-24T16:33:05+00:00\" \/>\n<meta property=\"og:image\" content=\"https:\/\/jamgo.coop\/wp-content\/uploads\/2022\/03\/equip_jamgo.png\" \/>\n\t<meta property=\"og:image:width\" content=\"1692\" \/>\n\t<meta property=\"og:image:height\" content=\"1047\" \/>\n\t<meta property=\"og:image:type\" content=\"image\/png\" \/>\n<meta name=\"twitter:card\" content=\"summary_large_image\" \/>\n<script type=\"application\/ld+json\" class=\"yoast-schema-graph\">{\"@context\":\"https:\/\/schema.org\",\"@graph\":[{\"@type\":\"WebPage\",\"@id\":\"https:\/\/jamgo.coop\/es\/jamgo-cooperativa\/\",\"url\":\"https:\/\/jamgo.coop\/es\/jamgo-cooperativa\/\",\"name\":\"Cooperativa tecnol\u00f3gica, Jamgo | Software libre y cooperativismo\",\"isPartOf\":{\"@id\":\"https:\/\/jamgo.coop\/#website\"},\"datePublished\":\"2021-10-29T13:00:10+00:00\",\"dateModified\":\"2022-03-24T16:33:05+00:00\",\"description\":\"Somos una cooperativa tecnol\u00f3gica. Trabajamos con software libre. Queremos construir una tecnolog\u00eda m\u00e1s justa, accesible y libre.\",\"breadcrumb\":{\"@id\":\"https:\/\/jamgo.coop\/es\/jamgo-cooperativa\/#breadcrumb\"},\"inLanguage\":\"es\",\"potentialAction\":[{\"@type\":\"ReadAction\",\"target\":[\"https:\/\/jamgo.coop\/es\/jamgo-cooperativa\/\"]}]},{\"@type\":\"BreadcrumbList\",\"@id\":\"https:\/\/jamgo.coop\/es\/jamgo-cooperativa\/#breadcrumb\",\"itemListElement\":[{\"@type\":\"ListItem\",\"position\":1,\"name\":\"Inici\",\"item\":\"https:\/\/jamgo.coop\/es\/\"},{\"@type\":\"ListItem\",\"position\":2,\"name\":\"Quienes somos\"}]},{\"@type\":\"WebSite\",\"@id\":\"https:\/\/jamgo.coop\/#website\",\"url\":\"https:\/\/jamgo.coop\/\",\"name\":\"Jamgo\",\"description\":\"Cooperativa tecnol\u00f3gica - Dise\u00f1amos y desarrollamos entornos web y aplicaciones avanzadas. Trabajamos por una tecnolog\u00eda transformadora y solidaria.\",\"potentialAction\":[{\"@type\":\"SearchAction\",\"target\":{\"@type\":\"EntryPoint\",\"urlTemplate\":\"https:\/\/jamgo.coop\/?s={search_term_string}\"},\"query-input\":\"required name=search_term_string\"}],\"inLanguage\":\"es\"}]}<\/script>\n<!-- \/ Yoast SEO plugin. -->","yoast_head_json":{"title":"Cooperativa tecnol\u00f3gica, Jamgo | Software libre y cooperativismo","description":"Somos una cooperativa tecnol\u00f3gica. Trabajamos con software libre. Queremos construir una tecnolog\u00eda m\u00e1s justa, accesible y libre.","robots":{"index":"index","follow":"follow","max-snippet":"max-snippet:-1","max-image-preview":"max-image-preview:large","max-video-preview":"max-video-preview:-1"},"canonical":"https:\/\/jamgo.coop\/es\/jamgo-cooperativa\/","og_locale":"es_ES","og_type":"article","og_title":"Cooperativa tecnol\u00f3gica, Jamgo | Software libre y cooperativismo","og_description":"Somos una cooperativa tecnol\u00f3gica. Trabajamos con software libre. Queremos construir una tecnolog\u00eda m\u00e1s justa, accesible y libre.","og_url":"https:\/\/jamgo.coop\/es\/jamgo-cooperativa\/","og_site_name":"Jamgo","article_modified_time":"2022-03-24T16:33:05+00:00","og_image":[{"width":1692,"height":1047,"url":"https:\/\/jamgo.coop\/wp-content\/uploads\/2022\/03\/equip_jamgo.png","type":"image\/png"}],"twitter_card":"summary_large_image","schema":{"@context":"https:\/\/schema.org","@graph":[{"@type":"WebPage","@id":"https:\/\/jamgo.coop\/es\/jamgo-cooperativa\/","url":"https:\/\/jamgo.coop\/es\/jamgo-cooperativa\/","name":"Cooperativa tecnol\u00f3gica, Jamgo | Software libre y cooperativismo","isPartOf":{"@id":"https:\/\/jamgo.coop\/#website"},"datePublished":"2021-10-29T13:00:10+00:00","dateModified":"2022-03-24T16:33:05+00:00","description":"Somos una cooperativa tecnol\u00f3gica. Trabajamos con software libre. Queremos construir una tecnolog\u00eda m\u00e1s justa, accesible y libre.","breadcrumb":{"@id":"https:\/\/jamgo.coop\/es\/jamgo-cooperativa\/#breadcrumb"},"inLanguage":"es","potentialAction":[{"@type":"ReadAction","target":["https:\/\/jamgo.coop\/es\/jamgo-cooperativa\/"]}]},{"@type":"BreadcrumbList","@id":"https:\/\/jamgo.coop\/es\/jamgo-cooperativa\/#breadcrumb","itemListElement":[{"@type":"ListItem","position":1,"name":"Inici","item":"https:\/\/jamgo.coop\/es\/"},{"@type":"ListItem","position":2,"name":"Quienes somos"}]},{"@type":"WebSite","@id":"https:\/\/jamgo.coop\/#website","url":"https:\/\/jamgo.coop\/","name":"Jamgo","description":"Cooperativa tecnol\u00f3gica - Dise\u00f1amos y desarrollamos entornos web y aplicaciones avanzadas. Trabajamos por una tecnolog\u00eda transformadora y solidaria.","potentialAction":[{"@type":"SearchAction","target":{"@type":"EntryPoint","urlTemplate":"https:\/\/jamgo.coop\/?s={search_term_string}"},"query-input":"required name=search_term_string"}],"inLanguage":"es"}]}},"_links":{"self":[{"href":"https:\/\/jamgo.coop\/es\/wp-json\/wp\/v2\/pages\/882"}],"collection":[{"href":"https:\/\/jamgo.coop\/es\/wp-json\/wp\/v2\/pages"}],"about":[{"href":"https:\/\/jamgo.coop\/es\/wp-json\/wp\/v2\/types\/page"}],"author":[{"embeddable":true,"href":"https:\/\/jamgo.coop\/es\/wp-json\/wp\/v2\/users\/1"}],"replies":[{"embeddable":true,"href":"https:\/\/jamgo.coop\/es\/wp-json\/wp\/v2\/comments?post=882"}],"version-history":[{"count":9,"href":"https:\/\/jamgo.coop\/es\/wp-json\/wp\/v2\/pages\/882\/revisions"}],"predecessor-version":[{"id":1448,"href":"https:\/\/jamgo.coop\/es\/wp-json\/wp\/v2\/pages\/882\/revisions\/1448"}],"wp:featuredmedia":[{"embeddable":true,"href":"https:\/\/jamgo.coop\/es\/wp-json\/wp\/v2\/media\/1178"}],"wp:attachment":[{"href":"https:\/\/jamgo.coop\/es\/wp-json\/wp\/v2\/media?parent=882"}],"curies":[{"name":"wp","href":"https:\/\/api.w.org\/{rel}","templated":true}]}}