{"id":291,"date":"2021-10-29T12:53:17","date_gmt":"2021-10-29T12:53:17","guid":{"rendered":"https:\/\/jamgo.coop\/?page_id=291"},"modified":"2023-04-14T12:14:24","modified_gmt":"2023-04-14T12:14:24","slug":"politica-de-privacidad","status":"publish","type":"page","link":"https:\/\/jamgo.coop\/es\/politica-de-privacidad\/","title":{"rendered":"Pol\u00edtica de privacidad"},"content":{"rendered":"\r\n<p>La presente Pol\u00edtica de Privacidad establece los t\u00e9rminos en los que https:\/\/jamgo.coop usa y protege la informaci\u00f3n que es proporcionada por sus usuarios en el momento de utilizar su sitio web. La informaci\u00f3n personal recogida a trav\u00e9s de la web https:\/\/jamgo.coop s\u00f3lo se utilizar\u00e1 de acuerdo con los t\u00e9rminos de este documento. Sin embargo, esa pol\u00edtica de privacidad puede cambiar con el tiempo o ser actualizada.<\/p>\r\n<p>&nbsp;<\/p>\r\n<p><strong>Responsable del tratamiento de tus datos personales<\/strong><br \/>\u2022 Identidad del responsable: Marta G\u00f3mez C\u00f3rcoles<br \/>\u2022 Nombre comercial: Jamgo SCCL<br \/>\u2022 CIF: F65533259<br \/>\u2022 Direcci\u00f3n: Riera d\u2019Escuder, 38 \u00b7 La Comunal, nau 3, planta 1 \u00b7 08028 Barcelona<br \/>\u2022 Correo electr\u00f3nico:\u00a0<a href=\"mailto:info@jamgo.coop\">info@jamgo.coop<\/a><br \/>\u2022 Actividad: Reponsable de comunicaci\u00f3n<\/p>\r\n<p>&nbsp;<\/p>\r\n<p><strong>Datos obtenidos<\/strong><br \/>Nuestro sitio web, a trav\u00e9s del formulario de contacto o de los correos electr\u00f3nicos puestos a disposici\u00f3n, podr\u00e1 recoger los datos personales que proporcione a trav\u00e9s de estos medios. Nuestro sitio web utiliza la informaci\u00f3n para proporcionar el mejor servicio posible, particularmente recogemos datos de contacto para poder responder a las demandas recibidas a trav\u00e9s de nuestro formulario web.<br \/>Derechos del usuario<br \/>Cualquier persona tiene derecho a obtener confirmaci\u00f3n sobre si Jamgo SCCL tiene almacenados sus datos.<br \/>Las personas interesadas tienen derecho a:<br \/>\u2022 Solicitar el acceso a los datos personales relativos al interesado.<br \/>\u2022 Solicitar la rectificaci\u00f3n o supresi\u00f3n.<br \/>\u2022 Solicitar la limitaci\u00f3n de su tratamiento.<br \/>\u2022 Oponerse al tratamiento.<br \/>\u2022 Solicitar la portabilidad de los datos.<br \/>Los interesados podr\u00e1n acceder a sus datos personales, as\u00ed como a solicitar la rectificaci\u00f3n de datos inexactos o, en su caso, a solicitar su supresi\u00f3n cuando, entre otros motivos, los datos ya no sean necesarios para a los fines que fueron recogidas.<\/p>\r\n<p>&nbsp;<\/p>\r\n<p><strong>Conservaci\u00f3n de los datos<\/strong><br \/>Los datos personales proporcionados se conservar\u00e1n:<br \/>\u2022 Mientras se mantenga la relaci\u00f3n mercantil.<br \/>\u2022 No se solicite su supresi\u00f3n por parte del interesado.<\/p>\r\n<p><br \/><strong>Pol\u00edtica de cookies<\/strong><br \/>Una cookie est\u00e1 a un archivo que se env\u00eda con el fin de solicitar permiso para ser almacenado en su ordenador. Al aceptar, este archivo se crea y la cookie sirve entonces para tener informaci\u00f3n respecto al tr\u00e1fico web, y tambi\u00e9n facilita las futuras visitas a una web recurrente. Nuestro sitio web utiliza cookies para poder identificar las p\u00e1ginas que son visitadas y su frecuencia. Esta informaci\u00f3n es utilizada \u00fanicamente para an\u00e1lisis estad\u00edstico y despu\u00e9s la informaci\u00f3n se elimina de forma permanente.<br \/>Usted puede eliminar las cookies en cualquier momento desde su ordenador. Usted puede aceptar o negar el uso de cookies, pero la mayor\u00eda de navegadores aceptan cookies autom\u00e1ticamente. Tambi\u00e9n usted puede cambiar la configuraci\u00f3n de su ordenador para declinar las cookies.<\/p>\r\n<p>&nbsp;<\/p>\r\n<p><strong>\u00bfQu\u00e9 son las galletas?<\/strong><br \/>Las cookies son archivos que el servidor web env\u00eda a tu equipo (PC, tablet, m\u00f3vil, etc.) para registrar su actividad en esta p\u00e1gina web. Las cookies s\u00f3lo recogen informaci\u00f3n estad\u00edstica y, por tanto, an\u00f3nima. Las cookies se asocian \u00fanicamente con el navegador y por esa raz\u00f3n tanto su identidad como usuario como los contenidos de su ordenador nos resultan completamente an\u00f3nimos. Las cookies no proporcionan datos personales.<\/p>\r\n<p><br \/><strong>Tipo de galletas<\/strong><br \/>Las cookies se pueden clasificar de diversas formas, las principales las indicamos a continuaci\u00f3n.<\/p>\r\n<p>Seg\u00fan la entidad que las gestione las galletas se dividen:<br \/>\u2022 Propias: son enviadas desde un equipo o web gestionado por el titular de la web.<br \/>\u2022 De terceros: son enviadas desde un equipo o web no gestionado por el titular de la web.<\/p>\r\n<p>Seg\u00fan su duraci\u00f3n, las cookies se dividen en:<br \/>\u2022 De sesi\u00f3n: se borran autom\u00e1ticamente cuando la usuaria cierra el navegador.<br \/>\u2022 Permanentes: se almacenan durante m\u00e1s tiempo en el navegador, incluso durante a\u00f1os.<br \/>Estas cookies se borran autom\u00e1ticamente cuando se cumple el objetivo para lo que sirven o manualmente.<\/p>\r\n<p>Seg\u00fan su finalidad, las cookies se dividen en:<br \/>\u2022 T\u00e9cnicas: son aquellas que resultan imprescindibles y estrictamente necesarias para el correcto funcionamiento de la web.<br \/>\u2022 De personalizaci\u00f3n: permiten mejorar la navegaci\u00f3n por la p\u00e1gina web con algunas caracter\u00edsticas de car\u00e1cter general (como idiomas).<br \/>\u2022 De an\u00e1lisis: permiten el seguimiento y an\u00e1lisis del comportamiento del usuario de los sitios web a los que est\u00e1n vinculadas con la finalidad de introducir mejoras en funci\u00f3n de los datos agregados.<br \/>\u2022 Publicitarias: Son aquellas que permiten la gesti\u00f3n, de la forma m\u00e1s eficaz posible, de los espacios publicitarios que, en su caso, el editor haya incluido en una p\u00e1gina web, aplicaci\u00f3n o plataforma desde la que presta el servicio solicitado en base a criterios como el contenido editado o la frecuencia en la que se muestran los anuncios.<\/p>\r\n<p>&nbsp;<\/p>\r\n<p><strong>\u00bfQu\u00e9 tipos de cookies utilizamos?<\/strong><br \/>Nombre de la cookie: pll_language, lang<br \/>Descripci\u00f3n: Esta cookie es propia de las herramientas con las que se ha desarrollado la web, guarda el idioma escogido en la navegaci\u00f3n.<br \/>Caduca al a\u00f1o desde su \u00faltima actualizaci\u00f3n.<br \/>Servidor desde el que se env\u00eda: jamgo.coop<br \/>Propio o de terceros: Propia<br \/>Finalidad: T\u00e9cnica<br \/>Fecha de caducidad: 12 meses<br \/>Excluida (del deber de la informaci\u00f3n y consentimiento)<\/p>\r\n<p>Nombre de la cookie: _ga<br \/>Descripci\u00f3n: Esta cookie se utiliza para hacer recuento de cu\u00e1ntas veces visita el sitio un usuario. Tambi\u00e9n registra cuando fue la primera y \u00faltima vez que visit\u00f3 la web. Caduca a los 2 a\u00f1os desde su \u00faltima actualizaci\u00f3n.<br \/>Servidor desde el que se env\u00eda: jamgo.coop<br \/>Propio o de terceros: Terceros<br \/>Finalidad: Anal\u00edticas<br \/>Fecha de caducidad: 24 meses<\/p>\r\n<p>Nombre de la cookie: _gid<br \/>Descripci\u00f3n: Esta cookie se utiliza para distinguir a los usuarios. Caduca las 24 horas.<br \/>Propio o de terceros: Terceros<br \/>Finalidad: Anal\u00edticas<br \/>Fecha de caducidad: 24 horas<\/p>\r\n<p><br \/><strong>\u00bfC\u00f3mo revocar y eliminar las cookies?<\/strong><br \/>Mediante la configuraci\u00f3n de las opciones del navegador puedes permitir, bloquear o eliminar las cookies instaladas en tu equipo.<\/p>\r\n","protected":false},"excerpt":{"rendered":"<p>La presente Pol\u00edtica de Privacidad establece los t\u00e9rminos en los que https:\/\/jamgo.coop usa y protege la informaci\u00f3n que es proporcionada por sus usuarios en el momento de utilizar su sitio web. La informaci\u00f3n personal recogida a trav\u00e9s de la web https:\/\/jamgo.coop s\u00f3lo se utilizar\u00e1 de\u2026<\/p>\n","protected":false},"author":1,"featured_media":0,"parent":0,"menu_order":43,"comment_status":"closed","ping_status":"open","template":"","meta":{"inline_featured_image":false,"footnotes":""},"acf":[],"yoast_head":"<!-- This site is optimized with the Yoast SEO plugin v21.4 - https:\/\/yoast.com\/wordpress\/plugins\/seo\/ -->\n<title>Pol\u00edtica de privacidad - Jamgo<\/title>\n<meta name=\"robots\" content=\"index, follow, max-snippet:-1, max-image-preview:large, max-video-preview:-1\" \/>\n<link rel=\"canonical\" href=\"https:\/\/jamgo.coop\/es\/politica-de-privacidad\/\" \/>\n<meta property=\"og:locale\" content=\"es_ES\" \/>\n<meta property=\"og:type\" content=\"article\" \/>\n<meta property=\"og:title\" content=\"Pol\u00edtica de privacidad - Jamgo\" \/>\n<meta property=\"og:description\" content=\"La presente Pol\u00edtica de Privacidad establece los t\u00e9rminos en los que https:\/\/jamgo.coop usa y protege la informaci\u00f3n que es proporcionada por sus usuarios en el momento de utilizar su sitio web. La informaci\u00f3n personal recogida a trav\u00e9s de la web https:\/\/jamgo.coop s\u00f3lo se utilizar\u00e1 de\u2026\" \/>\n<meta property=\"og:url\" content=\"https:\/\/jamgo.coop\/es\/politica-de-privacidad\/\" \/>\n<meta property=\"og:site_name\" content=\"Jamgo\" \/>\n<meta property=\"article:modified_time\" content=\"2023-04-14T12:14:24+00:00\" \/>\n<meta name=\"twitter:card\" content=\"summary_large_image\" \/>\n<meta name=\"twitter:label1\" content=\"Tiempo de lectura\" \/>\n\t<meta name=\"twitter:data1\" content=\"6 minutos\" \/>\n<script type=\"application\/ld+json\" class=\"yoast-schema-graph\">{\"@context\":\"https:\/\/schema.org\",\"@graph\":[{\"@type\":\"WebPage\",\"@id\":\"https:\/\/jamgo.coop\/es\/politica-de-privacidad\/\",\"url\":\"https:\/\/jamgo.coop\/es\/politica-de-privacidad\/\",\"name\":\"Pol\u00edtica de privacidad - Jamgo\",\"isPartOf\":{\"@id\":\"https:\/\/jamgo.coop\/#website\"},\"datePublished\":\"2021-10-29T12:53:17+00:00\",\"dateModified\":\"2023-04-14T12:14:24+00:00\",\"breadcrumb\":{\"@id\":\"https:\/\/jamgo.coop\/es\/politica-de-privacidad\/#breadcrumb\"},\"inLanguage\":\"es\",\"potentialAction\":[{\"@type\":\"ReadAction\",\"target\":[\"https:\/\/jamgo.coop\/es\/politica-de-privacidad\/\"]}]},{\"@type\":\"BreadcrumbList\",\"@id\":\"https:\/\/jamgo.coop\/es\/politica-de-privacidad\/#breadcrumb\",\"itemListElement\":[{\"@type\":\"ListItem\",\"position\":1,\"name\":\"Inici\",\"item\":\"https:\/\/jamgo.coop\/es\/\"},{\"@type\":\"ListItem\",\"position\":2,\"name\":\"Pol\u00edtica de privacidad\"}]},{\"@type\":\"WebSite\",\"@id\":\"https:\/\/jamgo.coop\/#website\",\"url\":\"https:\/\/jamgo.coop\/\",\"name\":\"Jamgo\",\"description\":\"Cooperativa tecnol\u00f3gica - Dise\u00f1amos y desarrollamos entornos web y aplicaciones avanzadas. Trabajamos por una tecnolog\u00eda transformadora y solidaria.\",\"potentialAction\":[{\"@type\":\"SearchAction\",\"target\":{\"@type\":\"EntryPoint\",\"urlTemplate\":\"https:\/\/jamgo.coop\/?s={search_term_string}\"},\"query-input\":\"required name=search_term_string\"}],\"inLanguage\":\"es\"}]}<\/script>\n<!-- \/ Yoast SEO plugin. -->","yoast_head_json":{"title":"Pol\u00edtica de privacidad - Jamgo","robots":{"index":"index","follow":"follow","max-snippet":"max-snippet:-1","max-image-preview":"max-image-preview:large","max-video-preview":"max-video-preview:-1"},"canonical":"https:\/\/jamgo.coop\/es\/politica-de-privacidad\/","og_locale":"es_ES","og_type":"article","og_title":"Pol\u00edtica de privacidad - Jamgo","og_description":"La presente Pol\u00edtica de Privacidad establece los t\u00e9rminos en los que https:\/\/jamgo.coop usa y protege la informaci\u00f3n que es proporcionada por sus usuarios en el momento de utilizar su sitio web. La informaci\u00f3n personal recogida a trav\u00e9s de la web https:\/\/jamgo.coop s\u00f3lo se utilizar\u00e1 de\u2026","og_url":"https:\/\/jamgo.coop\/es\/politica-de-privacidad\/","og_site_name":"Jamgo","article_modified_time":"2023-04-14T12:14:24+00:00","twitter_card":"summary_large_image","twitter_misc":{"Tiempo de lectura":"6 minutos"},"schema":{"@context":"https:\/\/schema.org","@graph":[{"@type":"WebPage","@id":"https:\/\/jamgo.coop\/es\/politica-de-privacidad\/","url":"https:\/\/jamgo.coop\/es\/politica-de-privacidad\/","name":"Pol\u00edtica de privacidad - Jamgo","isPartOf":{"@id":"https:\/\/jamgo.coop\/#website"},"datePublished":"2021-10-29T12:53:17+00:00","dateModified":"2023-04-14T12:14:24+00:00","breadcrumb":{"@id":"https:\/\/jamgo.coop\/es\/politica-de-privacidad\/#breadcrumb"},"inLanguage":"es","potentialAction":[{"@type":"ReadAction","target":["https:\/\/jamgo.coop\/es\/politica-de-privacidad\/"]}]},{"@type":"BreadcrumbList","@id":"https:\/\/jamgo.coop\/es\/politica-de-privacidad\/#breadcrumb","itemListElement":[{"@type":"ListItem","position":1,"name":"Inici","item":"https:\/\/jamgo.coop\/es\/"},{"@type":"ListItem","position":2,"name":"Pol\u00edtica de privacidad"}]},{"@type":"WebSite","@id":"https:\/\/jamgo.coop\/#website","url":"https:\/\/jamgo.coop\/","name":"Jamgo","description":"Cooperativa tecnol\u00f3gica - Dise\u00f1amos y desarrollamos entornos web y aplicaciones avanzadas. Trabajamos por una tecnolog\u00eda transformadora y solidaria.","potentialAction":[{"@type":"SearchAction","target":{"@type":"EntryPoint","urlTemplate":"https:\/\/jamgo.coop\/?s={search_term_string}"},"query-input":"required name=search_term_string"}],"inLanguage":"es"}]}},"_links":{"self":[{"href":"https:\/\/jamgo.coop\/es\/wp-json\/wp\/v2\/pages\/291"}],"collection":[{"href":"https:\/\/jamgo.coop\/es\/wp-json\/wp\/v2\/pages"}],"about":[{"href":"https:\/\/jamgo.coop\/es\/wp-json\/wp\/v2\/types\/page"}],"author":[{"embeddable":true,"href":"https:\/\/jamgo.coop\/es\/wp-json\/wp\/v2\/users\/1"}],"replies":[{"embeddable":true,"href":"https:\/\/jamgo.coop\/es\/wp-json\/wp\/v2\/comments?post=291"}],"version-history":[{"count":5,"href":"https:\/\/jamgo.coop\/es\/wp-json\/wp\/v2\/pages\/291\/revisions"}],"predecessor-version":[{"id":6829,"href":"https:\/\/jamgo.coop\/es\/wp-json\/wp\/v2\/pages\/291\/revisions\/6829"}],"wp:attachment":[{"href":"https:\/\/jamgo.coop\/es\/wp-json\/wp\/v2\/media?parent=291"}],"curies":[{"name":"wp","href":"https:\/\/api.w.org\/{rel}","templated":true}]}}