{"id":225,"date":"2021-10-29T12:57:57","date_gmt":"2021-10-29T12:57:57","guid":{"rendered":"https:\/\/jamgo.coop\/?page_id=225"},"modified":"2024-06-07T09:37:11","modified_gmt":"2024-06-07T09:37:11","slug":"home-2","status":"publish","type":"page","link":"https:\/\/jamgo.coop\/es\/","title":{"rendered":"Home"},"content":{"rendered":"","protected":false},"excerpt":{"rendered":"","protected":false},"author":1,"featured_media":27,"parent":0,"menu_order":36,"comment_status":"closed","ping_status":"closed","template":"","meta":{"inline_featured_image":false,"footnotes":""},"acf":[],"yoast_head":"<!-- This site is optimized with the Yoast SEO plugin v21.4 - https:\/\/yoast.com\/wordpress\/plugins\/seo\/ -->\n<title>Home - Jamgo<\/title>\n<meta name=\"robots\" content=\"index, follow, max-snippet:-1, max-image-preview:large, max-video-preview:-1\" \/>\n<link rel=\"canonical\" href=\"https:\/\/jamgo.coop\/es\/\" \/>\n<meta property=\"og:locale\" content=\"es_ES\" \/>\n<meta property=\"og:type\" content=\"article\" \/>\n<meta property=\"og:title\" content=\"Home - Jamgo\" \/>\n<meta property=\"og:url\" content=\"https:\/\/jamgo.coop\/es\/\" \/>\n<meta property=\"og:site_name\" content=\"Jamgo\" \/>\n<meta property=\"article:modified_time\" content=\"2024-06-07T09:37:11+00:00\" \/>\n<meta property=\"og:image\" content=\"https:\/\/jamgo.coop\/wp-content\/uploads\/2021\/10\/logo-jamgo-stone.png\" \/>\n\t<meta property=\"og:image:width\" content=\"425\" \/>\n\t<meta property=\"og:image:height\" content=\"191\" \/>\n\t<meta property=\"og:image:type\" content=\"image\/png\" \/>\n<meta name=\"twitter:card\" content=\"summary_large_image\" \/>\n<script type=\"application\/ld+json\" class=\"yoast-schema-graph\">{\"@context\":\"https:\/\/schema.org\",\"@graph\":[{\"@type\":\"WebPage\",\"@id\":\"https:\/\/jamgo.coop\/es\/\",\"url\":\"https:\/\/jamgo.coop\/es\/\",\"name\":\"Home - Jamgo\",\"isPartOf\":{\"@id\":\"https:\/\/jamgo.coop\/#website\"},\"datePublished\":\"2021-10-29T12:57:57+00:00\",\"dateModified\":\"2024-06-07T09:37:11+00:00\",\"breadcrumb\":{\"@id\":\"https:\/\/jamgo.coop\/es\/#breadcrumb\"},\"inLanguage\":\"es\",\"potentialAction\":[{\"@type\":\"ReadAction\",\"target\":[\"https:\/\/jamgo.coop\/es\/\"]}]},{\"@type\":\"BreadcrumbList\",\"@id\":\"https:\/\/jamgo.coop\/es\/#breadcrumb\",\"itemListElement\":[{\"@type\":\"ListItem\",\"position\":1,\"name\":\"Inici\",\"item\":\"https:\/\/jamgo.coop\/es\/\"},{\"@type\":\"ListItem\",\"position\":2,\"name\":\"Home\"}]},{\"@type\":\"WebSite\",\"@id\":\"https:\/\/jamgo.coop\/#website\",\"url\":\"https:\/\/jamgo.coop\/\",\"name\":\"Jamgo\",\"description\":\"Cooperativa tecnol\u00f3gica - Dise\u00f1amos y desarrollamos entornos web y aplicaciones avanzadas. Trabajamos por una tecnolog\u00eda transformadora y solidaria.\",\"potentialAction\":[{\"@type\":\"SearchAction\",\"target\":{\"@type\":\"EntryPoint\",\"urlTemplate\":\"https:\/\/jamgo.coop\/?s={search_term_string}\"},\"query-input\":\"required name=search_term_string\"}],\"inLanguage\":\"es\"}]}<\/script>\n<!-- \/ Yoast SEO plugin. -->","yoast_head_json":{"title":"Home - Jamgo","robots":{"index":"index","follow":"follow","max-snippet":"max-snippet:-1","max-image-preview":"max-image-preview:large","max-video-preview":"max-video-preview:-1"},"canonical":"https:\/\/jamgo.coop\/es\/","og_locale":"es_ES","og_type":"article","og_title":"Home - Jamgo","og_url":"https:\/\/jamgo.coop\/es\/","og_site_name":"Jamgo","article_modified_time":"2024-06-07T09:37:11+00:00","og_image":[{"width":425,"height":191,"url":"https:\/\/jamgo.coop\/wp-content\/uploads\/2021\/10\/logo-jamgo-stone.png","type":"image\/png"}],"twitter_card":"summary_large_image","schema":{"@context":"https:\/\/schema.org","@graph":[{"@type":"WebPage","@id":"https:\/\/jamgo.coop\/es\/","url":"https:\/\/jamgo.coop\/es\/","name":"Home - Jamgo","isPartOf":{"@id":"https:\/\/jamgo.coop\/#website"},"datePublished":"2021-10-29T12:57:57+00:00","dateModified":"2024-06-07T09:37:11+00:00","breadcrumb":{"@id":"https:\/\/jamgo.coop\/es\/#breadcrumb"},"inLanguage":"es","potentialAction":[{"@type":"ReadAction","target":["https:\/\/jamgo.coop\/es\/"]}]},{"@type":"BreadcrumbList","@id":"https:\/\/jamgo.coop\/es\/#breadcrumb","itemListElement":[{"@type":"ListItem","position":1,"name":"Inici","item":"https:\/\/jamgo.coop\/es\/"},{"@type":"ListItem","position":2,"name":"Home"}]},{"@type":"WebSite","@id":"https:\/\/jamgo.coop\/#website","url":"https:\/\/jamgo.coop\/","name":"Jamgo","description":"Cooperativa tecnol\u00f3gica - Dise\u00f1amos y desarrollamos entornos web y aplicaciones avanzadas. Trabajamos por una tecnolog\u00eda transformadora y solidaria.","potentialAction":[{"@type":"SearchAction","target":{"@type":"EntryPoint","urlTemplate":"https:\/\/jamgo.coop\/?s={search_term_string}"},"query-input":"required name=search_term_string"}],"inLanguage":"es"}]}},"_links":{"self":[{"href":"https:\/\/jamgo.coop\/es\/wp-json\/wp\/v2\/pages\/225"}],"collection":[{"href":"https:\/\/jamgo.coop\/es\/wp-json\/wp\/v2\/pages"}],"about":[{"href":"https:\/\/jamgo.coop\/es\/wp-json\/wp\/v2\/types\/page"}],"author":[{"embeddable":true,"href":"https:\/\/jamgo.coop\/es\/wp-json\/wp\/v2\/users\/1"}],"replies":[{"embeddable":true,"href":"https:\/\/jamgo.coop\/es\/wp-json\/wp\/v2\/comments?post=225"}],"version-history":[{"count":5,"href":"https:\/\/jamgo.coop\/es\/wp-json\/wp\/v2\/pages\/225\/revisions"}],"predecessor-version":[{"id":9283,"href":"https:\/\/jamgo.coop\/es\/wp-json\/wp\/v2\/pages\/225\/revisions\/9283"}],"wp:featuredmedia":[{"embeddable":true,"href":"https:\/\/jamgo.coop\/es\/wp-json\/wp\/v2\/media\/27"}],"wp:attachment":[{"href":"https:\/\/jamgo.coop\/es\/wp-json\/wp\/v2\/media?parent=225"}],"curies":[{"name":"wp","href":"https:\/\/api.w.org\/{rel}","templated":true}]}}