{"id":1899,"date":"2021-10-29T12:59:11","date_gmt":"2021-10-29T12:59:11","guid":{"rendered":"https:\/\/jamgo.coop\/software-a-mida\/"},"modified":"2022-05-20T09:46:37","modified_gmt":"2022-05-20T09:46:37","slug":"software-a-medida","status":"publish","type":"page","link":"https:\/\/jamgo.coop\/es\/software-a-medida\/","title":{"rendered":"Servicios"},"content":{"rendered":"<p>En Jamgo dise\u00f1amos y desarrollamos software a medida. Desde aplicaciones inform\u00e1ticas avanzadas a p\u00e1ginas web, pensadas para las necesidades de nuestros clientes. Trabajamos con tecnolog\u00edas de software libre, que favorecen la creaci\u00f3n de proyectos colectivos y prescinden de licencias privativas que s\u00f3lo benefician a unos pocos. Para Jamgo es uno de los caminos para construir, entre todas, una tecnolog\u00eda m\u00e1s justa, accesible, horizontal y libre, al servicio de la sociedad.<\/p>\n","protected":false},"excerpt":{"rendered":"<p>En Jamgo dise\u00f1amos y desarrollamos software a medida. Desde aplicaciones inform\u00e1ticas avanzadas a p\u00e1ginas web, pensadas para las necesidades de nuestros clientes. Trabajamos con tecnolog\u00edas de software libre, que favorecen la creaci\u00f3n de proyectos colectivos y prescinden de licencias privativas que s\u00f3lo benefician a unos\u2026<\/p>\n","protected":false},"author":1,"featured_media":0,"parent":0,"menu_order":46,"comment_status":"closed","ping_status":"closed","template":"serveis.php","meta":{"inline_featured_image":false,"footnotes":""},"acf":[],"yoast_head":"<!-- This site is optimized with the Yoast SEO plugin v21.4 - https:\/\/yoast.com\/wordpress\/plugins\/seo\/ -->\n<title>Software a mida | Desenvolupament web i app | Disseny web | Jamgo<\/title>\n<meta name=\"description\" content=\"Desenvolupem software a mida: backoffice, desenvolupament web i app, disseny web, posicionament web, formaci\u00f3 tecnol\u00f2gica. Contacta Jamgo!\" \/>\n<meta name=\"robots\" content=\"index, follow, max-snippet:-1, max-image-preview:large, max-video-preview:-1\" \/>\n<link rel=\"canonical\" href=\"https:\/\/jamgo.coop\/es\/software-a-medida\/\" \/>\n<meta property=\"og:locale\" content=\"es_ES\" \/>\n<meta property=\"og:type\" content=\"article\" \/>\n<meta property=\"og:title\" content=\"Software a mida | Desenvolupament web i app | Disseny web | Jamgo\" \/>\n<meta property=\"og:description\" content=\"Desenvolupem software a mida: backoffice, desenvolupament web i app, disseny web, posicionament web, formaci\u00f3 tecnol\u00f2gica. Contacta Jamgo!\" \/>\n<meta property=\"og:url\" content=\"https:\/\/jamgo.coop\/es\/software-a-medida\/\" \/>\n<meta property=\"og:site_name\" content=\"Jamgo\" \/>\n<meta property=\"article:modified_time\" content=\"2022-05-20T09:46:37+00:00\" \/>\n<meta name=\"twitter:card\" content=\"summary_large_image\" \/>\n<meta name=\"twitter:label1\" content=\"Tiempo de lectura\" \/>\n\t<meta name=\"twitter:data1\" content=\"1 minuto\" \/>\n<script type=\"application\/ld+json\" class=\"yoast-schema-graph\">{\"@context\":\"https:\/\/schema.org\",\"@graph\":[{\"@type\":\"WebPage\",\"@id\":\"https:\/\/jamgo.coop\/es\/software-a-medida\/\",\"url\":\"https:\/\/jamgo.coop\/es\/software-a-medida\/\",\"name\":\"Software a mida | Desenvolupament web i app | Disseny web | Jamgo\",\"isPartOf\":{\"@id\":\"https:\/\/jamgo.coop\/#website\"},\"datePublished\":\"2021-10-29T12:59:11+00:00\",\"dateModified\":\"2022-05-20T09:46:37+00:00\",\"description\":\"Desenvolupem software a mida: backoffice, desenvolupament web i app, disseny web, posicionament web, formaci\u00f3 tecnol\u00f2gica. Contacta Jamgo!\",\"breadcrumb\":{\"@id\":\"https:\/\/jamgo.coop\/es\/software-a-medida\/#breadcrumb\"},\"inLanguage\":\"es\",\"potentialAction\":[{\"@type\":\"ReadAction\",\"target\":[\"https:\/\/jamgo.coop\/es\/software-a-medida\/\"]}]},{\"@type\":\"BreadcrumbList\",\"@id\":\"https:\/\/jamgo.coop\/es\/software-a-medida\/#breadcrumb\",\"itemListElement\":[{\"@type\":\"ListItem\",\"position\":1,\"name\":\"Inici\",\"item\":\"https:\/\/jamgo.coop\/es\/\"},{\"@type\":\"ListItem\",\"position\":2,\"name\":\"Servicios\"}]},{\"@type\":\"WebSite\",\"@id\":\"https:\/\/jamgo.coop\/#website\",\"url\":\"https:\/\/jamgo.coop\/\",\"name\":\"Jamgo\",\"description\":\"Cooperativa tecnol\u00f3gica - Dise\u00f1amos y desarrollamos entornos web y aplicaciones avanzadas. Trabajamos por una tecnolog\u00eda transformadora y solidaria.\",\"potentialAction\":[{\"@type\":\"SearchAction\",\"target\":{\"@type\":\"EntryPoint\",\"urlTemplate\":\"https:\/\/jamgo.coop\/?s={search_term_string}\"},\"query-input\":\"required name=search_term_string\"}],\"inLanguage\":\"es\"}]}<\/script>\n<!-- \/ Yoast SEO plugin. -->","yoast_head_json":{"title":"Software a mida | Desenvolupament web i app | Disseny web | Jamgo","description":"Desenvolupem software a mida: backoffice, desenvolupament web i app, disseny web, posicionament web, formaci\u00f3 tecnol\u00f2gica. Contacta Jamgo!","robots":{"index":"index","follow":"follow","max-snippet":"max-snippet:-1","max-image-preview":"max-image-preview:large","max-video-preview":"max-video-preview:-1"},"canonical":"https:\/\/jamgo.coop\/es\/software-a-medida\/","og_locale":"es_ES","og_type":"article","og_title":"Software a mida | Desenvolupament web i app | Disseny web | Jamgo","og_description":"Desenvolupem software a mida: backoffice, desenvolupament web i app, disseny web, posicionament web, formaci\u00f3 tecnol\u00f2gica. Contacta Jamgo!","og_url":"https:\/\/jamgo.coop\/es\/software-a-medida\/","og_site_name":"Jamgo","article_modified_time":"2022-05-20T09:46:37+00:00","twitter_card":"summary_large_image","twitter_misc":{"Tiempo de lectura":"1 minuto"},"schema":{"@context":"https:\/\/schema.org","@graph":[{"@type":"WebPage","@id":"https:\/\/jamgo.coop\/es\/software-a-medida\/","url":"https:\/\/jamgo.coop\/es\/software-a-medida\/","name":"Software a mida | Desenvolupament web i app | Disseny web | Jamgo","isPartOf":{"@id":"https:\/\/jamgo.coop\/#website"},"datePublished":"2021-10-29T12:59:11+00:00","dateModified":"2022-05-20T09:46:37+00:00","description":"Desenvolupem software a mida: backoffice, desenvolupament web i app, disseny web, posicionament web, formaci\u00f3 tecnol\u00f2gica. Contacta Jamgo!","breadcrumb":{"@id":"https:\/\/jamgo.coop\/es\/software-a-medida\/#breadcrumb"},"inLanguage":"es","potentialAction":[{"@type":"ReadAction","target":["https:\/\/jamgo.coop\/es\/software-a-medida\/"]}]},{"@type":"BreadcrumbList","@id":"https:\/\/jamgo.coop\/es\/software-a-medida\/#breadcrumb","itemListElement":[{"@type":"ListItem","position":1,"name":"Inici","item":"https:\/\/jamgo.coop\/es\/"},{"@type":"ListItem","position":2,"name":"Servicios"}]},{"@type":"WebSite","@id":"https:\/\/jamgo.coop\/#website","url":"https:\/\/jamgo.coop\/","name":"Jamgo","description":"Cooperativa tecnol\u00f3gica - Dise\u00f1amos y desarrollamos entornos web y aplicaciones avanzadas. Trabajamos por una tecnolog\u00eda transformadora y solidaria.","potentialAction":[{"@type":"SearchAction","target":{"@type":"EntryPoint","urlTemplate":"https:\/\/jamgo.coop\/?s={search_term_string}"},"query-input":"required name=search_term_string"}],"inLanguage":"es"}]}},"_links":{"self":[{"href":"https:\/\/jamgo.coop\/es\/wp-json\/wp\/v2\/pages\/1899"}],"collection":[{"href":"https:\/\/jamgo.coop\/es\/wp-json\/wp\/v2\/pages"}],"about":[{"href":"https:\/\/jamgo.coop\/es\/wp-json\/wp\/v2\/types\/page"}],"author":[{"embeddable":true,"href":"https:\/\/jamgo.coop\/es\/wp-json\/wp\/v2\/users\/1"}],"replies":[{"embeddable":true,"href":"https:\/\/jamgo.coop\/es\/wp-json\/wp\/v2\/comments?post=1899"}],"version-history":[{"count":1,"href":"https:\/\/jamgo.coop\/es\/wp-json\/wp\/v2\/pages\/1899\/revisions"}],"predecessor-version":[{"id":1900,"href":"https:\/\/jamgo.coop\/es\/wp-json\/wp\/v2\/pages\/1899\/revisions\/1900"}],"wp:attachment":[{"href":"https:\/\/jamgo.coop\/es\/wp-json\/wp\/v2\/media?parent=1899"}],"curies":[{"name":"wp","href":"https:\/\/api.w.org\/{rel}","templated":true}]}}