{"id":1065,"date":"2021-12-01T14:22:23","date_gmt":"2021-12-01T14:22:23","guid":{"rendered":"https:\/\/jamgo.coop\/faq\/"},"modified":"2022-03-24T10:11:11","modified_gmt":"2022-03-24T10:11:11","slug":"jamgo-cooperativa-preguntas-frecuentes","status":"publish","type":"page","link":"https:\/\/jamgo.coop\/es\/jamgo-cooperativa-preguntas-frecuentes\/","title":{"rendered":"FAQ"},"content":{"rendered":"<p>\u00bfTienes dudas sobre nuestro proyecto? Te explicamos qu\u00e9 es una cooperativa tecnol\u00f3gica y qu\u00e9 nos hace diferentes respondiendo a las preguntas que m\u00e1s nos hemos encontrado a lo largo de los a\u00f1os.<\/p>\n","protected":false},"excerpt":{"rendered":"<p>\u00bfTienes dudas sobre nuestro proyecto? Te explicamos qu\u00e9 es una cooperativa tecnol\u00f3gica y qu\u00e9 nos hace diferentes respondiendo a las preguntas que m\u00e1s nos hemos encontrado a lo largo de los a\u00f1os.<\/p>\n","protected":false},"author":1,"featured_media":0,"parent":0,"menu_order":29,"comment_status":"closed","ping_status":"closed","template":"faq.php","meta":{"inline_featured_image":false,"footnotes":""},"acf":[],"yoast_head":"<!-- This site is optimized with the Yoast SEO plugin v21.4 - https:\/\/yoast.com\/wordpress\/plugins\/seo\/ -->\n<title>Jamgo cooperativa tecnol\u00f3gica | Preguntas frecuentes<\/title>\n<meta name=\"description\" content=\"Descubre qu\u00e9 es una cooperativa tecnol\u00f3gica, c\u00f3mo calculamos el precio de un proyecto tecnol\u00f3gico, qu\u00e9 es la tecnolog\u00eda sostenible.\" \/>\n<meta name=\"robots\" content=\"index, follow, max-snippet:-1, max-image-preview:large, max-video-preview:-1\" \/>\n<link rel=\"canonical\" href=\"https:\/\/jamgo.coop\/es\/jamgo-cooperativa-preguntas-frecuentes\/\" \/>\n<meta property=\"og:locale\" content=\"es_ES\" \/>\n<meta property=\"og:type\" content=\"article\" \/>\n<meta property=\"og:title\" content=\"Jamgo cooperativa tecnol\u00f3gica | Preguntas frecuentes\" \/>\n<meta property=\"og:description\" content=\"Descubre qu\u00e9 es una cooperativa tecnol\u00f3gica, c\u00f3mo calculamos el precio de un proyecto tecnol\u00f3gico, qu\u00e9 es la tecnolog\u00eda sostenible.\" \/>\n<meta property=\"og:url\" content=\"https:\/\/jamgo.coop\/es\/jamgo-cooperativa-preguntas-frecuentes\/\" \/>\n<meta property=\"og:site_name\" content=\"Jamgo\" \/>\n<meta property=\"article:modified_time\" content=\"2022-03-24T10:11:11+00:00\" \/>\n<meta name=\"twitter:card\" content=\"summary_large_image\" \/>\n<meta name=\"twitter:label1\" content=\"Tiempo de lectura\" \/>\n\t<meta name=\"twitter:data1\" content=\"1 minuto\" \/>\n<script type=\"application\/ld+json\" class=\"yoast-schema-graph\">{\"@context\":\"https:\/\/schema.org\",\"@graph\":[{\"@type\":\"WebPage\",\"@id\":\"https:\/\/jamgo.coop\/es\/jamgo-cooperativa-preguntas-frecuentes\/\",\"url\":\"https:\/\/jamgo.coop\/es\/jamgo-cooperativa-preguntas-frecuentes\/\",\"name\":\"Jamgo cooperativa tecnol\u00f3gica | Preguntas frecuentes\",\"isPartOf\":{\"@id\":\"https:\/\/jamgo.coop\/#website\"},\"datePublished\":\"2021-12-01T14:22:23+00:00\",\"dateModified\":\"2022-03-24T10:11:11+00:00\",\"description\":\"Descubre qu\u00e9 es una cooperativa tecnol\u00f3gica, c\u00f3mo calculamos el precio de un proyecto tecnol\u00f3gico, qu\u00e9 es la tecnolog\u00eda sostenible.\",\"breadcrumb\":{\"@id\":\"https:\/\/jamgo.coop\/es\/jamgo-cooperativa-preguntas-frecuentes\/#breadcrumb\"},\"inLanguage\":\"es\",\"potentialAction\":[{\"@type\":\"ReadAction\",\"target\":[\"https:\/\/jamgo.coop\/es\/jamgo-cooperativa-preguntas-frecuentes\/\"]}]},{\"@type\":\"BreadcrumbList\",\"@id\":\"https:\/\/jamgo.coop\/es\/jamgo-cooperativa-preguntas-frecuentes\/#breadcrumb\",\"itemListElement\":[{\"@type\":\"ListItem\",\"position\":1,\"name\":\"Inici\",\"item\":\"https:\/\/jamgo.coop\/es\/\"},{\"@type\":\"ListItem\",\"position\":2,\"name\":\"FAQ\"}]},{\"@type\":\"WebSite\",\"@id\":\"https:\/\/jamgo.coop\/#website\",\"url\":\"https:\/\/jamgo.coop\/\",\"name\":\"Jamgo\",\"description\":\"Cooperativa tecnol\u00f3gica - Dise\u00f1amos y desarrollamos entornos web y aplicaciones avanzadas. Trabajamos por una tecnolog\u00eda transformadora y solidaria.\",\"potentialAction\":[{\"@type\":\"SearchAction\",\"target\":{\"@type\":\"EntryPoint\",\"urlTemplate\":\"https:\/\/jamgo.coop\/?s={search_term_string}\"},\"query-input\":\"required name=search_term_string\"}],\"inLanguage\":\"es\"}]}<\/script>\n<!-- \/ Yoast SEO plugin. -->","yoast_head_json":{"title":"Jamgo cooperativa tecnol\u00f3gica | Preguntas frecuentes","description":"Descubre qu\u00e9 es una cooperativa tecnol\u00f3gica, c\u00f3mo calculamos el precio de un proyecto tecnol\u00f3gico, qu\u00e9 es la tecnolog\u00eda sostenible.","robots":{"index":"index","follow":"follow","max-snippet":"max-snippet:-1","max-image-preview":"max-image-preview:large","max-video-preview":"max-video-preview:-1"},"canonical":"https:\/\/jamgo.coop\/es\/jamgo-cooperativa-preguntas-frecuentes\/","og_locale":"es_ES","og_type":"article","og_title":"Jamgo cooperativa tecnol\u00f3gica | Preguntas frecuentes","og_description":"Descubre qu\u00e9 es una cooperativa tecnol\u00f3gica, c\u00f3mo calculamos el precio de un proyecto tecnol\u00f3gico, qu\u00e9 es la tecnolog\u00eda sostenible.","og_url":"https:\/\/jamgo.coop\/es\/jamgo-cooperativa-preguntas-frecuentes\/","og_site_name":"Jamgo","article_modified_time":"2022-03-24T10:11:11+00:00","twitter_card":"summary_large_image","twitter_misc":{"Tiempo de lectura":"1 minuto"},"schema":{"@context":"https:\/\/schema.org","@graph":[{"@type":"WebPage","@id":"https:\/\/jamgo.coop\/es\/jamgo-cooperativa-preguntas-frecuentes\/","url":"https:\/\/jamgo.coop\/es\/jamgo-cooperativa-preguntas-frecuentes\/","name":"Jamgo cooperativa tecnol\u00f3gica | Preguntas frecuentes","isPartOf":{"@id":"https:\/\/jamgo.coop\/#website"},"datePublished":"2021-12-01T14:22:23+00:00","dateModified":"2022-03-24T10:11:11+00:00","description":"Descubre qu\u00e9 es una cooperativa tecnol\u00f3gica, c\u00f3mo calculamos el precio de un proyecto tecnol\u00f3gico, qu\u00e9 es la tecnolog\u00eda sostenible.","breadcrumb":{"@id":"https:\/\/jamgo.coop\/es\/jamgo-cooperativa-preguntas-frecuentes\/#breadcrumb"},"inLanguage":"es","potentialAction":[{"@type":"ReadAction","target":["https:\/\/jamgo.coop\/es\/jamgo-cooperativa-preguntas-frecuentes\/"]}]},{"@type":"BreadcrumbList","@id":"https:\/\/jamgo.coop\/es\/jamgo-cooperativa-preguntas-frecuentes\/#breadcrumb","itemListElement":[{"@type":"ListItem","position":1,"name":"Inici","item":"https:\/\/jamgo.coop\/es\/"},{"@type":"ListItem","position":2,"name":"FAQ"}]},{"@type":"WebSite","@id":"https:\/\/jamgo.coop\/#website","url":"https:\/\/jamgo.coop\/","name":"Jamgo","description":"Cooperativa tecnol\u00f3gica - Dise\u00f1amos y desarrollamos entornos web y aplicaciones avanzadas. Trabajamos por una tecnolog\u00eda transformadora y solidaria.","potentialAction":[{"@type":"SearchAction","target":{"@type":"EntryPoint","urlTemplate":"https:\/\/jamgo.coop\/?s={search_term_string}"},"query-input":"required name=search_term_string"}],"inLanguage":"es"}]}},"_links":{"self":[{"href":"https:\/\/jamgo.coop\/es\/wp-json\/wp\/v2\/pages\/1065"}],"collection":[{"href":"https:\/\/jamgo.coop\/es\/wp-json\/wp\/v2\/pages"}],"about":[{"href":"https:\/\/jamgo.coop\/es\/wp-json\/wp\/v2\/types\/page"}],"author":[{"embeddable":true,"href":"https:\/\/jamgo.coop\/es\/wp-json\/wp\/v2\/users\/1"}],"replies":[{"embeddable":true,"href":"https:\/\/jamgo.coop\/es\/wp-json\/wp\/v2\/comments?post=1065"}],"version-history":[{"count":5,"href":"https:\/\/jamgo.coop\/es\/wp-json\/wp\/v2\/pages\/1065\/revisions"}],"predecessor-version":[{"id":1366,"href":"https:\/\/jamgo.coop\/es\/wp-json\/wp\/v2\/pages\/1065\/revisions\/1366"}],"wp:attachment":[{"href":"https:\/\/jamgo.coop\/es\/wp-json\/wp\/v2\/media?parent=1065"}],"curies":[{"name":"wp","href":"https:\/\/api.w.org\/{rel}","templated":true}]}}