{"id":1060,"date":"2022-01-19T17:21:45","date_gmt":"2022-01-19T17:21:45","guid":{"rendered":"https:\/\/jamgo.coop\/que-es-el-posicionament-web-o-seo\/"},"modified":"2022-03-24T10:00:48","modified_gmt":"2022-03-24T10:00:48","slug":"que-es-el-posicionament-web-o-seo","status":"publish","type":"page","link":"https:\/\/jamgo.coop\/es\/que-es-el-posicionament-web-o-seo\/","title":{"rendered":"Qu\u00e8 \u00e9s el posicionament web o SEO?"},"content":{"rendered":"<p><span style=\"font-weight: 400;\">El posicionament web o SEO (Search Engine Optimization) s\u00f3n la s\u00e8rie de t\u00e8cniques que s&#8217;apliquen per millorar el posicionament dels dominis als cercadors. A dia de hui, la major part de la poblaci\u00f3 utilitza els cercadors com Google per trobar online el que necessita. Els cercadors han definit tota una s\u00e8rie de bones pr\u00e0ctiques que ben aplicades poden fer que el teu domini es situ\u00ef el m\u00e9s a dalt possible per les cerques dels usuaris relacionades amb la teva entitat o el teu negoci. Obtenir la major visibilitat possible per arribar als usuaris i als clients \u00e9s un dels reptes als qu\u00e8 s&#8217;enfronten molts projectes i iniciatives. Per tant, el posicionament web es converteix en fonamental perqu\u00e8 el nostre projecte o iniciativa sigui visible en l\u00ednia.\u00a0<\/span><\/p>\n<p><span style=\"font-weight: 400;\">El posicionament a cercadors i l&#8217;anal\u00edtica web formen part dels serveis que oferim a Jamgo. Per nosaltres, resulta clau la presa de consci\u00e8ncia dels mecanismes que fan que els cercadors prioritzin uns continguts i no uns altres. \u00c9s a dir, visibilitzar que el posicionament dep\u00e8n d&#8217;un algoritme que nom\u00e9s Google coneix al 100%. Si l&#8217;algoritme no \u00e9s p\u00fablic, no hi ha horitzontalitat, ja que la prioritzaci\u00f3 d&#8217;uns resultats ve determinada pels criteris d\u2019una empresa amb molt de poder, com \u00e9s Google, i la ciutadania queda totalment exclosa de la decisi\u00f3 d\u2019aquests criteris.\u00a0<\/span><\/p>\n<p><span style=\"font-weight: 400;\">D&#8217;altra banda i, sense perdre de vista aquesta perspectiva cr\u00edtica, \u00e9s cert que molts projectes afins, amb la intenci\u00f3 de fer arribar el seu missatge a molta gent, s&#8217;enfronten al repte d&#8217;estar ben posicionats en cercadors. No podem obviar que, en la tesitura actual, la comunicaci\u00f3 i la pres\u00e8ncia en l\u00ednia poden resultar clau perqu\u00e8 un projecte funcioni. Per aix\u00f2, us expliquem quins passos seguim per implementar una estrat\u00e8gia SEO i qu\u00e8 fem de manera diferent.<\/span><\/p>\n<p>&nbsp;<\/p>\n<p><span style=\"font-weight: 400;\">Els nostres serveis de SEO i anal\u00edtica web inclouen:<\/span><\/p>\n<ul>\n<li><span style=\"font-weight: 400;\">Diagn\u00f2stic i consultoria de la situaci\u00f3 inicial. An\u00e0lisi i propostes de millora<\/span><\/li>\n<li><span style=\"font-weight: 400;\">Optimitzaci\u00f3 interna del web (SEO On-Page)<\/span><\/li>\n<li><span style=\"font-weight: 400;\">Millora de factors externs (SEO Off-Page)<\/span><\/li>\n<li><span style=\"font-weight: 400;\">Millora de la velocitat de c\u00e0rrega<\/span><\/li>\n<li><span style=\"font-weight: 400;\">Informes peri\u00f2dics de situaci\u00f3<\/span><\/li>\n<li><span style=\"font-weight: 400;\">Generaci\u00f3 de tr\u00e0fic al web<\/span><\/li>\n<li><span style=\"font-weight: 400;\">Estudi avan\u00e7at d\u2019anal\u00edtica web<\/span><\/li>\n<li><span style=\"font-weight: 400;\">Formaci\u00f3 en SEO i anal\u00edtica web<br \/>\n<\/span><\/li>\n<\/ul>\n<p><b>Qu\u00e8 fa que la nostra estrat\u00e8gia de posicionament web sigui diferent?<\/b><\/p>\n<p>&nbsp;<\/p>\n<p><b>Desmitificar i modelar expectatives<br \/>\n<\/b><span style=\"font-weight: 400;\">El m\u00e0rqueting digital i les estrat\u00e8gies en xarxes estan especialment lligades al mite de l&#8217;emprenedor. Hi ha moltes idees preconcebudes sobre els miracles del m\u00e0rqueting en l\u00ednia. Per aix\u00f2, per a nosaltres \u00e9s b\u00e0sic deconstruir aquestes idees i explicar als clients com funciona tot el proc\u00e9s, fixant unes expectatives reals dels resultats que es poden aconseguir amb l&#8217;esfor\u00e7 invertit.<\/span><\/p>\n<p><b>Ser cr\u00edtics<br \/>\n<\/b><span style=\"font-weight: 400;\">Informar els clients de com funciona el posicionament web d&#8217;una manera clara i transparent. Parlar de l&#8217;opacitat dels algorismes i intentar que es prengui consci\u00e8ncia de qu\u00e8 suposa invertir en una empresa com Google.<\/span><\/p>\n<p><b>Parlar de les alternatives i proposar-les<br \/>\n<\/b><span style=\"font-weight: 400;\">A nivell de cercadors, actualment \u00e9s dif\u00edcil proposar una alternativa a Google, cosa que no vol dir que no hi h\u00e0gim de treballar. No obstant aix\u00f2, com a eina d&#8217;anal\u00edtica web, s\u00ed que existeix Matomo. Part de la nostra feina consisteix a visibilitzar l&#8217;exist\u00e8ncia d&#8217;aquestes alternatives i recomanar-les.<\/span><\/p>\n<p><b>Formaci\u00f3<br \/>\n<\/b><span style=\"font-weight: 400;\">Moltes empreses de m\u00e0rqueting en l\u00ednia basen el seu model de negoci a fer veure que conceptes simples s\u00f3n en realitat molt complicats. Aix\u00ed, fan que molts clients sentin que els han de confiar tot all\u00f2 relatiu a aquest camp i pagar-los quantitats desorbitades. A Jamgo, intentem empoderar els clients a trav\u00e9s de la formaci\u00f3. L&#8217;objectiu final seria que els clients puguin incorporar l&#8217;optimitzaci\u00f3 dels continguts a les tasques di\u00e0ries i assumir el m\u00e0xim de tasques relacionades possibles.<\/span><\/p>\n","protected":false},"excerpt":{"rendered":"<p>El posicionament web o SEO (Search Engine Optimization) s\u00f3n la s\u00e8rie de t\u00e8cniques que s&#8217;apliquen per millorar el posicionament dels dominis als cercadors. A dia de hui, la major part de la poblaci\u00f3 utilitza els cercadors com Google per trobar online el que necessita. Els\u2026<\/p>\n","protected":false},"author":1,"featured_media":1350,"parent":0,"menu_order":6,"comment_status":"closed","ping_status":"closed","template":"single-faq.php","meta":{"inline_featured_image":false,"footnotes":""},"acf":[],"yoast_head":"<!-- This site is optimized with the Yoast SEO plugin v21.4 - https:\/\/yoast.com\/wordpress\/plugins\/seo\/ -->\n<title>Qu\u00e8 \u00e9s el posicionament web o SEO? - Jamgo<\/title>\n<meta name=\"robots\" content=\"index, follow, max-snippet:-1, max-image-preview:large, max-video-preview:-1\" \/>\n<link rel=\"canonical\" href=\"https:\/\/jamgo.coop\/es\/que-es-el-posicionament-web-o-seo\/\" \/>\n<meta property=\"og:locale\" content=\"es_ES\" \/>\n<meta property=\"og:type\" content=\"article\" \/>\n<meta property=\"og:title\" content=\"Qu\u00e8 \u00e9s el posicionament web o SEO? - Jamgo\" \/>\n<meta property=\"og:description\" content=\"El posicionament web o SEO (Search Engine Optimization) s\u00f3n la s\u00e8rie de t\u00e8cniques que s&#8217;apliquen per millorar el posicionament dels dominis als cercadors. A dia de hui, la major part de la poblaci\u00f3 utilitza els cercadors com Google per trobar online el que necessita. Els\u2026\" \/>\n<meta property=\"og:url\" content=\"https:\/\/jamgo.coop\/es\/que-es-el-posicionament-web-o-seo\/\" \/>\n<meta property=\"og:site_name\" content=\"Jamgo\" \/>\n<meta property=\"article:modified_time\" content=\"2022-03-24T10:00:48+00:00\" \/>\n<meta property=\"og:image\" content=\"https:\/\/jamgo.coop\/wp-content\/uploads\/2022\/03\/seo-analitica.jpg\" \/>\n\t<meta property=\"og:image:width\" content=\"600\" \/>\n\t<meta property=\"og:image:height\" content=\"600\" \/>\n\t<meta property=\"og:image:type\" content=\"image\/jpeg\" \/>\n<meta name=\"twitter:card\" content=\"summary_large_image\" \/>\n<meta name=\"twitter:label1\" content=\"Tiempo de lectura\" \/>\n\t<meta name=\"twitter:data1\" content=\"3 minutos\" \/>\n<script type=\"application\/ld+json\" class=\"yoast-schema-graph\">{\"@context\":\"https:\/\/schema.org\",\"@graph\":[{\"@type\":\"WebPage\",\"@id\":\"https:\/\/jamgo.coop\/es\/que-es-el-posicionament-web-o-seo\/\",\"url\":\"https:\/\/jamgo.coop\/es\/que-es-el-posicionament-web-o-seo\/\",\"name\":\"Qu\u00e8 \u00e9s el posicionament web o SEO? - Jamgo\",\"isPartOf\":{\"@id\":\"https:\/\/jamgo.coop\/#website\"},\"datePublished\":\"2022-01-19T17:21:45+00:00\",\"dateModified\":\"2022-03-24T10:00:48+00:00\",\"breadcrumb\":{\"@id\":\"https:\/\/jamgo.coop\/es\/que-es-el-posicionament-web-o-seo\/#breadcrumb\"},\"inLanguage\":\"es\",\"potentialAction\":[{\"@type\":\"ReadAction\",\"target\":[\"https:\/\/jamgo.coop\/es\/que-es-el-posicionament-web-o-seo\/\"]}]},{\"@type\":\"BreadcrumbList\",\"@id\":\"https:\/\/jamgo.coop\/es\/que-es-el-posicionament-web-o-seo\/#breadcrumb\",\"itemListElement\":[{\"@type\":\"ListItem\",\"position\":1,\"name\":\"Inici\",\"item\":\"https:\/\/jamgo.coop\/es\/\"},{\"@type\":\"ListItem\",\"position\":2,\"name\":\"Qu\u00e8 \u00e9s el posicionament web o SEO?\"}]},{\"@type\":\"WebSite\",\"@id\":\"https:\/\/jamgo.coop\/#website\",\"url\":\"https:\/\/jamgo.coop\/\",\"name\":\"Jamgo\",\"description\":\"Cooperativa tecnol\u00f3gica - Dise\u00f1amos y desarrollamos entornos web y aplicaciones avanzadas. Trabajamos por una tecnolog\u00eda transformadora y solidaria.\",\"potentialAction\":[{\"@type\":\"SearchAction\",\"target\":{\"@type\":\"EntryPoint\",\"urlTemplate\":\"https:\/\/jamgo.coop\/?s={search_term_string}\"},\"query-input\":\"required name=search_term_string\"}],\"inLanguage\":\"es\"}]}<\/script>\n<!-- \/ Yoast SEO plugin. -->","yoast_head_json":{"title":"Qu\u00e8 \u00e9s el posicionament web o SEO? - Jamgo","robots":{"index":"index","follow":"follow","max-snippet":"max-snippet:-1","max-image-preview":"max-image-preview:large","max-video-preview":"max-video-preview:-1"},"canonical":"https:\/\/jamgo.coop\/es\/que-es-el-posicionament-web-o-seo\/","og_locale":"es_ES","og_type":"article","og_title":"Qu\u00e8 \u00e9s el posicionament web o SEO? - Jamgo","og_description":"El posicionament web o SEO (Search Engine Optimization) s\u00f3n la s\u00e8rie de t\u00e8cniques que s&#8217;apliquen per millorar el posicionament dels dominis als cercadors. A dia de hui, la major part de la poblaci\u00f3 utilitza els cercadors com Google per trobar online el que necessita. Els\u2026","og_url":"https:\/\/jamgo.coop\/es\/que-es-el-posicionament-web-o-seo\/","og_site_name":"Jamgo","article_modified_time":"2022-03-24T10:00:48+00:00","og_image":[{"width":600,"height":600,"url":"https:\/\/jamgo.coop\/wp-content\/uploads\/2022\/03\/seo-analitica.jpg","type":"image\/jpeg"}],"twitter_card":"summary_large_image","twitter_misc":{"Tiempo de lectura":"3 minutos"},"schema":{"@context":"https:\/\/schema.org","@graph":[{"@type":"WebPage","@id":"https:\/\/jamgo.coop\/es\/que-es-el-posicionament-web-o-seo\/","url":"https:\/\/jamgo.coop\/es\/que-es-el-posicionament-web-o-seo\/","name":"Qu\u00e8 \u00e9s el posicionament web o SEO? - Jamgo","isPartOf":{"@id":"https:\/\/jamgo.coop\/#website"},"datePublished":"2022-01-19T17:21:45+00:00","dateModified":"2022-03-24T10:00:48+00:00","breadcrumb":{"@id":"https:\/\/jamgo.coop\/es\/que-es-el-posicionament-web-o-seo\/#breadcrumb"},"inLanguage":"es","potentialAction":[{"@type":"ReadAction","target":["https:\/\/jamgo.coop\/es\/que-es-el-posicionament-web-o-seo\/"]}]},{"@type":"BreadcrumbList","@id":"https:\/\/jamgo.coop\/es\/que-es-el-posicionament-web-o-seo\/#breadcrumb","itemListElement":[{"@type":"ListItem","position":1,"name":"Inici","item":"https:\/\/jamgo.coop\/es\/"},{"@type":"ListItem","position":2,"name":"Qu\u00e8 \u00e9s el posicionament web o SEO?"}]},{"@type":"WebSite","@id":"https:\/\/jamgo.coop\/#website","url":"https:\/\/jamgo.coop\/","name":"Jamgo","description":"Cooperativa tecnol\u00f3gica - Dise\u00f1amos y desarrollamos entornos web y aplicaciones avanzadas. Trabajamos por una tecnolog\u00eda transformadora y solidaria.","potentialAction":[{"@type":"SearchAction","target":{"@type":"EntryPoint","urlTemplate":"https:\/\/jamgo.coop\/?s={search_term_string}"},"query-input":"required name=search_term_string"}],"inLanguage":"es"}]}},"_links":{"self":[{"href":"https:\/\/jamgo.coop\/es\/wp-json\/wp\/v2\/pages\/1060"}],"collection":[{"href":"https:\/\/jamgo.coop\/es\/wp-json\/wp\/v2\/pages"}],"about":[{"href":"https:\/\/jamgo.coop\/es\/wp-json\/wp\/v2\/types\/page"}],"author":[{"embeddable":true,"href":"https:\/\/jamgo.coop\/es\/wp-json\/wp\/v2\/users\/1"}],"replies":[{"embeddable":true,"href":"https:\/\/jamgo.coop\/es\/wp-json\/wp\/v2\/comments?post=1060"}],"version-history":[{"count":1,"href":"https:\/\/jamgo.coop\/es\/wp-json\/wp\/v2\/pages\/1060\/revisions"}],"predecessor-version":[{"id":1442,"href":"https:\/\/jamgo.coop\/es\/wp-json\/wp\/v2\/pages\/1060\/revisions\/1442"}],"wp:featuredmedia":[{"embeddable":true,"href":"https:\/\/jamgo.coop\/es\/wp-json\/wp\/v2\/media\/1350"}],"wp:attachment":[{"href":"https:\/\/jamgo.coop\/es\/wp-json\/wp\/v2\/media?parent=1060"}],"curies":[{"name":"wp","href":"https:\/\/api.w.org\/{rel}","templated":true}]}}