{"id":1051,"date":"2022-01-19T17:15:33","date_gmt":"2022-01-19T17:15:33","guid":{"rendered":"https:\/\/jamgo.coop\/vull-una-web-app-pero-no-se-per-on-comencar\/"},"modified":"2022-01-19T17:15:33","modified_gmt":"2022-01-19T17:15:33","slug":"vull-una-web-app-pero-no-se-per-on-comencar","status":"publish","type":"page","link":"https:\/\/jamgo.coop\/es\/vull-una-web-app-pero-no-se-per-on-comencar\/","title":{"rendered":"Vull una web\/app per\u00f2 no s\u00e9 per on comen\u00e7ar\u2026"},"content":{"rendered":"<p><span style=\"font-weight: 400;\">No saps per on comen\u00e7ar amb la teva web o app? Tranquil, \u00e9s normal estar perdut a l\u2019inici del projecte. A Jamgo fem desenvolupament de webs i apps guiant al client al llarg de tot el proc\u00e9s. T\u2019acompanyem per avaluar quin tipus de web o d\u2019aplicaci\u00f3 necessites tenint en compte els teus objectius. A m\u00e9s, t\u2019ajudem a estructurar els continguts i plasmar-los en un disseny \u00fatil i funcional per a l\u2019usuari. Treballem amb un proc\u00e9s de feedback mutu per assegurar-nos que hem plasmat b\u00e9 la teva idea.\u00a0<\/span><\/p>\n<p>&nbsp;<\/p>\n<p><span style=\"font-weight: 400;\">Les plataformes web i apps m\u00f2bils s\u00f3n clau per comunicar projectes, productes i serveis. En canvi, \u00e9s normal tenir dubtes i no saber per on comen\u00e7ar. Vols saber pas a pas com t\u2019acompanyem a Jamgo?\u00a0<\/span><\/p>\n<p>&nbsp;<\/p>\n<ul>\n<li style=\"font-weight: 400;\" aria-level=\"1\"><span style=\"font-weight: 400;\">Explica\u2019ns de qu\u00e8 va el teu projecte. Nosaltres t\u2019acompanyem per avaluar quin tipus de web o d\u2019aplicaci\u00f3 necessites tenint en compte els teus objectius.\u00a0<\/span><\/li>\n<li style=\"font-weight: 400;\" aria-level=\"1\"><span style=\"font-weight: 400;\">T\u2019ajudem a estructurar els continguts per arribar als usuaris que t\u2019interessen.\u00a0<\/span><\/li>\n<li style=\"font-weight: 400;\" aria-level=\"1\"><span style=\"font-weight: 400;\">Parlem de qu\u00e8 vols transmetre i t\u2019ajudem a plasmar-ho en un disseny \u00fatil i funcional per a l\u2019usuari.<\/span><\/li>\n<li style=\"font-weight: 400;\" aria-level=\"1\"><span style=\"font-weight: 400;\">T\u2019entreguem el disseny en pdf abans de comen\u00e7ar a programar el web o l\u2019aplicaci\u00f3. Aix\u00ed ens assegurem que hem plasmat b\u00e9 la teva idea i que la qualitat \u00e9s \u00f2ptima.\u00a0<\/span><\/li>\n<li style=\"font-weight: 400;\" aria-level=\"1\"><span style=\"font-weight: 400;\">Un cop dissenyada la web o aplicaci\u00f3, la programem i l\u2019anem revisant conjuntament amb tu per poder escoltar el teu feedback.\u00a0<\/span><\/li>\n<li style=\"font-weight: 400;\" aria-level=\"1\"><span style=\"font-weight: 400;\">El nostre objectiu \u00e9s donar llibertat i empoderar al client amb procesos de desenvolupament pedag\u00f2gics, pel que entreguem els projectes de forma esglaonada i anem formant als clients. <\/span><\/li>\n<\/ul>\n","protected":false},"excerpt":{"rendered":"<p>No saps per on comen\u00e7ar amb la teva web o app? Tranquil, \u00e9s normal estar perdut a l\u2019inici del projecte. A Jamgo fem desenvolupament de webs i apps guiant al client al llarg de tot el proc\u00e9s. T\u2019acompanyem per avaluar quin tipus de web o\u2026<\/p>\n","protected":false},"author":1,"featured_media":1300,"parent":0,"menu_order":18,"comment_status":"closed","ping_status":"closed","template":"single-faq.php","meta":{"inline_featured_image":false,"footnotes":""},"acf":[],"yoast_head":"<!-- This site is optimized with the Yoast SEO plugin v21.4 - https:\/\/yoast.com\/wordpress\/plugins\/seo\/ -->\n<title>Vull una web\/app per\u00f2 no s\u00e9 per on comen\u00e7ar\u2026 - Jamgo<\/title>\n<meta name=\"robots\" content=\"index, follow, max-snippet:-1, max-image-preview:large, max-video-preview:-1\" \/>\n<link rel=\"canonical\" href=\"https:\/\/jamgo.coop\/es\/vull-una-web-app-pero-no-se-per-on-comencar\/\" \/>\n<meta property=\"og:locale\" content=\"es_ES\" \/>\n<meta property=\"og:type\" content=\"article\" \/>\n<meta property=\"og:title\" content=\"Vull una web\/app per\u00f2 no s\u00e9 per on comen\u00e7ar\u2026 - Jamgo\" \/>\n<meta property=\"og:description\" content=\"No saps per on comen\u00e7ar amb la teva web o app? Tranquil, \u00e9s normal estar perdut a l\u2019inici del projecte. A Jamgo fem desenvolupament de webs i apps guiant al client al llarg de tot el proc\u00e9s. T\u2019acompanyem per avaluar quin tipus de web o\u2026\" \/>\n<meta property=\"og:url\" content=\"https:\/\/jamgo.coop\/es\/vull-una-web-app-pero-no-se-per-on-comencar\/\" \/>\n<meta property=\"og:site_name\" content=\"Jamgo\" \/>\n<meta name=\"twitter:card\" content=\"summary_large_image\" \/>\n<meta name=\"twitter:label1\" content=\"Tiempo de lectura\" \/>\n\t<meta name=\"twitter:data1\" content=\"1 minuto\" \/>\n<script type=\"application\/ld+json\" class=\"yoast-schema-graph\">{\"@context\":\"https:\/\/schema.org\",\"@graph\":[{\"@type\":\"WebPage\",\"@id\":\"https:\/\/jamgo.coop\/es\/vull-una-web-app-pero-no-se-per-on-comencar\/\",\"url\":\"https:\/\/jamgo.coop\/es\/vull-una-web-app-pero-no-se-per-on-comencar\/\",\"name\":\"Vull una web\/app per\u00f2 no s\u00e9 per on comen\u00e7ar\u2026 - Jamgo\",\"isPartOf\":{\"@id\":\"https:\/\/jamgo.coop\/#website\"},\"datePublished\":\"2022-01-19T17:15:33+00:00\",\"dateModified\":\"2022-01-19T17:15:33+00:00\",\"breadcrumb\":{\"@id\":\"https:\/\/jamgo.coop\/es\/vull-una-web-app-pero-no-se-per-on-comencar\/#breadcrumb\"},\"inLanguage\":\"es\",\"potentialAction\":[{\"@type\":\"ReadAction\",\"target\":[\"https:\/\/jamgo.coop\/es\/vull-una-web-app-pero-no-se-per-on-comencar\/\"]}]},{\"@type\":\"BreadcrumbList\",\"@id\":\"https:\/\/jamgo.coop\/es\/vull-una-web-app-pero-no-se-per-on-comencar\/#breadcrumb\",\"itemListElement\":[{\"@type\":\"ListItem\",\"position\":1,\"name\":\"Inici\",\"item\":\"https:\/\/jamgo.coop\/es\/\"},{\"@type\":\"ListItem\",\"position\":2,\"name\":\"Vull una web\/app per\u00f2 no s\u00e9 per on comen\u00e7ar\u2026\"}]},{\"@type\":\"WebSite\",\"@id\":\"https:\/\/jamgo.coop\/#website\",\"url\":\"https:\/\/jamgo.coop\/\",\"name\":\"Jamgo\",\"description\":\"Cooperativa tecnol\u00f3gica - Dise\u00f1amos y desarrollamos entornos web y aplicaciones avanzadas. Trabajamos por una tecnolog\u00eda transformadora y solidaria.\",\"potentialAction\":[{\"@type\":\"SearchAction\",\"target\":{\"@type\":\"EntryPoint\",\"urlTemplate\":\"https:\/\/jamgo.coop\/?s={search_term_string}\"},\"query-input\":\"required name=search_term_string\"}],\"inLanguage\":\"es\"}]}<\/script>\n<!-- \/ Yoast SEO plugin. -->","yoast_head_json":{"title":"Vull una web\/app per\u00f2 no s\u00e9 per on comen\u00e7ar\u2026 - Jamgo","robots":{"index":"index","follow":"follow","max-snippet":"max-snippet:-1","max-image-preview":"max-image-preview:large","max-video-preview":"max-video-preview:-1"},"canonical":"https:\/\/jamgo.coop\/es\/vull-una-web-app-pero-no-se-per-on-comencar\/","og_locale":"es_ES","og_type":"article","og_title":"Vull una web\/app per\u00f2 no s\u00e9 per on comen\u00e7ar\u2026 - Jamgo","og_description":"No saps per on comen\u00e7ar amb la teva web o app? Tranquil, \u00e9s normal estar perdut a l\u2019inici del projecte. A Jamgo fem desenvolupament de webs i apps guiant al client al llarg de tot el proc\u00e9s. T\u2019acompanyem per avaluar quin tipus de web o\u2026","og_url":"https:\/\/jamgo.coop\/es\/vull-una-web-app-pero-no-se-per-on-comencar\/","og_site_name":"Jamgo","twitter_card":"summary_large_image","twitter_misc":{"Tiempo de lectura":"1 minuto"},"schema":{"@context":"https:\/\/schema.org","@graph":[{"@type":"WebPage","@id":"https:\/\/jamgo.coop\/es\/vull-una-web-app-pero-no-se-per-on-comencar\/","url":"https:\/\/jamgo.coop\/es\/vull-una-web-app-pero-no-se-per-on-comencar\/","name":"Vull una web\/app per\u00f2 no s\u00e9 per on comen\u00e7ar\u2026 - Jamgo","isPartOf":{"@id":"https:\/\/jamgo.coop\/#website"},"datePublished":"2022-01-19T17:15:33+00:00","dateModified":"2022-01-19T17:15:33+00:00","breadcrumb":{"@id":"https:\/\/jamgo.coop\/es\/vull-una-web-app-pero-no-se-per-on-comencar\/#breadcrumb"},"inLanguage":"es","potentialAction":[{"@type":"ReadAction","target":["https:\/\/jamgo.coop\/es\/vull-una-web-app-pero-no-se-per-on-comencar\/"]}]},{"@type":"BreadcrumbList","@id":"https:\/\/jamgo.coop\/es\/vull-una-web-app-pero-no-se-per-on-comencar\/#breadcrumb","itemListElement":[{"@type":"ListItem","position":1,"name":"Inici","item":"https:\/\/jamgo.coop\/es\/"},{"@type":"ListItem","position":2,"name":"Vull una web\/app per\u00f2 no s\u00e9 per on comen\u00e7ar\u2026"}]},{"@type":"WebSite","@id":"https:\/\/jamgo.coop\/#website","url":"https:\/\/jamgo.coop\/","name":"Jamgo","description":"Cooperativa tecnol\u00f3gica - Dise\u00f1amos y desarrollamos entornos web y aplicaciones avanzadas. Trabajamos por una tecnolog\u00eda transformadora y solidaria.","potentialAction":[{"@type":"SearchAction","target":{"@type":"EntryPoint","urlTemplate":"https:\/\/jamgo.coop\/?s={search_term_string}"},"query-input":"required name=search_term_string"}],"inLanguage":"es"}]}},"_links":{"self":[{"href":"https:\/\/jamgo.coop\/es\/wp-json\/wp\/v2\/pages\/1051"}],"collection":[{"href":"https:\/\/jamgo.coop\/es\/wp-json\/wp\/v2\/pages"}],"about":[{"href":"https:\/\/jamgo.coop\/es\/wp-json\/wp\/v2\/types\/page"}],"author":[{"embeddable":true,"href":"https:\/\/jamgo.coop\/es\/wp-json\/wp\/v2\/users\/1"}],"replies":[{"embeddable":true,"href":"https:\/\/jamgo.coop\/es\/wp-json\/wp\/v2\/comments?post=1051"}],"version-history":[{"count":0,"href":"https:\/\/jamgo.coop\/es\/wp-json\/wp\/v2\/pages\/1051\/revisions"}],"wp:featuredmedia":[{"embeddable":true,"href":"https:\/\/jamgo.coop\/es\/wp-json\/wp\/v2\/media\/1300"}],"wp:attachment":[{"href":"https:\/\/jamgo.coop\/es\/wp-json\/wp\/v2\/media?parent=1051"}],"curies":[{"name":"wp","href":"https:\/\/api.w.org\/{rel}","templated":true}]}}