{"id":1049,"date":"2022-01-19T17:06:47","date_gmt":"2022-01-19T17:06:47","guid":{"rendered":"https:\/\/jamgo.coop\/que-es-el-programari-lliure\/"},"modified":"2022-01-19T17:06:47","modified_gmt":"2022-01-19T17:06:47","slug":"que-es-el-programari-lliure","status":"publish","type":"page","link":"https:\/\/jamgo.coop\/es\/que-es-el-programari-lliure\/","title":{"rendered":"Qu\u00e8 \u00e9s el programari lliure?"},"content":{"rendered":"<p><span style=\"font-weight: 400;\">El programari lliure \u00e9s el programari que pot ser usat, estudiat i modificat sense restriccions, i que pot ser copiat i redistribu\u00eft b\u00e9 en una versi\u00f3 modificada o sense modificar sense cap restricci\u00f3, o b\u00e9 amb unes restriccions m\u00ednimes per garantir que els futurs destinataris tamb\u00e9 tindran aquests drets.<\/span><\/p>\n<p><span style=\"font-weight: 400;\">El programari lliure afavoreix la creaci\u00f3 de projectes col\u00b7lectius i prescindeix de llic\u00e8ncies privatives que nom\u00e9s beneficien a uns pocs. Per Jamgo \u00e9s un dels camins per a construir, entre totes, una tecnologia m\u00e9s justa, accessible, horitzontal i lliure, al servei de la societat.<\/span><\/p>\n<ul>\n<li style=\"font-weight: 400;\" aria-level=\"1\"><span style=\"font-weight: 400;\">Utilitzem programari lliure<\/span><\/li>\n<li style=\"font-weight: 400;\" aria-level=\"1\"><span style=\"font-weight: 400;\">Ens decantem per est\u00e0ndards oberts<\/span><\/li>\n<li style=\"font-weight: 400;\" aria-level=\"1\"><span style=\"font-weight: 400;\">Treballem amb llic\u00e8ncies obertes<\/span><\/li>\n<\/ul>\n<p>&nbsp;<\/p>\n<p><strong>Llibertats del programari lliure<\/strong><\/p>\n<p><span style=\"font-weight: 400;\">D&#8217;acord amb la definici\u00f3 de la Free Software Foundation, un programari \u00e9s lliure quan es garanteixen les seg\u00fcents llibertats:<\/span><\/p>\n<ol>\n<li style=\"list-style-type: none;\">\n<ol>\n<li><span style=\"font-weight: 400;\">La llibertat de fer servir el programa, amb qualsevol prop\u00f2sit.<\/span><\/li>\n<li><span style=\"font-weight: 400;\">La llibertat d&#8217;estudiar com funciona el programa i modificar-lo, adaptant-lo a les teves necessitats.<\/span><\/li>\n<li><span style=\"font-weight: 400;\">La llibertat de distribuir c\u00f2pies del programa.<\/span><\/li>\n<li><span style=\"font-weight: 400;\">La llibertat de millorar el programa i fer p\u00fabliques aquestes millores per a tothom, de manera que tota la comunitat en surti beneficiada.<\/span><\/li>\n<\/ol>\n<\/li>\n<\/ol>\n<p><span style=\"font-weight: 400;\">Les llibertats 1 i 3 requereixen acc\u00e9s al codi font perqu\u00e8 estudiar i modificar el programari sense el seu codi font \u00e9s molt poc viable.<\/span><\/p>\n<p>&nbsp;<\/p>\n<p style=\"font-weight: 400;\"><strong>Avantatges de fer servir programari lliure:<\/strong><\/p>\n<ol>\n<li><span style=\"font-weight: 400;\">Es basa en principis de col\u00b7laboraci\u00f3, transpar\u00e8ncia, seguretat, solidaritat i, sobretot, llibertat.<\/span><\/li>\n<li><span style=\"font-weight: 400;\">El codi font \u00e9s p\u00fablic. Pots modificar-lo lliurement i adaptar-lo a les teves necessitats.<\/span><\/li>\n<li><span style=\"font-weight: 400;\">No dep\u00e8n d\u2019un prove\u00efdor en particular, sin\u00f3 d\u2019una comunitat.\u00a0<\/span><\/li>\n<li><span style=\"font-weight: 400;\">Est\u00e0 basat en els mateixos principis que la investigaci\u00f3 cient\u00edfica: tothom es basa la feina d\u2019alg\u00fa altre i la millora.\u00a0<\/span><\/li>\n<li><span style=\"font-weight: 400;\">No \u00e9s necess\u00e0riament gratu\u00eft, per\u00f2 per la seva naturalesa, sempre acaba tenint un preu just i moderat.\u00a0<\/span><\/li>\n<li><span style=\"font-weight: 400;\">No et quedes endarrerit amb els canvis de versi\u00f3, ni has de comprar actualitzacions.\u00a0<\/span><\/li>\n<li><span style=\"font-weight: 400;\">Es fa \u00fas de llic\u00e8ncies obertes que permeten usar, adaptar i publicar les millores.\u00a0<\/span><\/li>\n<li><span style=\"font-weight: 400;\">Ja fas servir molt programari lliure en el teu dia a dia: Firefox, LibreOffice, GIMP, Audacity. \u00c9s nom\u00e9s q\u00fcesti\u00f3 d\u2019ampliar-lo!<br \/>\n<\/span><\/li>\n<\/ol>\n<p>&nbsp;<\/p>\n","protected":false},"excerpt":{"rendered":"<p>El programari lliure \u00e9s el programari que pot ser usat, estudiat i modificat sense restriccions, i que pot ser copiat i redistribu\u00eft b\u00e9 en una versi\u00f3 modificada o sense modificar sense cap restricci\u00f3, o b\u00e9 amb unes restriccions m\u00ednimes per garantir que els futurs destinataris\u2026<\/p>\n","protected":false},"author":1,"featured_media":0,"parent":0,"menu_order":20,"comment_status":"closed","ping_status":"closed","template":"single-faq.php","meta":{"inline_featured_image":false,"footnotes":""},"acf":[],"yoast_head":"<!-- This site is optimized with the Yoast SEO plugin v21.4 - https:\/\/yoast.com\/wordpress\/plugins\/seo\/ -->\n<title>Qu\u00e8 \u00e9s el programari lliure? - Jamgo<\/title>\n<meta name=\"robots\" content=\"index, follow, max-snippet:-1, max-image-preview:large, max-video-preview:-1\" \/>\n<link rel=\"canonical\" href=\"https:\/\/jamgo.coop\/es\/que-es-el-programari-lliure\/\" \/>\n<meta property=\"og:locale\" content=\"es_ES\" \/>\n<meta property=\"og:type\" content=\"article\" \/>\n<meta property=\"og:title\" content=\"Qu\u00e8 \u00e9s el programari lliure? - Jamgo\" \/>\n<meta property=\"og:description\" content=\"El programari lliure \u00e9s el programari que pot ser usat, estudiat i modificat sense restriccions, i que pot ser copiat i redistribu\u00eft b\u00e9 en una versi\u00f3 modificada o sense modificar sense cap restricci\u00f3, o b\u00e9 amb unes restriccions m\u00ednimes per garantir que els futurs destinataris\u2026\" \/>\n<meta property=\"og:url\" content=\"https:\/\/jamgo.coop\/es\/que-es-el-programari-lliure\/\" \/>\n<meta property=\"og:site_name\" content=\"Jamgo\" \/>\n<meta name=\"twitter:card\" content=\"summary_large_image\" \/>\n<meta name=\"twitter:label1\" content=\"Tiempo de lectura\" \/>\n\t<meta name=\"twitter:data1\" content=\"2 minutos\" \/>\n<script type=\"application\/ld+json\" class=\"yoast-schema-graph\">{\"@context\":\"https:\/\/schema.org\",\"@graph\":[{\"@type\":\"WebPage\",\"@id\":\"https:\/\/jamgo.coop\/es\/que-es-el-programari-lliure\/\",\"url\":\"https:\/\/jamgo.coop\/es\/que-es-el-programari-lliure\/\",\"name\":\"Qu\u00e8 \u00e9s el programari lliure? - Jamgo\",\"isPartOf\":{\"@id\":\"https:\/\/jamgo.coop\/#website\"},\"datePublished\":\"2022-01-19T17:06:47+00:00\",\"dateModified\":\"2022-01-19T17:06:47+00:00\",\"breadcrumb\":{\"@id\":\"https:\/\/jamgo.coop\/es\/que-es-el-programari-lliure\/#breadcrumb\"},\"inLanguage\":\"es\",\"potentialAction\":[{\"@type\":\"ReadAction\",\"target\":[\"https:\/\/jamgo.coop\/es\/que-es-el-programari-lliure\/\"]}]},{\"@type\":\"BreadcrumbList\",\"@id\":\"https:\/\/jamgo.coop\/es\/que-es-el-programari-lliure\/#breadcrumb\",\"itemListElement\":[{\"@type\":\"ListItem\",\"position\":1,\"name\":\"Inici\",\"item\":\"https:\/\/jamgo.coop\/es\/\"},{\"@type\":\"ListItem\",\"position\":2,\"name\":\"Qu\u00e8 \u00e9s el programari lliure?\"}]},{\"@type\":\"WebSite\",\"@id\":\"https:\/\/jamgo.coop\/#website\",\"url\":\"https:\/\/jamgo.coop\/\",\"name\":\"Jamgo\",\"description\":\"Cooperativa tecnol\u00f3gica - Dise\u00f1amos y desarrollamos entornos web y aplicaciones avanzadas. Trabajamos por una tecnolog\u00eda transformadora y solidaria.\",\"potentialAction\":[{\"@type\":\"SearchAction\",\"target\":{\"@type\":\"EntryPoint\",\"urlTemplate\":\"https:\/\/jamgo.coop\/?s={search_term_string}\"},\"query-input\":\"required name=search_term_string\"}],\"inLanguage\":\"es\"}]}<\/script>\n<!-- \/ Yoast SEO plugin. -->","yoast_head_json":{"title":"Qu\u00e8 \u00e9s el programari lliure? - Jamgo","robots":{"index":"index","follow":"follow","max-snippet":"max-snippet:-1","max-image-preview":"max-image-preview:large","max-video-preview":"max-video-preview:-1"},"canonical":"https:\/\/jamgo.coop\/es\/que-es-el-programari-lliure\/","og_locale":"es_ES","og_type":"article","og_title":"Qu\u00e8 \u00e9s el programari lliure? - Jamgo","og_description":"El programari lliure \u00e9s el programari que pot ser usat, estudiat i modificat sense restriccions, i que pot ser copiat i redistribu\u00eft b\u00e9 en una versi\u00f3 modificada o sense modificar sense cap restricci\u00f3, o b\u00e9 amb unes restriccions m\u00ednimes per garantir que els futurs destinataris\u2026","og_url":"https:\/\/jamgo.coop\/es\/que-es-el-programari-lliure\/","og_site_name":"Jamgo","twitter_card":"summary_large_image","twitter_misc":{"Tiempo de lectura":"2 minutos"},"schema":{"@context":"https:\/\/schema.org","@graph":[{"@type":"WebPage","@id":"https:\/\/jamgo.coop\/es\/que-es-el-programari-lliure\/","url":"https:\/\/jamgo.coop\/es\/que-es-el-programari-lliure\/","name":"Qu\u00e8 \u00e9s el programari lliure? - Jamgo","isPartOf":{"@id":"https:\/\/jamgo.coop\/#website"},"datePublished":"2022-01-19T17:06:47+00:00","dateModified":"2022-01-19T17:06:47+00:00","breadcrumb":{"@id":"https:\/\/jamgo.coop\/es\/que-es-el-programari-lliure\/#breadcrumb"},"inLanguage":"es","potentialAction":[{"@type":"ReadAction","target":["https:\/\/jamgo.coop\/es\/que-es-el-programari-lliure\/"]}]},{"@type":"BreadcrumbList","@id":"https:\/\/jamgo.coop\/es\/que-es-el-programari-lliure\/#breadcrumb","itemListElement":[{"@type":"ListItem","position":1,"name":"Inici","item":"https:\/\/jamgo.coop\/es\/"},{"@type":"ListItem","position":2,"name":"Qu\u00e8 \u00e9s el programari lliure?"}]},{"@type":"WebSite","@id":"https:\/\/jamgo.coop\/#website","url":"https:\/\/jamgo.coop\/","name":"Jamgo","description":"Cooperativa tecnol\u00f3gica - Dise\u00f1amos y desarrollamos entornos web y aplicaciones avanzadas. Trabajamos por una tecnolog\u00eda transformadora y solidaria.","potentialAction":[{"@type":"SearchAction","target":{"@type":"EntryPoint","urlTemplate":"https:\/\/jamgo.coop\/?s={search_term_string}"},"query-input":"required name=search_term_string"}],"inLanguage":"es"}]}},"_links":{"self":[{"href":"https:\/\/jamgo.coop\/es\/wp-json\/wp\/v2\/pages\/1049"}],"collection":[{"href":"https:\/\/jamgo.coop\/es\/wp-json\/wp\/v2\/pages"}],"about":[{"href":"https:\/\/jamgo.coop\/es\/wp-json\/wp\/v2\/types\/page"}],"author":[{"embeddable":true,"href":"https:\/\/jamgo.coop\/es\/wp-json\/wp\/v2\/users\/1"}],"replies":[{"embeddable":true,"href":"https:\/\/jamgo.coop\/es\/wp-json\/wp\/v2\/comments?post=1049"}],"version-history":[{"count":0,"href":"https:\/\/jamgo.coop\/es\/wp-json\/wp\/v2\/pages\/1049\/revisions"}],"wp:attachment":[{"href":"https:\/\/jamgo.coop\/es\/wp-json\/wp\/v2\/media?parent=1049"}],"curies":[{"name":"wp","href":"https:\/\/api.w.org\/{rel}","templated":true}]}}