{"id":1047,"date":"2022-01-19T17:14:35","date_gmt":"2022-01-19T17:14:35","guid":{"rendered":"https:\/\/jamgo.coop\/com-puc-saber-el-preu-dun-projecte-web-app-software-a-mida\/"},"modified":"2022-01-19T17:14:35","modified_gmt":"2022-01-19T17:14:35","slug":"com-puc-saber-el-preu-dun-projecte-web-app-software-a-mida","status":"publish","type":"page","link":"https:\/\/jamgo.coop\/es\/com-puc-saber-el-preu-dun-projecte-web-app-software-a-mida\/","title":{"rendered":"Com puc saber el preu d\u2019un projecte (web, app, software a mida)?"},"content":{"rendered":"<p><span style=\"font-weight: 400;\">Per estimar el preu d&#8217;un projecte web s&#8217;han de tenir en compte una s\u00e8rie de consideracions:<\/span><\/p>\n<p>&nbsp;<\/p>\n<ul>\n<li style=\"font-weight: 400;\" aria-level=\"1\"><b>Domini i hosting<\/b><span style=\"font-weight: 400;\">: Reservar un nom de domini i un lloc on allotjar la web.<\/span><\/li>\n<li style=\"font-weight: 400;\" aria-level=\"1\"><b>Disseny i programaci\u00f3<\/b><span style=\"font-weight: 400;\">: L&#8217;aspecte de la web \u00e9s molt important i influeix en que l&#8217;experi\u00e8ncia de navegaci\u00f3 dels teus usuaris sigui agradable. Aqu\u00ed podr\u00e0s considerar la compra d&#8217;una plantilla ja feta (i que pot abaratir el cost del projecte), o que es faci un disseny i programaci\u00f3 a mida en base als requeriments de la web. A m\u00e9s complexitat, m\u00e9s elevat ser\u00e0 el cost.<\/span><\/li>\n<li style=\"font-weight: 400;\" aria-level=\"1\"><b>Plugins<\/b><span style=\"font-weight: 400;\">: Els plugins premium ofereixen funcions avan\u00e7ades per una fracci\u00f3 del cost de programar aquesta funcionalitat de zero. Tot i que no recomanem fer servir molts plugins en una mateixa web (poden tenir afectaci\u00f3 en el performance de la web), \u00e9s cert que utilitzar-ne pot fer molt m\u00e9s sostenible el cost del teu projecte.\u00a0<\/span><\/li>\n<li style=\"font-weight: 400;\" aria-level=\"1\"><b>Ecommerce<\/b><span style=\"font-weight: 400;\">: Funcions com la gesti\u00f3 de productes, control de stock, pasarel\u00b7la TPV, seguiment de les comandes, etc. fan que un projecte d&#8217;aquestes caracter\u00edstiques tingui un preu m\u00e9s elevat.<\/span><\/li>\n<li style=\"font-weight: 400;\" aria-level=\"1\"><b>Manteniment<\/b><span style=\"font-weight: 400;\">: Un problema de seguretat pot fer-te perdre el control de la teva web i fer malb\u00e9 la reputaci\u00f3 del teu negoci o entitat. A Jamgo sempre proposem als nostres clients un servei de manteniment per acompanyar el projecte durant la seva vida \u00f9til.<\/span><\/li>\n<\/ul>\n<p>&nbsp;<\/p>\n<p><span style=\"font-weight: 400;\">&#8212;&#8212;&#8212;&#8212;&#8212;&#8212;&#8212;&#8212;&#8212;&#8212;&#8212;&#8212;&#8212;&#8212;&#8212;&#8212;&#8212;&#8212;&#8212;&#8212;&#8212;&#8212;&#8212;&#8212;&#8212;&#8212;&#8212;&#8212;&#8212;&#8212;&#8212;&#8212;&#8212;&#8212;&#8212;&#8212;&#8212;&#8212;&#8212;<\/span><\/p>\n<p>&nbsp;<\/p>\n<p><span style=\"font-weight: 400;\">Part de la dificultat per calcular un pressupost ve donada perqu\u00e8 sovint es desconeix la feina que hi ha al darrera del desenvolupament d&#8217;un projecte web, app o software a mida. Per exemple, detalls com si hi haur\u00e0 inici de sessi\u00f3, si es necessita una passarel\u00b7la de pagament, en quin sistemes operatius s&#8217;haur\u00e0 de desenvolupar, o si el projecte necessita un backoffice a mida per gestionar les dades s\u00f3n aspectes que s&#8217;han de tenir en compte a l\u2019hora de valorar un pressupost. A Jamgo acompanyem als nostres clients amb un equip multidisciplinar per ajudar-los en totes les fases del projecte per a que puguin entendre els reptes tecnol\u00f2gics i puguin valorar amb claredat qu\u00e9 implica desenvolupar un projecte tecnol\u00f2gic.<\/span><\/p>\n","protected":false},"excerpt":{"rendered":"<p>Per estimar el preu d&#8217;un projecte web s&#8217;han de tenir en compte una s\u00e8rie de consideracions: &nbsp; Domini i hosting: Reservar un nom de domini i un lloc on allotjar la web. Disseny i programaci\u00f3: L&#8217;aspecte de la web \u00e9s molt important i influeix en\u2026<\/p>\n","protected":false},"author":1,"featured_media":0,"parent":0,"menu_order":22,"comment_status":"closed","ping_status":"closed","template":"single-faq.php","meta":{"inline_featured_image":false,"footnotes":""},"acf":[],"yoast_head":"<!-- This site is optimized with the Yoast SEO plugin v21.4 - https:\/\/yoast.com\/wordpress\/plugins\/seo\/ -->\n<title>Com puc saber el preu d\u2019un projecte (web, app, software a mida)? - Jamgo<\/title>\n<meta name=\"robots\" content=\"index, follow, max-snippet:-1, max-image-preview:large, max-video-preview:-1\" \/>\n<link rel=\"canonical\" href=\"https:\/\/jamgo.coop\/es\/com-puc-saber-el-preu-dun-projecte-web-app-software-a-mida\/\" \/>\n<meta property=\"og:locale\" content=\"es_ES\" \/>\n<meta property=\"og:type\" content=\"article\" \/>\n<meta property=\"og:title\" content=\"Com puc saber el preu d\u2019un projecte (web, app, software a mida)? - Jamgo\" \/>\n<meta property=\"og:description\" content=\"Per estimar el preu d&#8217;un projecte web s&#8217;han de tenir en compte una s\u00e8rie de consideracions: &nbsp; Domini i hosting: Reservar un nom de domini i un lloc on allotjar la web. Disseny i programaci\u00f3: L&#8217;aspecte de la web \u00e9s molt important i influeix en\u2026\" \/>\n<meta property=\"og:url\" content=\"https:\/\/jamgo.coop\/es\/com-puc-saber-el-preu-dun-projecte-web-app-software-a-mida\/\" \/>\n<meta property=\"og:site_name\" content=\"Jamgo\" \/>\n<meta name=\"twitter:card\" content=\"summary_large_image\" \/>\n<meta name=\"twitter:label1\" content=\"Tiempo de lectura\" \/>\n\t<meta name=\"twitter:data1\" content=\"2 minutos\" \/>\n<script type=\"application\/ld+json\" class=\"yoast-schema-graph\">{\"@context\":\"https:\/\/schema.org\",\"@graph\":[{\"@type\":\"WebPage\",\"@id\":\"https:\/\/jamgo.coop\/es\/com-puc-saber-el-preu-dun-projecte-web-app-software-a-mida\/\",\"url\":\"https:\/\/jamgo.coop\/es\/com-puc-saber-el-preu-dun-projecte-web-app-software-a-mida\/\",\"name\":\"Com puc saber el preu d\u2019un projecte (web, app, software a mida)? - Jamgo\",\"isPartOf\":{\"@id\":\"https:\/\/jamgo.coop\/#website\"},\"datePublished\":\"2022-01-19T17:14:35+00:00\",\"dateModified\":\"2022-01-19T17:14:35+00:00\",\"breadcrumb\":{\"@id\":\"https:\/\/jamgo.coop\/es\/com-puc-saber-el-preu-dun-projecte-web-app-software-a-mida\/#breadcrumb\"},\"inLanguage\":\"es\",\"potentialAction\":[{\"@type\":\"ReadAction\",\"target\":[\"https:\/\/jamgo.coop\/es\/com-puc-saber-el-preu-dun-projecte-web-app-software-a-mida\/\"]}]},{\"@type\":\"BreadcrumbList\",\"@id\":\"https:\/\/jamgo.coop\/es\/com-puc-saber-el-preu-dun-projecte-web-app-software-a-mida\/#breadcrumb\",\"itemListElement\":[{\"@type\":\"ListItem\",\"position\":1,\"name\":\"Inici\",\"item\":\"https:\/\/jamgo.coop\/es\/\"},{\"@type\":\"ListItem\",\"position\":2,\"name\":\"Com puc saber el preu d\u2019un projecte (web, app, software a mida)?\"}]},{\"@type\":\"WebSite\",\"@id\":\"https:\/\/jamgo.coop\/#website\",\"url\":\"https:\/\/jamgo.coop\/\",\"name\":\"Jamgo\",\"description\":\"Cooperativa tecnol\u00f3gica - Dise\u00f1amos y desarrollamos entornos web y aplicaciones avanzadas. Trabajamos por una tecnolog\u00eda transformadora y solidaria.\",\"potentialAction\":[{\"@type\":\"SearchAction\",\"target\":{\"@type\":\"EntryPoint\",\"urlTemplate\":\"https:\/\/jamgo.coop\/?s={search_term_string}\"},\"query-input\":\"required name=search_term_string\"}],\"inLanguage\":\"es\"}]}<\/script>\n<!-- \/ Yoast SEO plugin. -->","yoast_head_json":{"title":"Com puc saber el preu d\u2019un projecte (web, app, software a mida)? - Jamgo","robots":{"index":"index","follow":"follow","max-snippet":"max-snippet:-1","max-image-preview":"max-image-preview:large","max-video-preview":"max-video-preview:-1"},"canonical":"https:\/\/jamgo.coop\/es\/com-puc-saber-el-preu-dun-projecte-web-app-software-a-mida\/","og_locale":"es_ES","og_type":"article","og_title":"Com puc saber el preu d\u2019un projecte (web, app, software a mida)? - Jamgo","og_description":"Per estimar el preu d&#8217;un projecte web s&#8217;han de tenir en compte una s\u00e8rie de consideracions: &nbsp; Domini i hosting: Reservar un nom de domini i un lloc on allotjar la web. Disseny i programaci\u00f3: L&#8217;aspecte de la web \u00e9s molt important i influeix en\u2026","og_url":"https:\/\/jamgo.coop\/es\/com-puc-saber-el-preu-dun-projecte-web-app-software-a-mida\/","og_site_name":"Jamgo","twitter_card":"summary_large_image","twitter_misc":{"Tiempo de lectura":"2 minutos"},"schema":{"@context":"https:\/\/schema.org","@graph":[{"@type":"WebPage","@id":"https:\/\/jamgo.coop\/es\/com-puc-saber-el-preu-dun-projecte-web-app-software-a-mida\/","url":"https:\/\/jamgo.coop\/es\/com-puc-saber-el-preu-dun-projecte-web-app-software-a-mida\/","name":"Com puc saber el preu d\u2019un projecte (web, app, software a mida)? - Jamgo","isPartOf":{"@id":"https:\/\/jamgo.coop\/#website"},"datePublished":"2022-01-19T17:14:35+00:00","dateModified":"2022-01-19T17:14:35+00:00","breadcrumb":{"@id":"https:\/\/jamgo.coop\/es\/com-puc-saber-el-preu-dun-projecte-web-app-software-a-mida\/#breadcrumb"},"inLanguage":"es","potentialAction":[{"@type":"ReadAction","target":["https:\/\/jamgo.coop\/es\/com-puc-saber-el-preu-dun-projecte-web-app-software-a-mida\/"]}]},{"@type":"BreadcrumbList","@id":"https:\/\/jamgo.coop\/es\/com-puc-saber-el-preu-dun-projecte-web-app-software-a-mida\/#breadcrumb","itemListElement":[{"@type":"ListItem","position":1,"name":"Inici","item":"https:\/\/jamgo.coop\/es\/"},{"@type":"ListItem","position":2,"name":"Com puc saber el preu d\u2019un projecte (web, app, software a mida)?"}]},{"@type":"WebSite","@id":"https:\/\/jamgo.coop\/#website","url":"https:\/\/jamgo.coop\/","name":"Jamgo","description":"Cooperativa tecnol\u00f3gica - Dise\u00f1amos y desarrollamos entornos web y aplicaciones avanzadas. Trabajamos por una tecnolog\u00eda transformadora y solidaria.","potentialAction":[{"@type":"SearchAction","target":{"@type":"EntryPoint","urlTemplate":"https:\/\/jamgo.coop\/?s={search_term_string}"},"query-input":"required name=search_term_string"}],"inLanguage":"es"}]}},"_links":{"self":[{"href":"https:\/\/jamgo.coop\/es\/wp-json\/wp\/v2\/pages\/1047"}],"collection":[{"href":"https:\/\/jamgo.coop\/es\/wp-json\/wp\/v2\/pages"}],"about":[{"href":"https:\/\/jamgo.coop\/es\/wp-json\/wp\/v2\/types\/page"}],"author":[{"embeddable":true,"href":"https:\/\/jamgo.coop\/es\/wp-json\/wp\/v2\/users\/1"}],"replies":[{"embeddable":true,"href":"https:\/\/jamgo.coop\/es\/wp-json\/wp\/v2\/comments?post=1047"}],"version-history":[{"count":0,"href":"https:\/\/jamgo.coop\/es\/wp-json\/wp\/v2\/pages\/1047\/revisions"}],"wp:attachment":[{"href":"https:\/\/jamgo.coop\/es\/wp-json\/wp\/v2\/media?parent=1047"}],"curies":[{"name":"wp","href":"https:\/\/api.w.org\/{rel}","templated":true}]}}