{"id":1043,"date":"2022-01-19T15:52:33","date_gmt":"2022-01-19T15:52:33","guid":{"rendered":"https:\/\/jamgo.coop\/que-es-una-cooperativa-tecnologica\/"},"modified":"2022-03-24T10:01:23","modified_gmt":"2022-03-24T10:01:23","slug":"que-es-una-cooperativa-tecnologica","status":"publish","type":"page","link":"https:\/\/jamgo.coop\/es\/que-es-una-cooperativa-tecnologica\/","title":{"rendered":"\u00bfQu\u00e9 es una cooperativa tecnol\u00f3gica?"},"content":{"rendered":"<p><span style=\"font-weight: 400;\">Una cooperativa tecnol\u00f2gica, com qualsevol empresa tecnol\u00f2gica, ofereix solucions inform\u00e0tiques a altres organitzacions, empreses o persones. Per\u00f2 aleshores, qu\u00e8 marca la difer\u00e8ncia amb una empresa tecnol\u00f2gica tradicional? Una cooperativa \u00e9s una associaci\u00f3 aut\u00f2noma de persones que s\u2019han agrupat volunt\u00e0riament per satisfer les seves necessitats i aspiracions econ\u00f2miques, socials i culturals comuns, a trav\u00e9s d\u2019una empresa de propietat conjunta i de gesti\u00f3 democr\u00e0tica. A Jamgo som professionals del m\u00f3n de la tecnologia que vam trobar en el cooperativisme una manera de guanyar-nos la vida sense ficar els nostres coneixements al servei d\u2019empreses allunyades dels nostres valors. La f\u00f3rmula cooperativa ens permet prendre decisions conjuntament, definir uns objectius propis i acords als nostres valors, tractar a tothom d\u2019una manera justa, col\u00b7laborar i cooperar amb altres sense ser esclaves de la nostra feina i molt m\u00e9s!<\/span><\/p>\n<p><span style=\"font-weight: 400;\">Les cooperatives tecnol\u00f2giques es dediquen al desenvolupament de software, \u00e9s a dir, a la creaci\u00f3 de programari que possibilita la realitzaci\u00f3 de tasques espec\u00edfiques. Aquestes empreses, com qualsevol empresa tecnol\u00f2gica, es dediquen a pensar el disseny d\u2019aquest programari i desenvolupar-lo i implementar-lo correctament. Una cooperativa tecnol\u00f2gica pot oferir serveis de consultoria, suport t\u00e8cnic, auditories, serveis inform\u00e0tics, projectes, etc.\u00a0<\/span><\/p>\n<p><span style=\"font-weight: 400;\">A Jamgo fa m\u00e9s de deu anys que vam convertir-nos en cooperativa tecnol\u00f2gica. Al principi, nom\u00e9s sab\u00edem que, al igual que relata la Marga Padilla de la cooperativa tecnol\u00f2gica Dabne, vol\u00edem:<\/span><\/p>\n<ul>\n<li><span style=\"font-weight: 400;\">Guanyar-nos la vida, per\u00f2 no a qualsevol cost.<\/span><\/li>\n<li><span style=\"font-weight: 400;\">Vol\u00edem ser part del proc\u00e9s de presa de decisions i que no hi haguessin jerarquies.\u00a0<\/span><\/li>\n<li><span style=\"font-weight: 400;\">Vol\u00edem transpar\u00e8ncia.\u00a0<\/span><\/li>\n<li><span style=\"font-weight: 400;\">Vol\u00edem definir els nostres propis objectius i canviar-los quan fos necessari.\u00a0<\/span><\/li>\n<li><span style=\"font-weight: 400;\">Vol\u00edem que es tract\u00e9s a tothom per igual i de manera justa.<\/span><\/li>\n<li><span style=\"font-weight: 400;\">Vol\u00edem col\u00b7laborar i cooperar amb altres sense ser esclaus de la nostra feina.\u00a0<\/span><\/li>\n<\/ul>\n<p><span style=\"font-weight: 400;\">Ser una cooperativa tecnol\u00f2gica ha suposat per nosaltres el paraig\u00fces legal que ens ha perm\u00e8s posar en pr\u00e0ctica tots aquests desitjos. La cooperativa \u00e9s un model d\u2019empresa basat en les persones i que utilitza el capital per assolir els seus objectius, al contrari de les empreses tradicionals on el capital \u00e9s el centre. A m\u00e9s, les cooperatives s\u00f3n organitzacions gestionades democr\u00e0ticament pels socis, que tenen igualtat de drets i deures (una persona, un vot) i participen activament en la definici\u00f3 de pol\u00edtiques i la presa de decisions. Les persones s\u00f2cies contribueixen equitativament al capital de les cooperatives.\u00a0<\/span><\/p>\n<p><span style=\"font-weight: 400;\">Les cooperatives serveixen, a m\u00e9s, al seu teixit social de la manera m\u00e9s efica\u00e7 possible i enforteixen el moviment cooperatiu treballant conjuntament amb estructures locals, nacionals, regionals i internacionals. Descobrir el cooperativisme i l\u2019economia solid\u00e0ria ha suposat per Jamgo trobar-nos amb moltes companyes amb un imaginari compartit i ganes de transformar el m\u00f3n. Estar en contacte amb l\u2019economia solid\u00e0ria, ha fet que anem ampliant les nostres pr\u00e0ctiques molt m\u00e9s enll\u00e0 del que hav\u00edem pensat inicialment.<\/span><\/p>\n","protected":false},"excerpt":{"rendered":"<p>Una cooperativa tecnol\u00f2gica, com qualsevol empresa tecnol\u00f2gica, ofereix solucions inform\u00e0tiques a altres organitzacions, empreses o persones. Per\u00f2 aleshores, qu\u00e8 marca la difer\u00e8ncia amb una empresa tecnol\u00f2gica tradicional? Una cooperativa \u00e9s una associaci\u00f3 aut\u00f2noma de persones que s\u2019han agrupat volunt\u00e0riament per satisfer les seves necessitats i\u2026<\/p>\n","protected":false},"author":1,"featured_media":1286,"parent":0,"menu_order":25,"comment_status":"closed","ping_status":"closed","template":"single-faq.php","meta":{"inline_featured_image":false,"footnotes":""},"acf":[],"yoast_head":"<!-- This site is optimized with the Yoast SEO plugin v21.4 - https:\/\/yoast.com\/wordpress\/plugins\/seo\/ -->\n<title>\u00bfQu\u00e9 es una cooperativa tecnol\u00f3gica? - Jamgo<\/title>\n<meta name=\"robots\" content=\"index, follow, max-snippet:-1, max-image-preview:large, max-video-preview:-1\" \/>\n<link rel=\"canonical\" href=\"https:\/\/jamgo.coop\/es\/que-es-una-cooperativa-tecnologica\/\" \/>\n<meta property=\"og:locale\" content=\"es_ES\" \/>\n<meta property=\"og:type\" content=\"article\" \/>\n<meta property=\"og:title\" content=\"\u00bfQu\u00e9 es una cooperativa tecnol\u00f3gica? - Jamgo\" \/>\n<meta property=\"og:description\" content=\"Una cooperativa tecnol\u00f2gica, com qualsevol empresa tecnol\u00f2gica, ofereix solucions inform\u00e0tiques a altres organitzacions, empreses o persones. Per\u00f2 aleshores, qu\u00e8 marca la difer\u00e8ncia amb una empresa tecnol\u00f2gica tradicional? Una cooperativa \u00e9s una associaci\u00f3 aut\u00f2noma de persones que s\u2019han agrupat volunt\u00e0riament per satisfer les seves necessitats i\u2026\" \/>\n<meta property=\"og:url\" content=\"https:\/\/jamgo.coop\/es\/que-es-una-cooperativa-tecnologica\/\" \/>\n<meta property=\"og:site_name\" content=\"Jamgo\" \/>\n<meta property=\"article:modified_time\" content=\"2022-03-24T10:01:23+00:00\" \/>\n<meta property=\"og:image\" content=\"https:\/\/jamgo.coop\/wp-content\/uploads\/2022\/03\/cooperativa-tecnologica.jpg\" \/>\n\t<meta property=\"og:image:width\" content=\"810\" \/>\n\t<meta property=\"og:image:height\" content=\"450\" \/>\n\t<meta property=\"og:image:type\" content=\"image\/jpeg\" \/>\n<meta name=\"twitter:card\" content=\"summary_large_image\" \/>\n<meta name=\"twitter:label1\" content=\"Tiempo de lectura\" \/>\n\t<meta name=\"twitter:data1\" content=\"3 minutos\" \/>\n<script type=\"application\/ld+json\" class=\"yoast-schema-graph\">{\"@context\":\"https:\/\/schema.org\",\"@graph\":[{\"@type\":\"WebPage\",\"@id\":\"https:\/\/jamgo.coop\/es\/que-es-una-cooperativa-tecnologica\/\",\"url\":\"https:\/\/jamgo.coop\/es\/que-es-una-cooperativa-tecnologica\/\",\"name\":\"\u00bfQu\u00e9 es una cooperativa tecnol\u00f3gica? - Jamgo\",\"isPartOf\":{\"@id\":\"https:\/\/jamgo.coop\/#website\"},\"datePublished\":\"2022-01-19T15:52:33+00:00\",\"dateModified\":\"2022-03-24T10:01:23+00:00\",\"breadcrumb\":{\"@id\":\"https:\/\/jamgo.coop\/es\/que-es-una-cooperativa-tecnologica\/#breadcrumb\"},\"inLanguage\":\"es\",\"potentialAction\":[{\"@type\":\"ReadAction\",\"target\":[\"https:\/\/jamgo.coop\/es\/que-es-una-cooperativa-tecnologica\/\"]}]},{\"@type\":\"BreadcrumbList\",\"@id\":\"https:\/\/jamgo.coop\/es\/que-es-una-cooperativa-tecnologica\/#breadcrumb\",\"itemListElement\":[{\"@type\":\"ListItem\",\"position\":1,\"name\":\"Inici\",\"item\":\"https:\/\/jamgo.coop\/es\/\"},{\"@type\":\"ListItem\",\"position\":2,\"name\":\"\u00bfQu\u00e9 es una cooperativa tecnol\u00f3gica?\"}]},{\"@type\":\"WebSite\",\"@id\":\"https:\/\/jamgo.coop\/#website\",\"url\":\"https:\/\/jamgo.coop\/\",\"name\":\"Jamgo\",\"description\":\"Cooperativa tecnol\u00f3gica - Dise\u00f1amos y desarrollamos entornos web y aplicaciones avanzadas. Trabajamos por una tecnolog\u00eda transformadora y solidaria.\",\"potentialAction\":[{\"@type\":\"SearchAction\",\"target\":{\"@type\":\"EntryPoint\",\"urlTemplate\":\"https:\/\/jamgo.coop\/?s={search_term_string}\"},\"query-input\":\"required name=search_term_string\"}],\"inLanguage\":\"es\"}]}<\/script>\n<!-- \/ Yoast SEO plugin. -->","yoast_head_json":{"title":"\u00bfQu\u00e9 es una cooperativa tecnol\u00f3gica? - Jamgo","robots":{"index":"index","follow":"follow","max-snippet":"max-snippet:-1","max-image-preview":"max-image-preview:large","max-video-preview":"max-video-preview:-1"},"canonical":"https:\/\/jamgo.coop\/es\/que-es-una-cooperativa-tecnologica\/","og_locale":"es_ES","og_type":"article","og_title":"\u00bfQu\u00e9 es una cooperativa tecnol\u00f3gica? - Jamgo","og_description":"Una cooperativa tecnol\u00f2gica, com qualsevol empresa tecnol\u00f2gica, ofereix solucions inform\u00e0tiques a altres organitzacions, empreses o persones. Per\u00f2 aleshores, qu\u00e8 marca la difer\u00e8ncia amb una empresa tecnol\u00f2gica tradicional? Una cooperativa \u00e9s una associaci\u00f3 aut\u00f2noma de persones que s\u2019han agrupat volunt\u00e0riament per satisfer les seves necessitats i\u2026","og_url":"https:\/\/jamgo.coop\/es\/que-es-una-cooperativa-tecnologica\/","og_site_name":"Jamgo","article_modified_time":"2022-03-24T10:01:23+00:00","og_image":[{"width":810,"height":450,"url":"https:\/\/jamgo.coop\/wp-content\/uploads\/2022\/03\/cooperativa-tecnologica.jpg","type":"image\/jpeg"}],"twitter_card":"summary_large_image","twitter_misc":{"Tiempo de lectura":"3 minutos"},"schema":{"@context":"https:\/\/schema.org","@graph":[{"@type":"WebPage","@id":"https:\/\/jamgo.coop\/es\/que-es-una-cooperativa-tecnologica\/","url":"https:\/\/jamgo.coop\/es\/que-es-una-cooperativa-tecnologica\/","name":"\u00bfQu\u00e9 es una cooperativa tecnol\u00f3gica? - Jamgo","isPartOf":{"@id":"https:\/\/jamgo.coop\/#website"},"datePublished":"2022-01-19T15:52:33+00:00","dateModified":"2022-03-24T10:01:23+00:00","breadcrumb":{"@id":"https:\/\/jamgo.coop\/es\/que-es-una-cooperativa-tecnologica\/#breadcrumb"},"inLanguage":"es","potentialAction":[{"@type":"ReadAction","target":["https:\/\/jamgo.coop\/es\/que-es-una-cooperativa-tecnologica\/"]}]},{"@type":"BreadcrumbList","@id":"https:\/\/jamgo.coop\/es\/que-es-una-cooperativa-tecnologica\/#breadcrumb","itemListElement":[{"@type":"ListItem","position":1,"name":"Inici","item":"https:\/\/jamgo.coop\/es\/"},{"@type":"ListItem","position":2,"name":"\u00bfQu\u00e9 es una cooperativa tecnol\u00f3gica?"}]},{"@type":"WebSite","@id":"https:\/\/jamgo.coop\/#website","url":"https:\/\/jamgo.coop\/","name":"Jamgo","description":"Cooperativa tecnol\u00f3gica - Dise\u00f1amos y desarrollamos entornos web y aplicaciones avanzadas. Trabajamos por una tecnolog\u00eda transformadora y solidaria.","potentialAction":[{"@type":"SearchAction","target":{"@type":"EntryPoint","urlTemplate":"https:\/\/jamgo.coop\/?s={search_term_string}"},"query-input":"required name=search_term_string"}],"inLanguage":"es"}]}},"_links":{"self":[{"href":"https:\/\/jamgo.coop\/es\/wp-json\/wp\/v2\/pages\/1043"}],"collection":[{"href":"https:\/\/jamgo.coop\/es\/wp-json\/wp\/v2\/pages"}],"about":[{"href":"https:\/\/jamgo.coop\/es\/wp-json\/wp\/v2\/types\/page"}],"author":[{"embeddable":true,"href":"https:\/\/jamgo.coop\/es\/wp-json\/wp\/v2\/users\/1"}],"replies":[{"embeddable":true,"href":"https:\/\/jamgo.coop\/es\/wp-json\/wp\/v2\/comments?post=1043"}],"version-history":[{"count":1,"href":"https:\/\/jamgo.coop\/es\/wp-json\/wp\/v2\/pages\/1043\/revisions"}],"predecessor-version":[{"id":1044,"href":"https:\/\/jamgo.coop\/es\/wp-json\/wp\/v2\/pages\/1043\/revisions\/1044"}],"wp:featuredmedia":[{"embeddable":true,"href":"https:\/\/jamgo.coop\/es\/wp-json\/wp\/v2\/media\/1286"}],"wp:attachment":[{"href":"https:\/\/jamgo.coop\/es\/wp-json\/wp\/v2\/media?parent=1043"}],"curies":[{"name":"wp","href":"https:\/\/api.w.org\/{rel}","templated":true}]}}