{"id":887,"date":"2021-10-29T13:00:25","date_gmt":"2021-10-29T13:00:25","guid":{"rendered":"https:\/\/jamgo.coop\/contacte\/"},"modified":"2025-02-27T17:49:43","modified_gmt":"2025-02-27T17:49:43","slug":"contact","status":"publish","type":"page","link":"https:\/\/jamgo.coop\/en\/contact\/","title":{"rendered":"Contact"},"content":{"rendered":"<p><a title=\"Obrir mapa\" href=\"https:\/\/www.google.es\/maps\/place\/Jamgo+SCCL\/@41.37545,2.1312809,18z\/data=!3m1!5s0x12a4988ecfd3954f:0x4ae7f2f89c98059c!4m9!1m2!2m1!1sRiera+d%E2%80%99Escuder,+38+%C2%B7+La+Comunal,+nau+3,+planta+1+%C2%B7+08028+Barcelona!3m5!1s0x12a49888eaac32eb:0xc2ead87bd6495aac!8m2!3d41.3760097!4d2.1320102!15sCkVSaWVyYSBkJ0VzY3VkZXIsIDM4IMK3IExhIENvbXVuYWwsIG5hdSAzLCBwbGFudGEgMSDCtyAwODAyOCBCYXJjZWxvbmGSAR1jb21wdXRlcl9zdXBwb3J0X2FuZF9zZXJ2aWNlcw?hl=es\" target=\"_blank\" rel=\"noopener\">Riera d\u2019Escuder, 38<br \/>\nLa Comunal, nau 3, planta 1<br \/>\n08028 Barcelona<\/a><\/p>\n<p>&nbsp;<\/p>\n<p><a title=\"Truca'ns ara!\" href=\"tel:+34622142502\">+34 622 142 502<\/a>\u00a0 \u00a0|\u00a0 \u00a0<a title=\"Escriu-nos per a qualsevol dubte!\" href=\"mailto:info@jamgo.coop?subject=Consulta%20web&amp;body=Hola%20Jamgo,%0a%0ala%20meva%20consulta%20es%20la%20seg\u00fcent:%0a%0a\">info@jamgo.coop<\/a><\/p>\n","protected":false},"excerpt":{"rendered":"<p>Riera d\u2019Escuder, 38 La Comunal, nau 3, planta 1 08028 Barcelona &nbsp; +34 622 142 502\u00a0 \u00a0|\u00a0 \u00a0info@jamgo.coop<\/p>\n","protected":false},"author":1,"featured_media":0,"parent":0,"menu_order":33,"comment_status":"closed","ping_status":"closed","template":"contacte.php","meta":{"inline_featured_image":false,"footnotes":""},"acf":[],"yoast_head":"<!-- This site is optimized with the Yoast SEO plugin v21.4 - https:\/\/yoast.com\/wordpress\/plugins\/seo\/ -->\n<title>Contact - Jamgo<\/title>\n<meta name=\"robots\" content=\"index, follow, max-snippet:-1, max-image-preview:large, max-video-preview:-1\" \/>\n<link rel=\"canonical\" href=\"https:\/\/jamgo.coop\/en\/contact\/\" \/>\n<meta property=\"og:locale\" content=\"en_US\" \/>\n<meta property=\"og:type\" content=\"article\" \/>\n<meta property=\"og:title\" content=\"Contact - Jamgo\" \/>\n<meta property=\"og:description\" content=\"Riera d\u2019Escuder, 38 La Comunal, nau 3, planta 1 08028 Barcelona &nbsp; +34 622 142 502\u00a0 \u00a0|\u00a0 \u00a0info@jamgo.coop\" \/>\n<meta property=\"og:url\" content=\"https:\/\/jamgo.coop\/en\/contact\/\" \/>\n<meta property=\"og:site_name\" content=\"Jamgo\" \/>\n<meta property=\"article:modified_time\" content=\"2025-02-27T17:49:43+00:00\" \/>\n<meta name=\"twitter:card\" content=\"summary_large_image\" \/>\n<meta name=\"twitter:label1\" content=\"Est. reading time\" \/>\n\t<meta name=\"twitter:data1\" content=\"1 minute\" \/>\n<script type=\"application\/ld+json\" class=\"yoast-schema-graph\">{\"@context\":\"https:\/\/schema.org\",\"@graph\":[{\"@type\":\"WebPage\",\"@id\":\"https:\/\/jamgo.coop\/en\/contact\/\",\"url\":\"https:\/\/jamgo.coop\/en\/contact\/\",\"name\":\"Contact - Jamgo\",\"isPartOf\":{\"@id\":\"https:\/\/jamgo.coop\/#website\"},\"datePublished\":\"2021-10-29T13:00:25+00:00\",\"dateModified\":\"2025-02-27T17:49:43+00:00\",\"breadcrumb\":{\"@id\":\"https:\/\/jamgo.coop\/en\/contact\/#breadcrumb\"},\"inLanguage\":\"en-US\",\"potentialAction\":[{\"@type\":\"ReadAction\",\"target\":[\"https:\/\/jamgo.coop\/en\/contact\/\"]}]},{\"@type\":\"BreadcrumbList\",\"@id\":\"https:\/\/jamgo.coop\/en\/contact\/#breadcrumb\",\"itemListElement\":[{\"@type\":\"ListItem\",\"position\":1,\"name\":\"Inici\",\"item\":\"https:\/\/jamgo.coop\/en\/\"},{\"@type\":\"ListItem\",\"position\":2,\"name\":\"Contact\"}]},{\"@type\":\"WebSite\",\"@id\":\"https:\/\/jamgo.coop\/#website\",\"url\":\"https:\/\/jamgo.coop\/\",\"name\":\"Jamgo\",\"description\":\"Cooperativa tecnol\u00f3gica - Dise\u00f1amos y desarrollamos entornos web y aplicaciones avanzadas. Trabajamos por una tecnolog\u00eda transformadora y solidaria.\",\"potentialAction\":[{\"@type\":\"SearchAction\",\"target\":{\"@type\":\"EntryPoint\",\"urlTemplate\":\"https:\/\/jamgo.coop\/?s={search_term_string}\"},\"query-input\":\"required name=search_term_string\"}],\"inLanguage\":\"en-US\"}]}<\/script>\n<!-- \/ Yoast SEO plugin. -->","yoast_head_json":{"title":"Contact - Jamgo","robots":{"index":"index","follow":"follow","max-snippet":"max-snippet:-1","max-image-preview":"max-image-preview:large","max-video-preview":"max-video-preview:-1"},"canonical":"https:\/\/jamgo.coop\/en\/contact\/","og_locale":"en_US","og_type":"article","og_title":"Contact - Jamgo","og_description":"Riera d\u2019Escuder, 38 La Comunal, nau 3, planta 1 08028 Barcelona &nbsp; +34 622 142 502\u00a0 \u00a0|\u00a0 \u00a0info@jamgo.coop","og_url":"https:\/\/jamgo.coop\/en\/contact\/","og_site_name":"Jamgo","article_modified_time":"2025-02-27T17:49:43+00:00","twitter_card":"summary_large_image","twitter_misc":{"Est. reading time":"1 minute"},"schema":{"@context":"https:\/\/schema.org","@graph":[{"@type":"WebPage","@id":"https:\/\/jamgo.coop\/en\/contact\/","url":"https:\/\/jamgo.coop\/en\/contact\/","name":"Contact - Jamgo","isPartOf":{"@id":"https:\/\/jamgo.coop\/#website"},"datePublished":"2021-10-29T13:00:25+00:00","dateModified":"2025-02-27T17:49:43+00:00","breadcrumb":{"@id":"https:\/\/jamgo.coop\/en\/contact\/#breadcrumb"},"inLanguage":"en-US","potentialAction":[{"@type":"ReadAction","target":["https:\/\/jamgo.coop\/en\/contact\/"]}]},{"@type":"BreadcrumbList","@id":"https:\/\/jamgo.coop\/en\/contact\/#breadcrumb","itemListElement":[{"@type":"ListItem","position":1,"name":"Inici","item":"https:\/\/jamgo.coop\/en\/"},{"@type":"ListItem","position":2,"name":"Contact"}]},{"@type":"WebSite","@id":"https:\/\/jamgo.coop\/#website","url":"https:\/\/jamgo.coop\/","name":"Jamgo","description":"Cooperativa tecnol\u00f3gica - Dise\u00f1amos y desarrollamos entornos web y aplicaciones avanzadas. Trabajamos por una tecnolog\u00eda transformadora y solidaria.","potentialAction":[{"@type":"SearchAction","target":{"@type":"EntryPoint","urlTemplate":"https:\/\/jamgo.coop\/?s={search_term_string}"},"query-input":"required name=search_term_string"}],"inLanguage":"en-US"}]}},"_links":{"self":[{"href":"https:\/\/jamgo.coop\/en\/wp-json\/wp\/v2\/pages\/887"}],"collection":[{"href":"https:\/\/jamgo.coop\/en\/wp-json\/wp\/v2\/pages"}],"about":[{"href":"https:\/\/jamgo.coop\/en\/wp-json\/wp\/v2\/types\/page"}],"author":[{"embeddable":true,"href":"https:\/\/jamgo.coop\/en\/wp-json\/wp\/v2\/users\/1"}],"replies":[{"embeddable":true,"href":"https:\/\/jamgo.coop\/en\/wp-json\/wp\/v2\/comments?post=887"}],"version-history":[{"count":4,"href":"https:\/\/jamgo.coop\/en\/wp-json\/wp\/v2\/pages\/887\/revisions"}],"predecessor-version":[{"id":15584,"href":"https:\/\/jamgo.coop\/en\/wp-json\/wp\/v2\/pages\/887\/revisions\/15584"}],"wp:attachment":[{"href":"https:\/\/jamgo.coop\/en\/wp-json\/wp\/v2\/media?parent=887"}],"curies":[{"name":"wp","href":"https:\/\/api.w.org\/{rel}","templated":true}]}}