{"id":6836,"date":"2021-10-29T12:53:17","date_gmt":"2021-10-29T12:53:17","guid":{"rendered":"https:\/\/jamgo.coop\/politica-privacitat\/"},"modified":"2023-04-14T12:29:08","modified_gmt":"2023-04-14T12:29:08","slug":"privacy_policy","status":"publish","type":"page","link":"https:\/\/jamgo.coop\/en\/privacy_policy\/","title":{"rendered":"Privacy policy"},"content":{"rendered":"\r\n<p><\/p>\r\n<p>This Privacy Policy establishes the terms in which https:\/\/jamgo.coop uses and protects the information that is provided by its users when using its website. The personal information collected through the website https:\/\/jamgo.coop will only be used in accordance with the terms of this document. However, this privacy policy may change over time or be updated.<\/p>\r\n<p><br \/><strong>Responsible for the processing of your personal data<\/strong><br \/>\u2022 Identity of the person in charge: Marta G\u00f3mez C\u00f3rcoles<br \/>\u2022 Trade name: Jamgo SCCL<br \/>\u2022 CIF: F65533259<br \/>\u2022 Address: Riera d\u2019Escuder, 38 \u00b7 La Comunal, nau 3, planta 1 \u00b7 08028 Barcelona<br \/>\u2022 Email: <a href=\"mailto:info@jamgo.coop\">info@jamgo.coop<\/a><br \/>\u2022 Activity: Responsible for communication<\/p>\r\n<p><br \/><strong>Data obtained<\/strong><br \/>Our website, through the contact form or the e-mails made available, may collect the personal data you provide through these means. Our website uses information in order to provide the best possible service, in particular we collect contact data to be able to respond to requests received through our web form.<br \/>User rights<br \/>Anyone has the right to obtain confirmation as to whether Jamgo SCCL has stored their data.<br \/>Interested persons have the right to:<br \/>\u2022 Request access to personal data relating to the interested party.<br \/>\u2022 Request rectification or deletion.<br \/>\u2022 Request the limitation of its treatment.<br \/>\u2022 Oppose the treatment.<br \/>\u2022 Request data portability.<br \/>Those interested will be able to access their personal data, as well as request the rectification of inaccurate data or, where appropriate, request their deletion when, among other reasons, the data is no longer necessary for to the ends they were collected.<\/p>\r\n<p><br \/><strong>Data conservation<\/strong><br \/>The personal data provided will be kept:<br \/>\u2022 As long as the commercial relationship is maintained.<br \/>\u2022 Do not request its deletion by the interested party.<\/p>\r\n<p><br \/><strong>Cookie policy<\/strong><br \/>A cookie is a file that is sent in order to request permission to be stored on your computer. By accepting, this file is created and the cookie then serves to have information regarding web traffic, and also facilitates future visits to a recurring website. Our website uses cookies to be able to identify the pages that are visited and their frequency. This information is used solely for statistical analysis and then the information is permanently deleted.<br \/>You can delete cookies at any time from your computer. You can accept or deny the use of cookies, but most browsers accept cookies automatically. You can also change your computer settings to decline cookies.<\/p>\r\n<p><br \/><strong>What are cookies?<\/strong><br \/>Cookies are files that the web server sends to your computer (PC, tablet, mobile, etc.) to record your activity on this web page. Cookies only collect statistical and therefore anonymous information. Cookies are associated only with the browser and for this reason both your identity as a user and the contents of your computer are completely anonymous to us. Cookies do not provide us with personal data.<\/p>\r\n<p><br \/><strong>Type of cookies<\/strong><br \/>Cookies can be classified in several ways, the main ones are listed below.<\/p>\r\n<p>According to the entity that manages them, the cookies are divided into:<br \/>\u2022 Own: they are sent from a team or website managed by the owner of the website.<br \/>\u2022 From third parties: they are sent from a computer or website not managed by the owner of the website.<\/p>\r\n<p>According to their duration, cookies are divided into:<br \/>\u2022 Session: they are automatically deleted when the user closes the browser.<br \/>\u2022 Permanent: they are stored longer in the browser, even for years.<br \/>These cookies are deleted automatically when the purpose for which they are used is fulfilled or manually.<\/p>\r\n<p>According to their purpose, cookies are divided into:<br \/>\u2022 Techniques: these are essential and strictly necessary for the correct functioning of the website.<br \/>\u2022 Customization: they allow you to improve navigation on the web page with some general features (such as languages).<br \/>\u2022 Analysis: they allow the monitoring and analysis of user behavior of the websites to which they are linked in order to introduce improvements based on the aggregated data.<br \/>\u2022 Advertising: These are those that allow the management, in the most effective way possible, of the advertising spaces that, if applicable, the publisher has included in a web page, application or platform from which it provides the requested service based on to criteria such as edited content or how often ads are shown.<\/p>\r\n<p><br \/><strong>What types of cookies do we use?<\/strong><br \/>Cookie name: pll_language, lang<br \/>Description: This cookie is specific to the tools with which the website has been developed, it saves the language chosen during navigation.<br \/>Expires one year from last update.<br \/>Server from which it is sent: jamgo.coop<br \/>Own or of third parties: Own<br \/>Purpose: Technique<br \/>Expiry date: 12 months<br \/>Excluded (from the duty of information and consent)<\/p>\r\n<p>Name of the cookie: _ga<br \/>Description: This cookie is used to count how many times a user visits the site. It also records when it was the first and last time you visited the website. Expires 2 years after last update.<br \/>Server from which it is sent: jamgo.coop<br \/>Own or of third parties: Third parties<br \/>Purpose: Analytics<br \/>Expiry date: 24 months<\/p>\r\n<p>Cookie name: _gid<br \/>Description: This cookie is used to distinguish users. Expires in 24 hours.<br \/>Own or of third parties: Third parties<br \/>Purpose: Analytics<br \/>Expiry date: 24 hours<\/p>\r\n<p><br \/><strong>How to revoke and delete cookies?<\/strong><br \/>By configuring the browser options you can allow, block or delete the cookies installed on your computer.<\/p>\r\n<p><\/p>\r\n","protected":false},"excerpt":{"rendered":"<p>This Privacy Policy establishes the terms in which https:\/\/jamgo.coop uses and protects the information that is provided by its users when using its website. The personal information collected through the website https:\/\/jamgo.coop will only be used in accordance with the terms of this document. However,\u2026<\/p>\n","protected":false},"author":1,"featured_media":0,"parent":0,"menu_order":43,"comment_status":"closed","ping_status":"open","template":"","meta":{"inline_featured_image":false,"footnotes":""},"acf":[],"yoast_head":"<!-- This site is optimized with the Yoast SEO plugin v21.4 - https:\/\/yoast.com\/wordpress\/plugins\/seo\/ -->\n<title>Privacy policy - Jamgo<\/title>\n<meta name=\"robots\" content=\"index, follow, max-snippet:-1, max-image-preview:large, max-video-preview:-1\" \/>\n<link rel=\"canonical\" href=\"https:\/\/jamgo.coop\/en\/privacy_policy\/\" \/>\n<meta property=\"og:locale\" content=\"en_US\" \/>\n<meta property=\"og:type\" content=\"article\" \/>\n<meta property=\"og:title\" content=\"Privacy policy - Jamgo\" \/>\n<meta property=\"og:description\" content=\"This Privacy Policy establishes the terms in which https:\/\/jamgo.coop uses and protects the information that is provided by its users when using its website. The personal information collected through the website https:\/\/jamgo.coop will only be used in accordance with the terms of this document. However,\u2026\" \/>\n<meta property=\"og:url\" content=\"https:\/\/jamgo.coop\/en\/privacy_policy\/\" \/>\n<meta property=\"og:site_name\" content=\"Jamgo\" \/>\n<meta property=\"article:modified_time\" content=\"2023-04-14T12:29:08+00:00\" \/>\n<meta name=\"twitter:card\" content=\"summary_large_image\" \/>\n<meta name=\"twitter:label1\" content=\"Est. reading time\" \/>\n\t<meta name=\"twitter:data1\" content=\"5 minutes\" \/>\n<script type=\"application\/ld+json\" class=\"yoast-schema-graph\">{\"@context\":\"https:\/\/schema.org\",\"@graph\":[{\"@type\":\"WebPage\",\"@id\":\"https:\/\/jamgo.coop\/en\/privacy_policy\/\",\"url\":\"https:\/\/jamgo.coop\/en\/privacy_policy\/\",\"name\":\"Privacy policy - Jamgo\",\"isPartOf\":{\"@id\":\"https:\/\/jamgo.coop\/#website\"},\"datePublished\":\"2021-10-29T12:53:17+00:00\",\"dateModified\":\"2023-04-14T12:29:08+00:00\",\"breadcrumb\":{\"@id\":\"https:\/\/jamgo.coop\/en\/privacy_policy\/#breadcrumb\"},\"inLanguage\":\"en-US\",\"potentialAction\":[{\"@type\":\"ReadAction\",\"target\":[\"https:\/\/jamgo.coop\/en\/privacy_policy\/\"]}]},{\"@type\":\"BreadcrumbList\",\"@id\":\"https:\/\/jamgo.coop\/en\/privacy_policy\/#breadcrumb\",\"itemListElement\":[{\"@type\":\"ListItem\",\"position\":1,\"name\":\"Inici\",\"item\":\"https:\/\/jamgo.coop\/en\/\"},{\"@type\":\"ListItem\",\"position\":2,\"name\":\"Privacy policy\"}]},{\"@type\":\"WebSite\",\"@id\":\"https:\/\/jamgo.coop\/#website\",\"url\":\"https:\/\/jamgo.coop\/\",\"name\":\"Jamgo\",\"description\":\"Cooperativa tecnol\u00f3gica - Dise\u00f1amos y desarrollamos entornos web y aplicaciones avanzadas. Trabajamos por una tecnolog\u00eda transformadora y solidaria.\",\"potentialAction\":[{\"@type\":\"SearchAction\",\"target\":{\"@type\":\"EntryPoint\",\"urlTemplate\":\"https:\/\/jamgo.coop\/?s={search_term_string}\"},\"query-input\":\"required name=search_term_string\"}],\"inLanguage\":\"en-US\"}]}<\/script>\n<!-- \/ Yoast SEO plugin. -->","yoast_head_json":{"title":"Privacy policy - Jamgo","robots":{"index":"index","follow":"follow","max-snippet":"max-snippet:-1","max-image-preview":"max-image-preview:large","max-video-preview":"max-video-preview:-1"},"canonical":"https:\/\/jamgo.coop\/en\/privacy_policy\/","og_locale":"en_US","og_type":"article","og_title":"Privacy policy - Jamgo","og_description":"This Privacy Policy establishes the terms in which https:\/\/jamgo.coop uses and protects the information that is provided by its users when using its website. The personal information collected through the website https:\/\/jamgo.coop will only be used in accordance with the terms of this document. However,\u2026","og_url":"https:\/\/jamgo.coop\/en\/privacy_policy\/","og_site_name":"Jamgo","article_modified_time":"2023-04-14T12:29:08+00:00","twitter_card":"summary_large_image","twitter_misc":{"Est. reading time":"5 minutes"},"schema":{"@context":"https:\/\/schema.org","@graph":[{"@type":"WebPage","@id":"https:\/\/jamgo.coop\/en\/privacy_policy\/","url":"https:\/\/jamgo.coop\/en\/privacy_policy\/","name":"Privacy policy - Jamgo","isPartOf":{"@id":"https:\/\/jamgo.coop\/#website"},"datePublished":"2021-10-29T12:53:17+00:00","dateModified":"2023-04-14T12:29:08+00:00","breadcrumb":{"@id":"https:\/\/jamgo.coop\/en\/privacy_policy\/#breadcrumb"},"inLanguage":"en-US","potentialAction":[{"@type":"ReadAction","target":["https:\/\/jamgo.coop\/en\/privacy_policy\/"]}]},{"@type":"BreadcrumbList","@id":"https:\/\/jamgo.coop\/en\/privacy_policy\/#breadcrumb","itemListElement":[{"@type":"ListItem","position":1,"name":"Inici","item":"https:\/\/jamgo.coop\/en\/"},{"@type":"ListItem","position":2,"name":"Privacy policy"}]},{"@type":"WebSite","@id":"https:\/\/jamgo.coop\/#website","url":"https:\/\/jamgo.coop\/","name":"Jamgo","description":"Cooperativa tecnol\u00f3gica - Dise\u00f1amos y desarrollamos entornos web y aplicaciones avanzadas. Trabajamos por una tecnolog\u00eda transformadora y solidaria.","potentialAction":[{"@type":"SearchAction","target":{"@type":"EntryPoint","urlTemplate":"https:\/\/jamgo.coop\/?s={search_term_string}"},"query-input":"required name=search_term_string"}],"inLanguage":"en-US"}]}},"_links":{"self":[{"href":"https:\/\/jamgo.coop\/en\/wp-json\/wp\/v2\/pages\/6836"}],"collection":[{"href":"https:\/\/jamgo.coop\/en\/wp-json\/wp\/v2\/pages"}],"about":[{"href":"https:\/\/jamgo.coop\/en\/wp-json\/wp\/v2\/types\/page"}],"author":[{"embeddable":true,"href":"https:\/\/jamgo.coop\/en\/wp-json\/wp\/v2\/users\/1"}],"replies":[{"embeddable":true,"href":"https:\/\/jamgo.coop\/en\/wp-json\/wp\/v2\/comments?post=6836"}],"version-history":[{"count":2,"href":"https:\/\/jamgo.coop\/en\/wp-json\/wp\/v2\/pages\/6836\/revisions"}],"predecessor-version":[{"id":6839,"href":"https:\/\/jamgo.coop\/en\/wp-json\/wp\/v2\/pages\/6836\/revisions\/6839"}],"wp:attachment":[{"href":"https:\/\/jamgo.coop\/en\/wp-json\/wp\/v2\/media?parent=6836"}],"curies":[{"name":"wp","href":"https:\/\/api.w.org\/{rel}","templated":true}]}}