{"id":1902,"date":"2021-10-29T12:59:11","date_gmt":"2021-10-29T12:59:11","guid":{"rendered":"https:\/\/jamgo.coop\/software-a-mida\/"},"modified":"2022-09-02T11:31:25","modified_gmt":"2022-09-02T11:31:25","slug":"custom-software","status":"publish","type":"page","link":"https:\/\/jamgo.coop\/en\/custom-software\/","title":{"rendered":"Services"},"content":{"rendered":"<p>At Jamgo we design and develop custom software. From advanced computer applications to web pages, designed for the needs of our customers. We work with free software technologies that promote the creation of collective projects and avoid proprietary licenses that only benefit a few. For Jamgo this is our way to build together a more fair, accessible, horizontal and free technology, at the service of society.<\/p>\n","protected":false},"excerpt":{"rendered":"<p>At Jamgo we design and develop custom software. From advanced computer applications to web pages, designed for the needs of our customers. We work with free software technologies that promote the creation of collective projects and avoid proprietary licenses that only benefit a few. For\u2026<\/p>\n","protected":false},"author":1,"featured_media":0,"parent":0,"menu_order":47,"comment_status":"closed","ping_status":"closed","template":"serveis.php","meta":{"inline_featured_image":false,"footnotes":""},"acf":[],"yoast_head":"<!-- This site is optimized with the Yoast SEO plugin v21.4 - https:\/\/yoast.com\/wordpress\/plugins\/seo\/ -->\n<title>Software a mida | Desenvolupament web i app | Disseny web | Jamgo<\/title>\n<meta name=\"description\" content=\"Desenvolupem software a mida: backoffice, desenvolupament web i app, disseny web, posicionament web, formaci\u00f3 tecnol\u00f2gica. Contacta Jamgo!\" \/>\n<meta name=\"robots\" content=\"index, follow, max-snippet:-1, max-image-preview:large, max-video-preview:-1\" \/>\n<link rel=\"canonical\" href=\"https:\/\/jamgo.coop\/en\/custom-software\/\" \/>\n<meta property=\"og:locale\" content=\"en_US\" \/>\n<meta property=\"og:type\" content=\"article\" \/>\n<meta property=\"og:title\" content=\"Software a mida | Desenvolupament web i app | Disseny web | Jamgo\" \/>\n<meta property=\"og:description\" content=\"Desenvolupem software a mida: backoffice, desenvolupament web i app, disseny web, posicionament web, formaci\u00f3 tecnol\u00f2gica. Contacta Jamgo!\" \/>\n<meta property=\"og:url\" content=\"https:\/\/jamgo.coop\/en\/custom-software\/\" \/>\n<meta property=\"og:site_name\" content=\"Jamgo\" \/>\n<meta property=\"article:modified_time\" content=\"2022-09-02T11:31:25+00:00\" \/>\n<meta name=\"twitter:card\" content=\"summary_large_image\" \/>\n<meta name=\"twitter:label1\" content=\"Est. reading time\" \/>\n\t<meta name=\"twitter:data1\" content=\"1 minute\" \/>\n<script type=\"application\/ld+json\" class=\"yoast-schema-graph\">{\"@context\":\"https:\/\/schema.org\",\"@graph\":[{\"@type\":\"WebPage\",\"@id\":\"https:\/\/jamgo.coop\/en\/custom-software\/\",\"url\":\"https:\/\/jamgo.coop\/en\/custom-software\/\",\"name\":\"Software a mida | Desenvolupament web i app | Disseny web | Jamgo\",\"isPartOf\":{\"@id\":\"https:\/\/jamgo.coop\/#website\"},\"datePublished\":\"2021-10-29T12:59:11+00:00\",\"dateModified\":\"2022-09-02T11:31:25+00:00\",\"description\":\"Desenvolupem software a mida: backoffice, desenvolupament web i app, disseny web, posicionament web, formaci\u00f3 tecnol\u00f2gica. Contacta Jamgo!\",\"breadcrumb\":{\"@id\":\"https:\/\/jamgo.coop\/en\/custom-software\/#breadcrumb\"},\"inLanguage\":\"en-US\",\"potentialAction\":[{\"@type\":\"ReadAction\",\"target\":[\"https:\/\/jamgo.coop\/en\/custom-software\/\"]}]},{\"@type\":\"BreadcrumbList\",\"@id\":\"https:\/\/jamgo.coop\/en\/custom-software\/#breadcrumb\",\"itemListElement\":[{\"@type\":\"ListItem\",\"position\":1,\"name\":\"Inici\",\"item\":\"https:\/\/jamgo.coop\/en\/\"},{\"@type\":\"ListItem\",\"position\":2,\"name\":\"Services\"}]},{\"@type\":\"WebSite\",\"@id\":\"https:\/\/jamgo.coop\/#website\",\"url\":\"https:\/\/jamgo.coop\/\",\"name\":\"Jamgo\",\"description\":\"Cooperativa tecnol\u00f3gica - Dise\u00f1amos y desarrollamos entornos web y aplicaciones avanzadas. Trabajamos por una tecnolog\u00eda transformadora y solidaria.\",\"potentialAction\":[{\"@type\":\"SearchAction\",\"target\":{\"@type\":\"EntryPoint\",\"urlTemplate\":\"https:\/\/jamgo.coop\/?s={search_term_string}\"},\"query-input\":\"required name=search_term_string\"}],\"inLanguage\":\"en-US\"}]}<\/script>\n<!-- \/ Yoast SEO plugin. -->","yoast_head_json":{"title":"Software a mida | Desenvolupament web i app | Disseny web | Jamgo","description":"Desenvolupem software a mida: backoffice, desenvolupament web i app, disseny web, posicionament web, formaci\u00f3 tecnol\u00f2gica. Contacta Jamgo!","robots":{"index":"index","follow":"follow","max-snippet":"max-snippet:-1","max-image-preview":"max-image-preview:large","max-video-preview":"max-video-preview:-1"},"canonical":"https:\/\/jamgo.coop\/en\/custom-software\/","og_locale":"en_US","og_type":"article","og_title":"Software a mida | Desenvolupament web i app | Disseny web | Jamgo","og_description":"Desenvolupem software a mida: backoffice, desenvolupament web i app, disseny web, posicionament web, formaci\u00f3 tecnol\u00f2gica. Contacta Jamgo!","og_url":"https:\/\/jamgo.coop\/en\/custom-software\/","og_site_name":"Jamgo","article_modified_time":"2022-09-02T11:31:25+00:00","twitter_card":"summary_large_image","twitter_misc":{"Est. reading time":"1 minute"},"schema":{"@context":"https:\/\/schema.org","@graph":[{"@type":"WebPage","@id":"https:\/\/jamgo.coop\/en\/custom-software\/","url":"https:\/\/jamgo.coop\/en\/custom-software\/","name":"Software a mida | Desenvolupament web i app | Disseny web | Jamgo","isPartOf":{"@id":"https:\/\/jamgo.coop\/#website"},"datePublished":"2021-10-29T12:59:11+00:00","dateModified":"2022-09-02T11:31:25+00:00","description":"Desenvolupem software a mida: backoffice, desenvolupament web i app, disseny web, posicionament web, formaci\u00f3 tecnol\u00f2gica. Contacta Jamgo!","breadcrumb":{"@id":"https:\/\/jamgo.coop\/en\/custom-software\/#breadcrumb"},"inLanguage":"en-US","potentialAction":[{"@type":"ReadAction","target":["https:\/\/jamgo.coop\/en\/custom-software\/"]}]},{"@type":"BreadcrumbList","@id":"https:\/\/jamgo.coop\/en\/custom-software\/#breadcrumb","itemListElement":[{"@type":"ListItem","position":1,"name":"Inici","item":"https:\/\/jamgo.coop\/en\/"},{"@type":"ListItem","position":2,"name":"Services"}]},{"@type":"WebSite","@id":"https:\/\/jamgo.coop\/#website","url":"https:\/\/jamgo.coop\/","name":"Jamgo","description":"Cooperativa tecnol\u00f3gica - Dise\u00f1amos y desarrollamos entornos web y aplicaciones avanzadas. Trabajamos por una tecnolog\u00eda transformadora y solidaria.","potentialAction":[{"@type":"SearchAction","target":{"@type":"EntryPoint","urlTemplate":"https:\/\/jamgo.coop\/?s={search_term_string}"},"query-input":"required name=search_term_string"}],"inLanguage":"en-US"}]}},"_links":{"self":[{"href":"https:\/\/jamgo.coop\/en\/wp-json\/wp\/v2\/pages\/1902"}],"collection":[{"href":"https:\/\/jamgo.coop\/en\/wp-json\/wp\/v2\/pages"}],"about":[{"href":"https:\/\/jamgo.coop\/en\/wp-json\/wp\/v2\/types\/page"}],"author":[{"embeddable":true,"href":"https:\/\/jamgo.coop\/en\/wp-json\/wp\/v2\/users\/1"}],"replies":[{"embeddable":true,"href":"https:\/\/jamgo.coop\/en\/wp-json\/wp\/v2\/comments?post=1902"}],"version-history":[{"count":3,"href":"https:\/\/jamgo.coop\/en\/wp-json\/wp\/v2\/pages\/1902\/revisions"}],"predecessor-version":[{"id":3932,"href":"https:\/\/jamgo.coop\/en\/wp-json\/wp\/v2\/pages\/1902\/revisions\/3932"}],"wp:attachment":[{"href":"https:\/\/jamgo.coop\/en\/wp-json\/wp\/v2\/media?parent=1902"}],"curies":[{"name":"wp","href":"https:\/\/api.w.org\/{rel}","templated":true}]}}