{"id":1061,"date":"2022-01-19T17:22:37","date_gmt":"2022-01-19T17:22:37","guid":{"rendered":"https:\/\/jamgo.coop\/que-es-la-comunal\/"},"modified":"2022-03-24T09:58:24","modified_gmt":"2022-03-24T09:58:24","slug":"que-es-la-comunal","status":"publish","type":"page","link":"https:\/\/jamgo.coop\/en\/que-es-la-comunal\/","title":{"rendered":"Qu\u00e8 \u00e9s La comunal?"},"content":{"rendered":"<p><span style=\"font-weight: 400;\">La Comunal \u00e9s un espai cultural cooperatiu que habitem vuit projectes de l\u2019Economia Solid\u00e0ria: Lacol, La Ciutat Invisible, Directa, Aula d\u2019Idiomes, Que Soni, Iridia, la Deskomunal i Jamgo. Per nosaltres, una seu compartida amb altres entitats \u00e9s una oportunitat per mancomunar serveis, per col\u00b7laborar amb altres cooperatives d\u2019una manera m\u00e9s directa i per fer cr\u00e9ixer i potenciar les nostres pr\u00e0ctiques transformadores.<\/span><\/p>\n<p><span style=\"font-weight: 400;\">Per Jamgo, sumar-nos a La comunal no va ser una decisi\u00f3 sobtada, sin\u00f3 que va ser un proc\u00e9s llarg i compartit amb les companyes. Aquest proc\u00e9s inclou un acord amb la propietat de l\u2019edifici, la qual cosa ens dona la seguretat que hi podrem estar durant molts anys. En aquest sentit, La comunal \u00e9s per nosaltres una aposta de futur, una manera d\u2019assegurar-nos un espai digne de treball a llarg termini. Creiem fermament que posar la vida al centre tamb\u00e9 t\u00e9 a veure amb els espais dignes i amb la seguretat de saber que no ens faran fora. Per descomptat, no es tracta nom\u00e9s de l\u2019espai, sin\u00f3 de cuidar-nos en el dia a dia amb les companyes de les altres cooperatives i d\u2019afrontar el repte de crear espais estrat\u00e8gics de transformaci\u00f3.<\/span><\/p>\n<p><b>I com \u00e9s el projecte arquitect\u00f2nic de La comunal?\u00a0<\/b><\/p>\n<p><span style=\"font-weight: 400;\">El projecte dona nova vida a quatre naus industrials d\u2019inspiraci\u00f3 modernista constru\u00efdes el 1926 i declarades com a b\u00e9 arquitect\u00f2nic patrimonial. El conjunt, dissenyat per l\u2019arquitecte Joan Bruguera i Roget per enc\u00e0rrec de l\u2019industrial t\u00e8xtil Francesc Sans havia albergat una escola cat\u00f2lica per fam\u00edlies obreres i diferents tallers al llarg de la seva hist\u00f2ria (toldos i veles). En els darrers vint anys, per\u00f2, els edificis i el seu entorn havien patit un deteriorament important. La rehabilitaci\u00f3. respectuosa amb l\u2019her\u00e8ncia patrimonial i realitzada amb criteris de sostenibilitat energ\u00e8tica i ambiental, tamb\u00e9 significa la recuperaci\u00f3 i dignificaci\u00f3 d\u2019un espai rellevant de la mem\u00f2ria obrera del barri.<\/span><\/p>\n<p><span style=\"font-weight: 400;\">El complex s\u2019organitza al voltant d\u2019un pati, eix central de l\u2019activitat intercooperativa de les organitzacions de La Comunal per\u00f2 tamb\u00e9 obert al p\u00fablic; un espai ben il\u00b7luminat, accessible i segur, pensat per fer vida comunit\u00e0ria i amb mirada ecofeminista per convertir-se en refugi clim\u00e0tic per al ve\u00efnat del barri de Sants.<\/span><\/p>\n","protected":false},"excerpt":{"rendered":"<p>La Comunal \u00e9s un espai cultural cooperatiu que habitem vuit projectes de l\u2019Economia Solid\u00e0ria: Lacol, La Ciutat Invisible, Directa, Aula d\u2019Idiomes, Que Soni, Iridia, la Deskomunal i Jamgo. Per nosaltres, una seu compartida amb altres entitats \u00e9s una oportunitat per mancomunar serveis, per col\u00b7laborar amb\u2026<\/p>\n","protected":false},"author":1,"featured_media":816,"parent":0,"menu_order":2,"comment_status":"closed","ping_status":"closed","template":"single-faq.php","meta":{"inline_featured_image":false,"footnotes":""},"acf":[],"yoast_head":"<!-- This site is optimized with the Yoast SEO plugin v21.4 - https:\/\/yoast.com\/wordpress\/plugins\/seo\/ -->\n<title>Qu\u00e8 \u00e9s La comunal? - Jamgo<\/title>\n<meta name=\"robots\" content=\"index, follow, max-snippet:-1, max-image-preview:large, max-video-preview:-1\" \/>\n<link rel=\"canonical\" href=\"https:\/\/jamgo.coop\/en\/que-es-la-comunal\/\" \/>\n<meta property=\"og:locale\" content=\"en_US\" \/>\n<meta property=\"og:type\" content=\"article\" \/>\n<meta property=\"og:title\" content=\"Qu\u00e8 \u00e9s La comunal? - Jamgo\" \/>\n<meta property=\"og:description\" content=\"La Comunal \u00e9s un espai cultural cooperatiu que habitem vuit projectes de l\u2019Economia Solid\u00e0ria: Lacol, La Ciutat Invisible, Directa, Aula d\u2019Idiomes, Que Soni, Iridia, la Deskomunal i Jamgo. Per nosaltres, una seu compartida amb altres entitats \u00e9s una oportunitat per mancomunar serveis, per col\u00b7laborar amb\u2026\" \/>\n<meta property=\"og:url\" content=\"https:\/\/jamgo.coop\/en\/que-es-la-comunal\/\" \/>\n<meta property=\"og:site_name\" content=\"Jamgo\" \/>\n<meta property=\"article:modified_time\" content=\"2022-03-24T09:58:24+00:00\" \/>\n<meta property=\"og:image\" content=\"https:\/\/jamgo.coop\/wp-content\/uploads\/2022\/02\/inter-cooperacio-scaled.jpg\" \/>\n\t<meta property=\"og:image:width\" content=\"2560\" \/>\n\t<meta property=\"og:image:height\" content=\"1541\" \/>\n\t<meta property=\"og:image:type\" content=\"image\/jpeg\" \/>\n<meta name=\"twitter:card\" content=\"summary_large_image\" \/>\n<meta name=\"twitter:label1\" content=\"Est. reading time\" \/>\n\t<meta name=\"twitter:data1\" content=\"2 minutes\" \/>\n<script type=\"application\/ld+json\" class=\"yoast-schema-graph\">{\"@context\":\"https:\/\/schema.org\",\"@graph\":[{\"@type\":\"WebPage\",\"@id\":\"https:\/\/jamgo.coop\/en\/que-es-la-comunal\/\",\"url\":\"https:\/\/jamgo.coop\/en\/que-es-la-comunal\/\",\"name\":\"Qu\u00e8 \u00e9s La comunal? - Jamgo\",\"isPartOf\":{\"@id\":\"https:\/\/jamgo.coop\/#website\"},\"datePublished\":\"2022-01-19T17:22:37+00:00\",\"dateModified\":\"2022-03-24T09:58:24+00:00\",\"breadcrumb\":{\"@id\":\"https:\/\/jamgo.coop\/en\/que-es-la-comunal\/#breadcrumb\"},\"inLanguage\":\"en-US\",\"potentialAction\":[{\"@type\":\"ReadAction\",\"target\":[\"https:\/\/jamgo.coop\/en\/que-es-la-comunal\/\"]}]},{\"@type\":\"BreadcrumbList\",\"@id\":\"https:\/\/jamgo.coop\/en\/que-es-la-comunal\/#breadcrumb\",\"itemListElement\":[{\"@type\":\"ListItem\",\"position\":1,\"name\":\"Inici\",\"item\":\"https:\/\/jamgo.coop\/en\/\"},{\"@type\":\"ListItem\",\"position\":2,\"name\":\"Qu\u00e8 \u00e9s La comunal?\"}]},{\"@type\":\"WebSite\",\"@id\":\"https:\/\/jamgo.coop\/#website\",\"url\":\"https:\/\/jamgo.coop\/\",\"name\":\"Jamgo\",\"description\":\"Cooperativa tecnol\u00f3gica - Dise\u00f1amos y desarrollamos entornos web y aplicaciones avanzadas. Trabajamos por una tecnolog\u00eda transformadora y solidaria.\",\"potentialAction\":[{\"@type\":\"SearchAction\",\"target\":{\"@type\":\"EntryPoint\",\"urlTemplate\":\"https:\/\/jamgo.coop\/?s={search_term_string}\"},\"query-input\":\"required name=search_term_string\"}],\"inLanguage\":\"en-US\"}]}<\/script>\n<!-- \/ Yoast SEO plugin. -->","yoast_head_json":{"title":"Qu\u00e8 \u00e9s La comunal? - Jamgo","robots":{"index":"index","follow":"follow","max-snippet":"max-snippet:-1","max-image-preview":"max-image-preview:large","max-video-preview":"max-video-preview:-1"},"canonical":"https:\/\/jamgo.coop\/en\/que-es-la-comunal\/","og_locale":"en_US","og_type":"article","og_title":"Qu\u00e8 \u00e9s La comunal? - Jamgo","og_description":"La Comunal \u00e9s un espai cultural cooperatiu que habitem vuit projectes de l\u2019Economia Solid\u00e0ria: Lacol, La Ciutat Invisible, Directa, Aula d\u2019Idiomes, Que Soni, Iridia, la Deskomunal i Jamgo. Per nosaltres, una seu compartida amb altres entitats \u00e9s una oportunitat per mancomunar serveis, per col\u00b7laborar amb\u2026","og_url":"https:\/\/jamgo.coop\/en\/que-es-la-comunal\/","og_site_name":"Jamgo","article_modified_time":"2022-03-24T09:58:24+00:00","og_image":[{"width":2560,"height":1541,"url":"https:\/\/jamgo.coop\/wp-content\/uploads\/2022\/02\/inter-cooperacio-scaled.jpg","type":"image\/jpeg"}],"twitter_card":"summary_large_image","twitter_misc":{"Est. reading time":"2 minutes"},"schema":{"@context":"https:\/\/schema.org","@graph":[{"@type":"WebPage","@id":"https:\/\/jamgo.coop\/en\/que-es-la-comunal\/","url":"https:\/\/jamgo.coop\/en\/que-es-la-comunal\/","name":"Qu\u00e8 \u00e9s La comunal? - Jamgo","isPartOf":{"@id":"https:\/\/jamgo.coop\/#website"},"datePublished":"2022-01-19T17:22:37+00:00","dateModified":"2022-03-24T09:58:24+00:00","breadcrumb":{"@id":"https:\/\/jamgo.coop\/en\/que-es-la-comunal\/#breadcrumb"},"inLanguage":"en-US","potentialAction":[{"@type":"ReadAction","target":["https:\/\/jamgo.coop\/en\/que-es-la-comunal\/"]}]},{"@type":"BreadcrumbList","@id":"https:\/\/jamgo.coop\/en\/que-es-la-comunal\/#breadcrumb","itemListElement":[{"@type":"ListItem","position":1,"name":"Inici","item":"https:\/\/jamgo.coop\/en\/"},{"@type":"ListItem","position":2,"name":"Qu\u00e8 \u00e9s La comunal?"}]},{"@type":"WebSite","@id":"https:\/\/jamgo.coop\/#website","url":"https:\/\/jamgo.coop\/","name":"Jamgo","description":"Cooperativa tecnol\u00f3gica - Dise\u00f1amos y desarrollamos entornos web y aplicaciones avanzadas. Trabajamos por una tecnolog\u00eda transformadora y solidaria.","potentialAction":[{"@type":"SearchAction","target":{"@type":"EntryPoint","urlTemplate":"https:\/\/jamgo.coop\/?s={search_term_string}"},"query-input":"required name=search_term_string"}],"inLanguage":"en-US"}]}},"_links":{"self":[{"href":"https:\/\/jamgo.coop\/en\/wp-json\/wp\/v2\/pages\/1061"}],"collection":[{"href":"https:\/\/jamgo.coop\/en\/wp-json\/wp\/v2\/pages"}],"about":[{"href":"https:\/\/jamgo.coop\/en\/wp-json\/wp\/v2\/types\/page"}],"author":[{"embeddable":true,"href":"https:\/\/jamgo.coop\/en\/wp-json\/wp\/v2\/users\/1"}],"replies":[{"embeddable":true,"href":"https:\/\/jamgo.coop\/en\/wp-json\/wp\/v2\/comments?post=1061"}],"version-history":[{"count":1,"href":"https:\/\/jamgo.coop\/en\/wp-json\/wp\/v2\/pages\/1061\/revisions"}],"predecessor-version":[{"id":1063,"href":"https:\/\/jamgo.coop\/en\/wp-json\/wp\/v2\/pages\/1061\/revisions\/1063"}],"wp:featuredmedia":[{"embeddable":true,"href":"https:\/\/jamgo.coop\/en\/wp-json\/wp\/v2\/media\/816"}],"wp:attachment":[{"href":"https:\/\/jamgo.coop\/en\/wp-json\/wp\/v2\/media?parent=1061"}],"curies":[{"name":"wp","href":"https:\/\/api.w.org\/{rel}","templated":true}]}}