{"id":1057,"date":"2022-01-19T17:20:49","date_gmt":"2022-01-19T17:20:49","guid":{"rendered":"https:\/\/jamgo.coop\/que-es-el-jamgo-framework\/"},"modified":"2022-03-24T10:26:38","modified_gmt":"2022-03-24T10:26:38","slug":"what-is-the-jamgo-framework","status":"publish","type":"page","link":"https:\/\/jamgo.coop\/en\/what-is-the-jamgo-framework\/","title":{"rendered":"What is the Jamgo framework?"},"content":{"rendered":"<p><span style=\"font-weight: 400;\">A Jamgo fa un temps que estem treballant en un Framework propi Open Source basat en Vaadin i Spring: el Jamgo Framework. S\u2019aplica sobretot a uns tipus de desenvolupaments que s\u00f3n molt habituals i recurrents en les propostes que fem, aquelles que habitualment s\u2019anomenen backoffice, interf\u00edcie d\u2019administraci\u00f3 o, \u00e0rea de gesti\u00f3. El Jamgo Framework ens permet no haver de comen\u00e7ar de zero cada nou projecte d\u2019aquest tipus i d\u2019aquesta manera li podem mostar al client una eina web funcional en poc temps. Gr\u00e0cies al feedback dels clients i a les noves tecnologies que anem aprenent el framework es un projecte amb continu\u00eftat.<\/span><\/p>\n<p><span style=\"font-weight: 400;\">Perqu\u00e8 un framework?<\/span><\/p>\n<p><span style=\"font-weight: 400;\">Desenvolupar software amb un framework compta amb diversos avantatges. Entre ells, el fet que evitem escriure codi repetitiu, donat que la majoria de projectes tenen parts comunes necess\u00e0ries. O tamb\u00e9 el fet que ens permet desenvolupar d\u2019una manera m\u00e9s r\u00e0pida, robusta, neta i segura. A m\u00e9s, segons un estudi de GitHub, biblioteques i frameworks s\u00f3n els elements m\u00e9s reutilitzables del software lliure.<\/span><\/p>\n<p><span style=\"font-weight: 400;\">Defensem el codi lliure i volem que el nostre framework serveixi a altres projectes. Tant si vols contribuir-hi com a programadora, com si vols crear-te una inst\u00e0ncia per a un altre projecte, tenim el codi obert per a tu:<\/span><\/p>\n<p>&nbsp;<\/p>\n<p>&nbsp;<\/p>\n","protected":false},"excerpt":{"rendered":"<p>A Jamgo fa un temps que estem treballant en un Framework propi Open Source basat en Vaadin i Spring: el Jamgo Framework. S\u2019aplica sobretot a uns tipus de desenvolupaments que s\u00f3n molt habituals i recurrents en les propostes que fem, aquelles que habitualment s\u2019anomenen backoffice,\u2026<\/p>\n","protected":false},"author":1,"featured_media":1345,"parent":0,"menu_order":8,"comment_status":"closed","ping_status":"closed","template":"single-faq.php","meta":{"inline_featured_image":false,"footnotes":""},"acf":[],"yoast_head":"<!-- This site is optimized with the Yoast SEO plugin v21.4 - https:\/\/yoast.com\/wordpress\/plugins\/seo\/ -->\n<title>What is the Jamgo framework? - Jamgo<\/title>\n<meta name=\"robots\" content=\"index, follow, max-snippet:-1, max-image-preview:large, max-video-preview:-1\" \/>\n<link rel=\"canonical\" href=\"https:\/\/jamgo.coop\/en\/what-is-the-jamgo-framework\/\" \/>\n<meta property=\"og:locale\" content=\"en_US\" \/>\n<meta property=\"og:type\" content=\"article\" \/>\n<meta property=\"og:title\" content=\"What is the Jamgo framework? - Jamgo\" \/>\n<meta property=\"og:description\" content=\"A Jamgo fa un temps que estem treballant en un Framework propi Open Source basat en Vaadin i Spring: el Jamgo Framework. S\u2019aplica sobretot a uns tipus de desenvolupaments que s\u00f3n molt habituals i recurrents en les propostes que fem, aquelles que habitualment s\u2019anomenen backoffice,\u2026\" \/>\n<meta property=\"og:url\" content=\"https:\/\/jamgo.coop\/en\/what-is-the-jamgo-framework\/\" \/>\n<meta property=\"og:site_name\" content=\"Jamgo\" \/>\n<meta property=\"article:modified_time\" content=\"2022-03-24T10:26:38+00:00\" \/>\n<meta property=\"og:image\" content=\"https:\/\/jamgo.coop\/wp-content\/uploads\/2022\/03\/jamgo-framework.png\" \/>\n\t<meta property=\"og:image:width\" content=\"810\" \/>\n\t<meta property=\"og:image:height\" content=\"450\" \/>\n\t<meta property=\"og:image:type\" content=\"image\/png\" \/>\n<meta name=\"twitter:card\" content=\"summary_large_image\" \/>\n<meta name=\"twitter:label1\" content=\"Est. reading time\" \/>\n\t<meta name=\"twitter:data1\" content=\"1 minute\" \/>\n<script type=\"application\/ld+json\" class=\"yoast-schema-graph\">{\"@context\":\"https:\/\/schema.org\",\"@graph\":[{\"@type\":\"WebPage\",\"@id\":\"https:\/\/jamgo.coop\/en\/what-is-the-jamgo-framework\/\",\"url\":\"https:\/\/jamgo.coop\/en\/what-is-the-jamgo-framework\/\",\"name\":\"What is the Jamgo framework? - Jamgo\",\"isPartOf\":{\"@id\":\"https:\/\/jamgo.coop\/#website\"},\"datePublished\":\"2022-01-19T17:20:49+00:00\",\"dateModified\":\"2022-03-24T10:26:38+00:00\",\"breadcrumb\":{\"@id\":\"https:\/\/jamgo.coop\/en\/what-is-the-jamgo-framework\/#breadcrumb\"},\"inLanguage\":\"en-US\",\"potentialAction\":[{\"@type\":\"ReadAction\",\"target\":[\"https:\/\/jamgo.coop\/en\/what-is-the-jamgo-framework\/\"]}]},{\"@type\":\"BreadcrumbList\",\"@id\":\"https:\/\/jamgo.coop\/en\/what-is-the-jamgo-framework\/#breadcrumb\",\"itemListElement\":[{\"@type\":\"ListItem\",\"position\":1,\"name\":\"Inici\",\"item\":\"https:\/\/jamgo.coop\/en\/\"},{\"@type\":\"ListItem\",\"position\":2,\"name\":\"What is the Jamgo framework?\"}]},{\"@type\":\"WebSite\",\"@id\":\"https:\/\/jamgo.coop\/#website\",\"url\":\"https:\/\/jamgo.coop\/\",\"name\":\"Jamgo\",\"description\":\"Cooperativa tecnol\u00f3gica - Dise\u00f1amos y desarrollamos entornos web y aplicaciones avanzadas. Trabajamos por una tecnolog\u00eda transformadora y solidaria.\",\"potentialAction\":[{\"@type\":\"SearchAction\",\"target\":{\"@type\":\"EntryPoint\",\"urlTemplate\":\"https:\/\/jamgo.coop\/?s={search_term_string}\"},\"query-input\":\"required name=search_term_string\"}],\"inLanguage\":\"en-US\"}]}<\/script>\n<!-- \/ Yoast SEO plugin. -->","yoast_head_json":{"title":"What is the Jamgo framework? - Jamgo","robots":{"index":"index","follow":"follow","max-snippet":"max-snippet:-1","max-image-preview":"max-image-preview:large","max-video-preview":"max-video-preview:-1"},"canonical":"https:\/\/jamgo.coop\/en\/what-is-the-jamgo-framework\/","og_locale":"en_US","og_type":"article","og_title":"What is the Jamgo framework? - Jamgo","og_description":"A Jamgo fa un temps que estem treballant en un Framework propi Open Source basat en Vaadin i Spring: el Jamgo Framework. S\u2019aplica sobretot a uns tipus de desenvolupaments que s\u00f3n molt habituals i recurrents en les propostes que fem, aquelles que habitualment s\u2019anomenen backoffice,\u2026","og_url":"https:\/\/jamgo.coop\/en\/what-is-the-jamgo-framework\/","og_site_name":"Jamgo","article_modified_time":"2022-03-24T10:26:38+00:00","og_image":[{"width":810,"height":450,"url":"https:\/\/jamgo.coop\/wp-content\/uploads\/2022\/03\/jamgo-framework.png","type":"image\/png"}],"twitter_card":"summary_large_image","twitter_misc":{"Est. reading time":"1 minute"},"schema":{"@context":"https:\/\/schema.org","@graph":[{"@type":"WebPage","@id":"https:\/\/jamgo.coop\/en\/what-is-the-jamgo-framework\/","url":"https:\/\/jamgo.coop\/en\/what-is-the-jamgo-framework\/","name":"What is the Jamgo framework? - Jamgo","isPartOf":{"@id":"https:\/\/jamgo.coop\/#website"},"datePublished":"2022-01-19T17:20:49+00:00","dateModified":"2022-03-24T10:26:38+00:00","breadcrumb":{"@id":"https:\/\/jamgo.coop\/en\/what-is-the-jamgo-framework\/#breadcrumb"},"inLanguage":"en-US","potentialAction":[{"@type":"ReadAction","target":["https:\/\/jamgo.coop\/en\/what-is-the-jamgo-framework\/"]}]},{"@type":"BreadcrumbList","@id":"https:\/\/jamgo.coop\/en\/what-is-the-jamgo-framework\/#breadcrumb","itemListElement":[{"@type":"ListItem","position":1,"name":"Inici","item":"https:\/\/jamgo.coop\/en\/"},{"@type":"ListItem","position":2,"name":"What is the Jamgo framework?"}]},{"@type":"WebSite","@id":"https:\/\/jamgo.coop\/#website","url":"https:\/\/jamgo.coop\/","name":"Jamgo","description":"Cooperativa tecnol\u00f3gica - Dise\u00f1amos y desarrollamos entornos web y aplicaciones avanzadas. Trabajamos por una tecnolog\u00eda transformadora y solidaria.","potentialAction":[{"@type":"SearchAction","target":{"@type":"EntryPoint","urlTemplate":"https:\/\/jamgo.coop\/?s={search_term_string}"},"query-input":"required name=search_term_string"}],"inLanguage":"en-US"}]}},"_links":{"self":[{"href":"https:\/\/jamgo.coop\/en\/wp-json\/wp\/v2\/pages\/1057"}],"collection":[{"href":"https:\/\/jamgo.coop\/en\/wp-json\/wp\/v2\/pages"}],"about":[{"href":"https:\/\/jamgo.coop\/en\/wp-json\/wp\/v2\/types\/page"}],"author":[{"embeddable":true,"href":"https:\/\/jamgo.coop\/en\/wp-json\/wp\/v2\/users\/1"}],"replies":[{"embeddable":true,"href":"https:\/\/jamgo.coop\/en\/wp-json\/wp\/v2\/comments?post=1057"}],"version-history":[{"count":1,"href":"https:\/\/jamgo.coop\/en\/wp-json\/wp\/v2\/pages\/1057\/revisions"}],"predecessor-version":[{"id":1444,"href":"https:\/\/jamgo.coop\/en\/wp-json\/wp\/v2\/pages\/1057\/revisions\/1444"}],"wp:featuredmedia":[{"embeddable":true,"href":"https:\/\/jamgo.coop\/en\/wp-json\/wp\/v2\/media\/1345"}],"wp:attachment":[{"href":"https:\/\/jamgo.coop\/en\/wp-json\/wp\/v2\/media?parent=1057"}],"curies":[{"name":"wp","href":"https:\/\/api.w.org\/{rel}","templated":true}]}}