{"id":1054,"date":"2022-01-19T17:19:52","date_gmt":"2022-01-19T17:19:52","guid":{"rendered":"https:\/\/jamgo.coop\/que-es-el-jamgo-backoffice\/"},"modified":"2022-03-04T18:30:12","modified_gmt":"2022-03-04T18:30:12","slug":"que-es-el-jamgo-backoffice","status":"publish","type":"page","link":"https:\/\/jamgo.coop\/en\/que-es-el-jamgo-backoffice\/","title":{"rendered":"Qu\u00e8 \u00e9s el Jamgo backoffice?"},"content":{"rendered":"<p><span style=\"font-weight: 400;\">La gesti\u00f3 de l\u2019organitzaci\u00f3 \u00e9s a les teves mans? El sistema de dades que has fet servir fins ara no et funciona? No \u00e9s \u00e0gil, et fa perdre temps i ni tan sols t\u2019ofereix el que et cal?<\/span><\/p>\n<p><span style=\"font-weight: 400;\">No trobes una soluci\u00f3 adient a les teves necessitats? El Jamgo backoffice serveix per analitzar, protegir i optimitzar les dades i els processos de la teva organitzaci\u00f3. Et constru\u00efm una eina fiable, segura i eficient, ajustada al que realment necessites, per millorar el teu servei. Com ho fem? Estem al teu costat durant tot el proc\u00e9s d&#8217;implantaci\u00f3.<\/span><\/p>\n<p><span style=\"font-weight: 400;\">CARACTER\u00cdSTIQUES DEL JAMGO BACKOFFICE:<\/span><\/p>\n<p><b>F\u00e0cil i intu\u00eftiu.<\/b><span style=\"font-weight: 400;\"> La interf\u00edcie del Jamgo Backoffice est\u00e0 dissenyada perqu\u00e8 sigui f\u00e0cil d\u2019entendre i d\u2019utilitzar. Facilitar una bona experi\u00e8ncia a les persones que l\u2019han de fer servir \u00e9s essencial per a l\u2019\u00e8xit d\u2019un sistema de gesti\u00f3.<\/span><\/p>\n<p><b>Desenvolupament a mida. <\/b><span style=\"font-weight: 400;\">Les teves necessitats reals marcaran el rumb de totes les fases del desenvolupament. Tindr\u00e0s les funcionalitats que necessites per aconseguir els teus objectius, ni m\u00e9s ni menys.<\/span><\/p>\n<p><b>Implementaci\u00f3 \u00e0gil<\/b><span style=\"font-weight: 400;\">. Desenvolupem el teu backoffice a partir d\u2019un framework propi. Aix\u00f2 ens permet reproduir parts del codi i aconseguir una aplicaci\u00f3 definitiva i eficient en menys temps.<\/span><\/p>\n<p><b>Dades sota control.<\/b><span style=\"font-weight: 400;\"> Tindr\u00e0s control absolut de la informaci\u00f3 i els processos clau per a la teva organitzaci\u00f3: gesti\u00f3 de dades mestres, control d\u2019acc\u00e9s, gesti\u00f3 d\u2019usuaris, validaci\u00f3 d\u2019informaci\u00f3, encreuament i visualitzaci\u00f3 de dades&#8230; i tot el que necessitis.<\/span><\/p>\n<p><b>Flexible i escalable. <\/b><span style=\"font-weight: 400;\">El teu backoffice creixer\u00e0 al mateix ritme que la teva organitzaci\u00f3. Quan necessitis ampliar funcionalitats, ho farem de manera \u00e0gil i perfectament integrada.<\/span><\/p>\n<p><b>Acc\u00e9s des de qualsevol lloc.<\/b><span style=\"font-weight: 400;\"> El teu backoffice estar\u00e0 al n\u00favol. Podr\u00e0s accedir-hi des de qualsevol dispositiu en qualsevol moment. Nom\u00e9s necessitar\u00e0s una connexi\u00f3 a internet.<\/span><\/p>\n<p><b>Segur i fiable. <\/b><span style=\"font-weight: 400;\">Gestionar\u00e0s la informaci\u00f3 cr\u00edtica del teu negoci des d\u2019un entorn segur. Jamgo Backoffice protegeix les teves dades a trav\u00e9s d\u2019un estricte control d\u2019acc\u00e9s i c\u00f2pies de seguretat peri\u00f2diques.<\/span><\/p>\n<p><b>Codi lliure i Open Source. <\/b><span style=\"font-weight: 400;\">Jamgo Backoffice est\u00e0 desenvolupat sota els principis del programari lliure: col\u00b7laboraci\u00f3, transpar\u00e8ncia, seguretat, solidaritat i, sobretot, llibertat.<\/span><\/p>\n<p><b>Integraci\u00f3 via API.<\/b><span style=\"font-weight: 400;\"> Tindr\u00e0s un sistema integral i independent. Quan ho necessitis, podr\u00e0s integrar-lo amb altres aplicacions a trav\u00e9s d\u2019API per potenciar el valor de la teva informaci\u00f3.<\/span><\/p>\n<p>&nbsp;<\/p>\n","protected":false},"excerpt":{"rendered":"<p>La gesti\u00f3 de l\u2019organitzaci\u00f3 \u00e9s a les teves mans? El sistema de dades que has fet servir fins ara no et funciona? No \u00e9s \u00e0gil, et fa perdre temps i ni tan sols t\u2019ofereix el que et cal? No trobes una soluci\u00f3 adient a les\u2026<\/p>\n","protected":false},"author":1,"featured_media":0,"parent":0,"menu_order":11,"comment_status":"closed","ping_status":"closed","template":"single-faq.php","meta":{"inline_featured_image":false,"footnotes":""},"acf":[],"yoast_head":"<!-- This site is optimized with the Yoast SEO plugin v21.4 - https:\/\/yoast.com\/wordpress\/plugins\/seo\/ -->\n<title>Qu\u00e8 \u00e9s el Jamgo backoffice? - Jamgo<\/title>\n<meta name=\"robots\" content=\"index, follow, max-snippet:-1, max-image-preview:large, max-video-preview:-1\" \/>\n<link rel=\"canonical\" href=\"https:\/\/jamgo.coop\/en\/que-es-el-jamgo-backoffice\/\" \/>\n<meta property=\"og:locale\" content=\"en_US\" \/>\n<meta property=\"og:type\" content=\"article\" \/>\n<meta property=\"og:title\" content=\"Qu\u00e8 \u00e9s el Jamgo backoffice? - Jamgo\" \/>\n<meta property=\"og:description\" content=\"La gesti\u00f3 de l\u2019organitzaci\u00f3 \u00e9s a les teves mans? El sistema de dades que has fet servir fins ara no et funciona? No \u00e9s \u00e0gil, et fa perdre temps i ni tan sols t\u2019ofereix el que et cal? No trobes una soluci\u00f3 adient a les\u2026\" \/>\n<meta property=\"og:url\" content=\"https:\/\/jamgo.coop\/en\/que-es-el-jamgo-backoffice\/\" \/>\n<meta property=\"og:site_name\" content=\"Jamgo\" \/>\n<meta property=\"article:modified_time\" content=\"2022-03-04T18:30:12+00:00\" \/>\n<meta name=\"twitter:card\" content=\"summary_large_image\" \/>\n<meta name=\"twitter:label1\" content=\"Est. reading time\" \/>\n\t<meta name=\"twitter:data1\" content=\"2 minutes\" \/>\n<script type=\"application\/ld+json\" class=\"yoast-schema-graph\">{\"@context\":\"https:\/\/schema.org\",\"@graph\":[{\"@type\":\"WebPage\",\"@id\":\"https:\/\/jamgo.coop\/en\/que-es-el-jamgo-backoffice\/\",\"url\":\"https:\/\/jamgo.coop\/en\/que-es-el-jamgo-backoffice\/\",\"name\":\"Qu\u00e8 \u00e9s el Jamgo backoffice? - Jamgo\",\"isPartOf\":{\"@id\":\"https:\/\/jamgo.coop\/#website\"},\"datePublished\":\"2022-01-19T17:19:52+00:00\",\"dateModified\":\"2022-03-04T18:30:12+00:00\",\"breadcrumb\":{\"@id\":\"https:\/\/jamgo.coop\/en\/que-es-el-jamgo-backoffice\/#breadcrumb\"},\"inLanguage\":\"en-US\",\"potentialAction\":[{\"@type\":\"ReadAction\",\"target\":[\"https:\/\/jamgo.coop\/en\/que-es-el-jamgo-backoffice\/\"]}]},{\"@type\":\"BreadcrumbList\",\"@id\":\"https:\/\/jamgo.coop\/en\/que-es-el-jamgo-backoffice\/#breadcrumb\",\"itemListElement\":[{\"@type\":\"ListItem\",\"position\":1,\"name\":\"Inici\",\"item\":\"https:\/\/jamgo.coop\/en\/\"},{\"@type\":\"ListItem\",\"position\":2,\"name\":\"Qu\u00e8 \u00e9s el Jamgo backoffice?\"}]},{\"@type\":\"WebSite\",\"@id\":\"https:\/\/jamgo.coop\/#website\",\"url\":\"https:\/\/jamgo.coop\/\",\"name\":\"Jamgo\",\"description\":\"Cooperativa tecnol\u00f3gica - Dise\u00f1amos y desarrollamos entornos web y aplicaciones avanzadas. Trabajamos por una tecnolog\u00eda transformadora y solidaria.\",\"potentialAction\":[{\"@type\":\"SearchAction\",\"target\":{\"@type\":\"EntryPoint\",\"urlTemplate\":\"https:\/\/jamgo.coop\/?s={search_term_string}\"},\"query-input\":\"required name=search_term_string\"}],\"inLanguage\":\"en-US\"}]}<\/script>\n<!-- \/ Yoast SEO plugin. -->","yoast_head_json":{"title":"Qu\u00e8 \u00e9s el Jamgo backoffice? - Jamgo","robots":{"index":"index","follow":"follow","max-snippet":"max-snippet:-1","max-image-preview":"max-image-preview:large","max-video-preview":"max-video-preview:-1"},"canonical":"https:\/\/jamgo.coop\/en\/que-es-el-jamgo-backoffice\/","og_locale":"en_US","og_type":"article","og_title":"Qu\u00e8 \u00e9s el Jamgo backoffice? - Jamgo","og_description":"La gesti\u00f3 de l\u2019organitzaci\u00f3 \u00e9s a les teves mans? El sistema de dades que has fet servir fins ara no et funciona? No \u00e9s \u00e0gil, et fa perdre temps i ni tan sols t\u2019ofereix el que et cal? No trobes una soluci\u00f3 adient a les\u2026","og_url":"https:\/\/jamgo.coop\/en\/que-es-el-jamgo-backoffice\/","og_site_name":"Jamgo","article_modified_time":"2022-03-04T18:30:12+00:00","twitter_card":"summary_large_image","twitter_misc":{"Est. reading time":"2 minutes"},"schema":{"@context":"https:\/\/schema.org","@graph":[{"@type":"WebPage","@id":"https:\/\/jamgo.coop\/en\/que-es-el-jamgo-backoffice\/","url":"https:\/\/jamgo.coop\/en\/que-es-el-jamgo-backoffice\/","name":"Qu\u00e8 \u00e9s el Jamgo backoffice? - Jamgo","isPartOf":{"@id":"https:\/\/jamgo.coop\/#website"},"datePublished":"2022-01-19T17:19:52+00:00","dateModified":"2022-03-04T18:30:12+00:00","breadcrumb":{"@id":"https:\/\/jamgo.coop\/en\/que-es-el-jamgo-backoffice\/#breadcrumb"},"inLanguage":"en-US","potentialAction":[{"@type":"ReadAction","target":["https:\/\/jamgo.coop\/en\/que-es-el-jamgo-backoffice\/"]}]},{"@type":"BreadcrumbList","@id":"https:\/\/jamgo.coop\/en\/que-es-el-jamgo-backoffice\/#breadcrumb","itemListElement":[{"@type":"ListItem","position":1,"name":"Inici","item":"https:\/\/jamgo.coop\/en\/"},{"@type":"ListItem","position":2,"name":"Qu\u00e8 \u00e9s el Jamgo backoffice?"}]},{"@type":"WebSite","@id":"https:\/\/jamgo.coop\/#website","url":"https:\/\/jamgo.coop\/","name":"Jamgo","description":"Cooperativa tecnol\u00f3gica - Dise\u00f1amos y desarrollamos entornos web y aplicaciones avanzadas. Trabajamos por una tecnolog\u00eda transformadora y solidaria.","potentialAction":[{"@type":"SearchAction","target":{"@type":"EntryPoint","urlTemplate":"https:\/\/jamgo.coop\/?s={search_term_string}"},"query-input":"required name=search_term_string"}],"inLanguage":"en-US"}]}},"_links":{"self":[{"href":"https:\/\/jamgo.coop\/en\/wp-json\/wp\/v2\/pages\/1054"}],"collection":[{"href":"https:\/\/jamgo.coop\/en\/wp-json\/wp\/v2\/pages"}],"about":[{"href":"https:\/\/jamgo.coop\/en\/wp-json\/wp\/v2\/types\/page"}],"author":[{"embeddable":true,"href":"https:\/\/jamgo.coop\/en\/wp-json\/wp\/v2\/users\/1"}],"replies":[{"embeddable":true,"href":"https:\/\/jamgo.coop\/en\/wp-json\/wp\/v2\/comments?post=1054"}],"version-history":[{"count":1,"href":"https:\/\/jamgo.coop\/en\/wp-json\/wp\/v2\/pages\/1054\/revisions"}],"predecessor-version":[{"id":1056,"href":"https:\/\/jamgo.coop\/en\/wp-json\/wp\/v2\/pages\/1054\/revisions\/1056"}],"wp:attachment":[{"href":"https:\/\/jamgo.coop\/en\/wp-json\/wp\/v2\/media?parent=1054"}],"curies":[{"name":"wp","href":"https:\/\/api.w.org\/{rel}","templated":true}]}}