{"id":1052,"date":"2022-01-19T17:18:10","date_gmt":"2022-01-19T17:18:10","guid":{"rendered":"https:\/\/jamgo.coop\/tambe-feu-el-disseny-de-les-webs\/"},"modified":"2022-01-19T17:18:10","modified_gmt":"2022-01-19T17:18:10","slug":"tambe-feu-el-disseny-de-les-webs","status":"publish","type":"page","link":"https:\/\/jamgo.coop\/en\/tambe-feu-el-disseny-de-les-webs\/","title":{"rendered":"Tamb\u00e9 feu el disseny de les webs?"},"content":{"rendered":"<p><span style=\"font-weight: 400;\">S\u00ed. Fem el disseny web del teu projecte. Tamb\u00e9 treballem amb clients que ja porten el disseny treballat pr\u00e8viament. Per tant, ens adaptem a les necessitats. \u00c9s la primera vegada que t\u2019apropes al m\u00f3n digital? Partim de zero i t\u2019ajudem a construir la imatge gr\u00e0fica i disseny web. Ja tens la imatge gr\u00e0fica treballada? Fem l\u2019adaptaci\u00f3 a web. El nostre equip compta amb professionals del disseny web i l\u2019usabilitat que t\u2019ajudaran a pensar el teu projecte centrat en l\u2019experi\u00e8ncia de l\u2019usuari, proporcionant-li una navegaci\u00f3 flu\u00efda i intu\u00eftiva.\u00a0<\/span><\/p>\n<p><span style=\"font-weight: 400;\">Com fer perqu\u00e8 un usuari entengui en 1 segon un web amb 10.000 productes? Amb un bon disseny. El disseny ha de servir per pensar com organitzar els continguts d\u2019un site, quina forma tindran els botons d\u2019una app, com aconseguir que un blog sigui clar i llegible. En definitiva, el disseny serveix per fer que els objectes i els productes que ens envolten siguin \u00fatils i funcionals. A Jamgo apliquem les millors pr\u00e0ctiques d\u2019usabilitat perqu\u00e8 l\u2019usuari trobi el que busca de forma r\u00e0pida i senzilla.<\/span><\/p>\n","protected":false},"excerpt":{"rendered":"<p>S\u00ed. Fem el disseny web del teu projecte. Tamb\u00e9 treballem amb clients que ja porten el disseny treballat pr\u00e8viament. Per tant, ens adaptem a les necessitats. \u00c9s la primera vegada que t\u2019apropes al m\u00f3n digital? Partim de zero i t\u2019ajudem a construir la imatge gr\u00e0fica\u2026<\/p>\n","protected":false},"author":1,"featured_media":1303,"parent":0,"menu_order":14,"comment_status":"closed","ping_status":"closed","template":"single-faq.php","meta":{"inline_featured_image":false,"footnotes":""},"acf":[],"yoast_head":"<!-- This site is optimized with the Yoast SEO plugin v21.4 - https:\/\/yoast.com\/wordpress\/plugins\/seo\/ -->\n<title>Tamb\u00e9 feu el disseny de les webs? - Jamgo<\/title>\n<meta name=\"robots\" content=\"index, follow, max-snippet:-1, max-image-preview:large, max-video-preview:-1\" \/>\n<link rel=\"canonical\" href=\"https:\/\/jamgo.coop\/en\/tambe-feu-el-disseny-de-les-webs\/\" \/>\n<meta property=\"og:locale\" content=\"en_US\" \/>\n<meta property=\"og:type\" content=\"article\" \/>\n<meta property=\"og:title\" content=\"Tamb\u00e9 feu el disseny de les webs? - Jamgo\" \/>\n<meta property=\"og:description\" content=\"S\u00ed. Fem el disseny web del teu projecte. Tamb\u00e9 treballem amb clients que ja porten el disseny treballat pr\u00e8viament. Per tant, ens adaptem a les necessitats. \u00c9s la primera vegada que t\u2019apropes al m\u00f3n digital? Partim de zero i t\u2019ajudem a construir la imatge gr\u00e0fica\u2026\" \/>\n<meta property=\"og:url\" content=\"https:\/\/jamgo.coop\/en\/tambe-feu-el-disseny-de-les-webs\/\" \/>\n<meta property=\"og:site_name\" content=\"Jamgo\" \/>\n<meta name=\"twitter:card\" content=\"summary_large_image\" \/>\n<meta name=\"twitter:label1\" content=\"Est. reading time\" \/>\n\t<meta name=\"twitter:data1\" content=\"1 minute\" \/>\n<script type=\"application\/ld+json\" class=\"yoast-schema-graph\">{\"@context\":\"https:\/\/schema.org\",\"@graph\":[{\"@type\":\"WebPage\",\"@id\":\"https:\/\/jamgo.coop\/en\/tambe-feu-el-disseny-de-les-webs\/\",\"url\":\"https:\/\/jamgo.coop\/en\/tambe-feu-el-disseny-de-les-webs\/\",\"name\":\"Tamb\u00e9 feu el disseny de les webs? - Jamgo\",\"isPartOf\":{\"@id\":\"https:\/\/jamgo.coop\/#website\"},\"datePublished\":\"2022-01-19T17:18:10+00:00\",\"dateModified\":\"2022-01-19T17:18:10+00:00\",\"breadcrumb\":{\"@id\":\"https:\/\/jamgo.coop\/en\/tambe-feu-el-disseny-de-les-webs\/#breadcrumb\"},\"inLanguage\":\"en-US\",\"potentialAction\":[{\"@type\":\"ReadAction\",\"target\":[\"https:\/\/jamgo.coop\/en\/tambe-feu-el-disseny-de-les-webs\/\"]}]},{\"@type\":\"BreadcrumbList\",\"@id\":\"https:\/\/jamgo.coop\/en\/tambe-feu-el-disseny-de-les-webs\/#breadcrumb\",\"itemListElement\":[{\"@type\":\"ListItem\",\"position\":1,\"name\":\"Inici\",\"item\":\"https:\/\/jamgo.coop\/en\/\"},{\"@type\":\"ListItem\",\"position\":2,\"name\":\"Tamb\u00e9 feu el disseny de les webs?\"}]},{\"@type\":\"WebSite\",\"@id\":\"https:\/\/jamgo.coop\/#website\",\"url\":\"https:\/\/jamgo.coop\/\",\"name\":\"Jamgo\",\"description\":\"Cooperativa tecnol\u00f3gica - Dise\u00f1amos y desarrollamos entornos web y aplicaciones avanzadas. Trabajamos por una tecnolog\u00eda transformadora y solidaria.\",\"potentialAction\":[{\"@type\":\"SearchAction\",\"target\":{\"@type\":\"EntryPoint\",\"urlTemplate\":\"https:\/\/jamgo.coop\/?s={search_term_string}\"},\"query-input\":\"required name=search_term_string\"}],\"inLanguage\":\"en-US\"}]}<\/script>\n<!-- \/ Yoast SEO plugin. -->","yoast_head_json":{"title":"Tamb\u00e9 feu el disseny de les webs? - Jamgo","robots":{"index":"index","follow":"follow","max-snippet":"max-snippet:-1","max-image-preview":"max-image-preview:large","max-video-preview":"max-video-preview:-1"},"canonical":"https:\/\/jamgo.coop\/en\/tambe-feu-el-disseny-de-les-webs\/","og_locale":"en_US","og_type":"article","og_title":"Tamb\u00e9 feu el disseny de les webs? - Jamgo","og_description":"S\u00ed. Fem el disseny web del teu projecte. Tamb\u00e9 treballem amb clients que ja porten el disseny treballat pr\u00e8viament. Per tant, ens adaptem a les necessitats. \u00c9s la primera vegada que t\u2019apropes al m\u00f3n digital? Partim de zero i t\u2019ajudem a construir la imatge gr\u00e0fica\u2026","og_url":"https:\/\/jamgo.coop\/en\/tambe-feu-el-disseny-de-les-webs\/","og_site_name":"Jamgo","twitter_card":"summary_large_image","twitter_misc":{"Est. reading time":"1 minute"},"schema":{"@context":"https:\/\/schema.org","@graph":[{"@type":"WebPage","@id":"https:\/\/jamgo.coop\/en\/tambe-feu-el-disseny-de-les-webs\/","url":"https:\/\/jamgo.coop\/en\/tambe-feu-el-disseny-de-les-webs\/","name":"Tamb\u00e9 feu el disseny de les webs? - Jamgo","isPartOf":{"@id":"https:\/\/jamgo.coop\/#website"},"datePublished":"2022-01-19T17:18:10+00:00","dateModified":"2022-01-19T17:18:10+00:00","breadcrumb":{"@id":"https:\/\/jamgo.coop\/en\/tambe-feu-el-disseny-de-les-webs\/#breadcrumb"},"inLanguage":"en-US","potentialAction":[{"@type":"ReadAction","target":["https:\/\/jamgo.coop\/en\/tambe-feu-el-disseny-de-les-webs\/"]}]},{"@type":"BreadcrumbList","@id":"https:\/\/jamgo.coop\/en\/tambe-feu-el-disseny-de-les-webs\/#breadcrumb","itemListElement":[{"@type":"ListItem","position":1,"name":"Inici","item":"https:\/\/jamgo.coop\/en\/"},{"@type":"ListItem","position":2,"name":"Tamb\u00e9 feu el disseny de les webs?"}]},{"@type":"WebSite","@id":"https:\/\/jamgo.coop\/#website","url":"https:\/\/jamgo.coop\/","name":"Jamgo","description":"Cooperativa tecnol\u00f3gica - Dise\u00f1amos y desarrollamos entornos web y aplicaciones avanzadas. Trabajamos por una tecnolog\u00eda transformadora y solidaria.","potentialAction":[{"@type":"SearchAction","target":{"@type":"EntryPoint","urlTemplate":"https:\/\/jamgo.coop\/?s={search_term_string}"},"query-input":"required name=search_term_string"}],"inLanguage":"en-US"}]}},"_links":{"self":[{"href":"https:\/\/jamgo.coop\/en\/wp-json\/wp\/v2\/pages\/1052"}],"collection":[{"href":"https:\/\/jamgo.coop\/en\/wp-json\/wp\/v2\/pages"}],"about":[{"href":"https:\/\/jamgo.coop\/en\/wp-json\/wp\/v2\/types\/page"}],"author":[{"embeddable":true,"href":"https:\/\/jamgo.coop\/en\/wp-json\/wp\/v2\/users\/1"}],"replies":[{"embeddable":true,"href":"https:\/\/jamgo.coop\/en\/wp-json\/wp\/v2\/comments?post=1052"}],"version-history":[{"count":0,"href":"https:\/\/jamgo.coop\/en\/wp-json\/wp\/v2\/pages\/1052\/revisions"}],"wp:featuredmedia":[{"embeddable":true,"href":"https:\/\/jamgo.coop\/en\/wp-json\/wp\/v2\/media\/1303"}],"wp:attachment":[{"href":"https:\/\/jamgo.coop\/en\/wp-json\/wp\/v2\/media?parent=1052"}],"curies":[{"name":"wp","href":"https:\/\/api.w.org\/{rel}","templated":true}]}}